{"id":1172,"date":"2025-08-05T09:38:55","date_gmt":"2025-08-05T09:38:55","guid":{"rendered":"https:\/\/stagging-site-test-wordpress.rz.mup-digital.com\/?page_id=1172"},"modified":"2025-09-22T03:21:58","modified_gmt":"2025-09-22T03:21:58","slug":"hydrogeologie","status":"publish","type":"page","link":"https:\/\/icp-geologen.de\/en\/hydrogeologie\/","title":{"rendered":"Hydrogeology"},"content":{"rendered":"<div data-elementor-type=\"wp-page\" data-elementor-id=\"1172\" class=\"elementor elementor-1172\" data-elementor-post-type=\"page\">\n\t\t\t\t<div class=\"elementor-element elementor-element-82e925e e-flex e-con-boxed e-con e-parent\" data-id=\"82e925e\" data-element_type=\"container\" data-settings=\"{&quot;background_background&quot;:&quot;video&quot;,&quot;background_video_link&quot;:&quot;https:\\\/\\\/stagging-site-test-wordpress.rz.mup-digital.com\\\/wp-content\\\/uploads\\\/2025\\\/08\\\/hydrogeologie-images-1.mp4&quot;,&quot;background_privacy_mode&quot;:&quot;yes&quot;,&quot;ekit_has_onepagescroll_dot&quot;:&quot;yes&quot;}\">\n\t\t\t\t\t<div class=\"e-con-inner\">\n\t\t<div class=\"elementor-background-video-container elementor-hidden-mobile\" aria-hidden=\"true\">\n\t\t\t\t\t\t\t<video class=\"elementor-background-video-hosted\" autoplay muted playsinline loop><\/video>\n\t\t\t\t\t<\/div>\t\t<div class=\"elementor-element elementor-element-1922fea elementor-widget elementor-widget-heading\" data-id=\"1922fea\" data-element_type=\"widget\" data-settings=\"{&quot;ekit_we_effect_on&quot;:&quot;none&quot;}\" data-widget_type=\"heading.default\">\n\t\t\t\t<div class=\"elementor-widget-container\">\n\t\t\t\t\t<h4 class=\"elementor-heading-title elementor-size-default\">Engineering for a better tomorrow<\/h4>\t\t\t\t<\/div>\n\t\t\t\t<\/div>\n\t\t\t\t<div class=\"elementor-element elementor-element-496d11a elementor-widget elementor-widget-heading\" data-id=\"496d11a\" data-element_type=\"widget\" data-settings=\"{&quot;ekit_we_effect_on&quot;:&quot;none&quot;}\" data-widget_type=\"heading.default\">\n\t\t\t\t<div class=\"elementor-widget-container\">\n\t\t\t\t\t<h1 class=\"elementor-heading-title elementor-size-default\">Hydrogeology<\/h1>\t\t\t\t<\/div>\n\t\t\t\t<\/div>\n\t\t\t\t\t<\/div>\n\t\t\t\t<\/div>\n\t\t<div class=\"elementor-element elementor-element-70421f0 e-flex e-con-boxed e-con e-parent\" data-id=\"70421f0\" data-element_type=\"container\" data-settings=\"{&quot;background_background&quot;:&quot;classic&quot;,&quot;ekit_has_onepagescroll_dot&quot;:&quot;yes&quot;}\">\n\t\t\t\t\t<div class=\"e-con-inner\">\n\t\t\t\t<div class=\"elementor-element elementor-element-5e181ca elementor-widget elementor-widget-heading\" data-id=\"5e181ca\" data-element_type=\"widget\" data-settings=\"{&quot;ekit_we_effect_on&quot;:&quot;none&quot;}\" data-widget_type=\"heading.default\">\n\t\t\t\t<div class=\"elementor-widget-container\">\n\t\t\t\t\t<h2 class=\"elementor-heading-title elementor-size-default\">Hydrogeology as a Planning Tool: Efficient Methods for Safe and Environmentally Sound Projects<\/h2>\t\t\t\t<\/div>\n\t\t\t\t<\/div>\n\t\t\t\t<div class=\"elementor-element elementor-element-c7f6381 e-n-tabs-mobile elementor-widget elementor-widget-n-tabs\" data-id=\"c7f6381\" data-element_type=\"widget\" data-settings=\"{&quot;tabs_justify_horizontal&quot;:&quot;center&quot;,&quot;horizontal_scroll&quot;:&quot;disable&quot;,&quot;ekit_we_effect_on&quot;:&quot;none&quot;}\" data-widget_type=\"nested-tabs.default\">\n\t\t\t\t<div class=\"elementor-widget-container\">\n\t\t\t\t\t\t\t<div class=\"e-n-tabs\" data-widget-number=\"209675137\" aria-label=\"Onglets. Ouvrez des \u00e9l\u00e9ments avec Entrer ou Espace, fermez-les avec Echape et naviguez \u00e0 l&#039;aide des touches fl\u00e9ch\u00e9es.\" data-no-translation-aria-label=\"\">\n\t\t\t<div class=\"e-n-tabs-heading\" role=\"tablist\">\n\t\t\t\t\t<button id=\"e-n-tab-title-2096751371\" data-tab-title-id=\"e-n-tab-title-2096751371\" class=\"e-n-tab-title\" aria-selected=\"true\" data-tab-index=\"1\" role=\"tab\" tabindex=\"0\" aria-controls=\"e-n-tab-content-2096751371\" style=\"--n-tabs-title-order: 1;\">\n\t\t\t\t\t\t<span class=\"e-n-tab-title-text\">\n\t\t\t\tKey Hydrogeological Services\t\t\t<\/span>\n\t\t<\/button>\n\t\t\t\t<button id=\"e-n-tab-title-2096751372\" data-tab-title-id=\"e-n-tab-title-2096751372\" class=\"e-n-tab-title\" aria-selected=\"false\" data-tab-index=\"2\" role=\"tab\" tabindex=\"-1\" aria-controls=\"e-n-tab-content-2096751372\" style=\"--n-tabs-title-order: 2;\">\n\t\t\t\t\t\t<span class=\"e-n-tab-title-text\">\n\t\t\t\tGroundwater Measurements and Testing\t\t\t<\/span>\n\t\t<\/button>\n\t\t\t\t<button id=\"e-n-tab-title-2096751373\" data-tab-title-id=\"e-n-tab-title-2096751373\" class=\"e-n-tab-title\" aria-selected=\"false\" data-tab-index=\"3\" role=\"tab\" tabindex=\"-1\" aria-controls=\"e-n-tab-content-2096751373\" style=\"--n-tabs-title-order: 3;\">\n\t\t\t\t\t\t<span class=\"e-n-tab-title-text\">\n\t\t\t\tApplication and Regulatory Compliance\t\t\t<\/span>\n\t\t<\/button>\n\t\t\t\t\t<\/div>\n\t\t\t<div class=\"e-n-tabs-content\">\n\t\t\t\t<div id=\"e-n-tab-content-2096751371\" role=\"tabpanel\" aria-labelledby=\"e-n-tab-title-2096751371\" data-tab-index=\"1\" style=\"--n-tabs-title-order: 1;\" class=\"e-active elementor-element elementor-element-7e2726d e-con-full e-flex e-con e-child\" data-id=\"7e2726d\" data-element_type=\"container\" data-settings=\"{&quot;ekit_has_onepagescroll_dot&quot;:&quot;yes&quot;}\">\n\t\t\t\t<div class=\"elementor-element elementor-element-7d873da elementor-widget elementor-widget-image\" data-id=\"7d873da\" data-element_type=\"widget\" data-settings=\"{&quot;ekit_we_effect_on&quot;:&quot;none&quot;}\" data-widget_type=\"image.default\">\n\t\t\t\t<div class=\"elementor-widget-container\">\n\t\t\t\t\t\t\t\t\t\t\t\t\t\t\t<img fetchpriority=\"high\" decoding=\"async\" width=\"800\" height=\"534\" src=\"https:\/\/icp-geologen.de\/wp-content\/uploads\/2025\/08\/hydrogeologie-images-3.jpg\" class=\"attachment-large size-large wp-image-1182\" alt=\"\" srcset=\"https:\/\/icp-geologen.de\/wp-content\/uploads\/2025\/08\/hydrogeologie-images-3.jpg 1000w, https:\/\/icp-geologen.de\/wp-content\/uploads\/2025\/08\/hydrogeologie-images-3-300x200.jpg 300w, https:\/\/icp-geologen.de\/wp-content\/uploads\/2025\/08\/hydrogeologie-images-3-768x512.jpg 768w, https:\/\/icp-geologen.de\/wp-content\/uploads\/2025\/08\/hydrogeologie-images-3-18x12.jpg 18w\" sizes=\"(max-width: 800px) 100vw, 800px\" \/>\t\t\t\t\t\t\t\t\t\t\t\t\t\t\t<\/div>\n\t\t\t\t<\/div>\n\t\t\t\t<div class=\"elementor-element elementor-element-0762380 para-color elementor-widget elementor-widget-text-editor\" data-id=\"0762380\" data-element_type=\"widget\" data-settings=\"{&quot;ekit_we_effect_on&quot;:&quot;none&quot;}\" data-widget_type=\"text-editor.default\">\n\t\t\t\t<div class=\"elementor-widget-container\">\n\t\t\t\t\t\t\t\t\t<p>Our hydrogeological services are designed to address a wide array of environmental and geotechnical needs:<\/p><ul><li><strong>Identification of Watersheds<\/strong> :  Mapping and assessing watershed areas to understand groundwater flow and its environmental implications<\/li><li><strong>Hydraulic Parameter Determination<\/strong> : Measuring and analyzing key parameters like permeability and groundwater flow rates<\/li><li><strong>Schutzgebiets-Vorschl\u00e4ge f\u00fcr Trinkwasser:<\/strong> : Offering expert recommendations on areas to protect drinking water sources from contamination<\/li><li><strong>Hydrogeological Reports<\/strong> : Comprehensive reports that provide detailed analysis of groundwater conditions, tailored to project requirements<\/li><li><strong>Planning and Dimensioning of Dewatering Measures<\/strong> : Designing and sizing dewatering systems to manage groundwater during construction projects<\/li><li><strong>Groundwater Development and Monitoring<\/strong> : Developing strategies for sustainable groundwater use and continuous monitoring to ensure its safe extraction<\/li><\/ul>\t\t\t\t\t\t\t\t<\/div>\n\t\t\t\t<\/div>\n\t\t\t\t<\/div>\n\t\t<div id=\"e-n-tab-content-2096751372\" role=\"tabpanel\" aria-labelledby=\"e-n-tab-title-2096751372\" data-tab-index=\"2\" style=\"--n-tabs-title-order: 2;\" class=\"elementor-element elementor-element-4a5421e e-con-full e-flex e-con e-child\" data-id=\"4a5421e\" data-element_type=\"container\" data-settings=\"{&quot;ekit_has_onepagescroll_dot&quot;:&quot;yes&quot;}\">\n\t\t\t\t<div class=\"elementor-element elementor-element-ad9154f elementor-widget elementor-widget-image\" data-id=\"ad9154f\" data-element_type=\"widget\" data-settings=\"{&quot;ekit_we_effect_on&quot;:&quot;none&quot;}\" data-widget_type=\"image.default\">\n\t\t\t\t<div class=\"elementor-widget-container\">\n\t\t\t\t\t\t\t\t\t\t\t\t\t\t\t<img decoding=\"async\" width=\"800\" height=\"534\" data-src=\"https:\/\/icp-geologen.de\/wp-content\/uploads\/2025\/08\/hydrogeologie-images-2.jpg\" class=\"attachment-large size-large wp-image-1181 lazyload\" alt=\"\" data-srcset=\"https:\/\/icp-geologen.de\/wp-content\/uploads\/2025\/08\/hydrogeologie-images-2.jpg 1000w, https:\/\/icp-geologen.de\/wp-content\/uploads\/2025\/08\/hydrogeologie-images-2-300x200.jpg 300w, https:\/\/icp-geologen.de\/wp-content\/uploads\/2025\/08\/hydrogeologie-images-2-768x512.jpg 768w, https:\/\/icp-geologen.de\/wp-content\/uploads\/2025\/08\/hydrogeologie-images-2-18x12.jpg 18w\" data-sizes=\"(max-width: 800px) 100vw, 800px\" src=\"data:image\/gif;base64,R0lGODlhAQABAAAAACH5BAEKAAEALAAAAAABAAEAAAICTAEAOw==\" style=\"--smush-placeholder-width: 800px; --smush-placeholder-aspect-ratio: 800\/534;\" \/><noscript><img decoding=\"async\" width=\"800\" height=\"534\" src=\"https:\/\/icp-geologen.de\/wp-content\/uploads\/2025\/08\/hydrogeologie-images-2.jpg\" class=\"attachment-large size-large wp-image-1181\" alt=\"\" srcset=\"https:\/\/icp-geologen.de\/wp-content\/uploads\/2025\/08\/hydrogeologie-images-2.jpg 1000w, https:\/\/icp-geologen.de\/wp-content\/uploads\/2025\/08\/hydrogeologie-images-2-300x200.jpg 300w, https:\/\/icp-geologen.de\/wp-content\/uploads\/2025\/08\/hydrogeologie-images-2-768x512.jpg 768w, https:\/\/icp-geologen.de\/wp-content\/uploads\/2025\/08\/hydrogeologie-images-2-18x12.jpg 18w\" sizes=\"(max-width: 800px) 100vw, 800px\" \/><\/noscript>\t\t\t\t\t\t\t\t\t\t\t\t\t\t\t<\/div>\n\t\t\t\t<\/div>\n\t\t\t\t<div class=\"elementor-element elementor-element-b9a0b50 para-color elementor-widget elementor-widget-text-editor\" data-id=\"b9a0b50\" data-element_type=\"widget\" data-settings=\"{&quot;ekit_we_effect_on&quot;:&quot;none&quot;}\" data-widget_type=\"text-editor.default\">\n\t\t\t\t<div class=\"elementor-widget-container\">\n\t\t\t\t\t\t\t\t\t<p>Our experts conduct accurate measurements and testing that are essential to ensure the effective management of groundwater resources:<\/p><ul><li><strong>Establishment and Sampling of Groundwater Measuring Points<\/strong> : Installing monitoring points and conducting regular sampling to track groundwater quality and levels<\/li><li><strong>Infiltration Assessment<\/strong> : Evaluating the soil for its ability to handle rainwater infiltration, particularly for non-harmfully contaminated runoff<\/li><li><strong>Tracer\/Marking Tests<\/strong> : Using tracer tests to track the movement of water in the subsurface, providing insights into flow patterns and groundwater behavior<\/li><\/ul>\t\t\t\t\t\t\t\t<\/div>\n\t\t\t\t<\/div>\n\t\t\t\t<\/div>\n\t\t<div id=\"e-n-tab-content-2096751373\" role=\"tabpanel\" aria-labelledby=\"e-n-tab-title-2096751373\" data-tab-index=\"3\" style=\"--n-tabs-title-order: 3;\" class=\"elementor-element elementor-element-c032d7e e-con-full e-flex e-con e-child\" data-id=\"c032d7e\" data-element_type=\"container\" data-settings=\"{&quot;ekit_has_onepagescroll_dot&quot;:&quot;yes&quot;}\">\n\t\t\t\t<div class=\"elementor-element elementor-element-82e05d2 elementor-widget elementor-widget-image\" data-id=\"82e05d2\" data-element_type=\"widget\" data-settings=\"{&quot;ekit_we_effect_on&quot;:&quot;none&quot;}\" data-widget_type=\"image.default\">\n\t\t\t\t<div class=\"elementor-widget-container\">\n\t\t\t\t\t\t\t\t\t\t\t\t\t\t\t<img decoding=\"async\" width=\"800\" height=\"534\" data-src=\"https:\/\/icp-geologen.de\/wp-content\/uploads\/2025\/08\/hydrogeologie-images-1.jpg\" class=\"attachment-large size-large wp-image-1180 lazyload\" alt=\"\" data-srcset=\"https:\/\/icp-geologen.de\/wp-content\/uploads\/2025\/08\/hydrogeologie-images-1.jpg 1000w, https:\/\/icp-geologen.de\/wp-content\/uploads\/2025\/08\/hydrogeologie-images-1-300x200.jpg 300w, https:\/\/icp-geologen.de\/wp-content\/uploads\/2025\/08\/hydrogeologie-images-1-768x512.jpg 768w, https:\/\/icp-geologen.de\/wp-content\/uploads\/2025\/08\/hydrogeologie-images-1-18x12.jpg 18w\" data-sizes=\"(max-width: 800px) 100vw, 800px\" src=\"data:image\/gif;base64,R0lGODlhAQABAAAAACH5BAEKAAEALAAAAAABAAEAAAICTAEAOw==\" style=\"--smush-placeholder-width: 800px; --smush-placeholder-aspect-ratio: 800\/534;\" \/><noscript><img decoding=\"async\" width=\"800\" height=\"534\" src=\"https:\/\/icp-geologen.de\/wp-content\/uploads\/2025\/08\/hydrogeologie-images-1.jpg\" class=\"attachment-large size-large wp-image-1180\" alt=\"\" srcset=\"https:\/\/icp-geologen.de\/wp-content\/uploads\/2025\/08\/hydrogeologie-images-1.jpg 1000w, https:\/\/icp-geologen.de\/wp-content\/uploads\/2025\/08\/hydrogeologie-images-1-300x200.jpg 300w, https:\/\/icp-geologen.de\/wp-content\/uploads\/2025\/08\/hydrogeologie-images-1-768x512.jpg 768w, https:\/\/icp-geologen.de\/wp-content\/uploads\/2025\/08\/hydrogeologie-images-1-18x12.jpg 18w\" sizes=\"(max-width: 800px) 100vw, 800px\" \/><\/noscript>\t\t\t\t\t\t\t\t\t\t\t\t\t\t\t<\/div>\n\t\t\t\t<\/div>\n\t\t\t\t<div class=\"elementor-element elementor-element-d3176e6 para-color elementor-widget elementor-widget-text-editor\" data-id=\"d3176e6\" data-element_type=\"widget\" data-settings=\"{&quot;ekit_we_effect_on&quot;:&quot;none&quot;}\" data-widget_type=\"text-editor.default\">\n\t\t\t\t<div class=\"elementor-widget-container\">\n\t\t\t\t\t\t\t\t\t<p>Our hydrogeological services also include support for regulatory compliance and planning: <strong>Genehmigungsverfahren<\/strong> und regulatorischer Konformit\u00e4t:<\/p><ul><li><strong>Preparation of Application Documents under Water Law<\/strong> : Ensuring compliance with local and national water regulations by preparing the necessary application documents for approval<\/li><li><strong>Groundwater Monitoring Plans<\/strong> : Developing plans to ensure ongoing compliance with environmental standards and monitoring groundwater levels over time<\/li><\/ul>\t\t\t\t\t\t\t\t<\/div>\n\t\t\t\t<\/div>\n\t\t\t\t<\/div>\n\t\t\t\t\t<\/div>\n\t\t<\/div>\n\t\t\t\t\t\t<\/div>\n\t\t\t\t<\/div>\n\t\t\t\t\t<\/div>\n\t\t\t\t<\/div>\n\t\t<div class=\"elementor-element elementor-element-cb8cb35 e-flex e-con-boxed e-con e-parent\" data-id=\"cb8cb35\" data-element_type=\"container\" data-settings=\"{&quot;ekit_has_onepagescroll_dot&quot;:&quot;yes&quot;}\">\n\t\t\t\t\t<div class=\"e-con-inner\">\n\t\t<div class=\"elementor-element elementor-element-b70aa69 e-con-full e-flex e-con e-child\" data-id=\"b70aa69\" data-element_type=\"container\" data-settings=\"{&quot;ekit_has_onepagescroll_dot&quot;:&quot;yes&quot;}\">\n\t\t<div class=\"elementor-element elementor-element-926619d e-con-full e-flex e-con e-child\" data-id=\"926619d\" data-element_type=\"container\" data-settings=\"{&quot;ekit_has_onepagescroll_dot&quot;:&quot;yes&quot;}\">\n\t\t\t\t<div class=\"elementor-element elementor-element-ddbea1f elementor-widget elementor-widget-heading\" data-id=\"ddbea1f\" data-element_type=\"widget\" data-settings=\"{&quot;ekit_we_effect_on&quot;:&quot;none&quot;}\" data-widget_type=\"heading.default\">\n\t\t\t\t<div class=\"elementor-widget-container\">\n\t\t\t\t\t<h4 class=\"elementor-heading-title elementor-size-default\">ICP INGENIEURE GmbH<\/h4>\t\t\t\t<\/div>\n\t\t\t\t<\/div>\n\t\t\t\t<div class=\"elementor-element elementor-element-6e27884 elementor-widget elementor-widget-heading\" data-id=\"6e27884\" data-element_type=\"widget\" data-settings=\"{&quot;ekit_we_effect_on&quot;:&quot;none&quot;}\" data-widget_type=\"heading.default\">\n\t\t\t\t<div class=\"elementor-widget-container\">\n\t\t\t\t\t<h2 class=\"elementor-heading-title elementor-size-default\">Hydrogeology<\/h2>\t\t\t\t<\/div>\n\t\t\t\t<\/div>\n\t\t\t\t<div class=\"elementor-element elementor-element-666ac3a para-color elementor-widget elementor-widget-text-editor\" data-id=\"666ac3a\" data-element_type=\"widget\" data-settings=\"{&quot;ekit_we_effect_on&quot;:&quot;none&quot;}\" data-widget_type=\"text-editor.default\">\n\t\t\t\t<div class=\"elementor-widget-container\">\n\t\t\t\t\t\t\t\t\t<p>Hydrogeology is the study of groundwater movement and distribution, essential for managing aquifers, preventing contamination, and designing sustainable water systems.<\/p><p class=\"translation-block\">Groundwater is a vital environmental asset, playing a key role in water supply and environmental protection. In the field of geotechnics, understanding groundwater conditions is crucial for successful project planning and implementation.<\/p><p>ICP offers comprehensive hydrogeological investigations to support effective water management and environmental protection. Our services cover a wide range of activities, from assessing soil infiltration suitability to groundwater monitoring and the planning of construction water drainage.<\/p><h5><strong>Additional Considerations for Hydrogeological Investigations<\/strong><\/h5><p class=\"translation-block\">Choosing the most suitable hydrogeological method is guided by several key principles to ensure effective groundwater management and protection:<\/p><ul><li>Providing meaningful insights into groundwater conditions to support informed decision-making on water use and protection<\/li><li>Ensuring cost-effectiveness by selecting methods that optimize the assessment process and deliver the most value for the project<\/li><li>Timely and precise execution to avoid delays and ensure that groundwater monitoring is conducted within required timeframes<\/li><li>Maintaining environmental sensitivity to protect local ecosystems and ensure that groundwater resources are managed sustainably<\/li><\/ul><p class=\"translation-block\"><br>These principles ensure that each hydrogeological investigation is accurate, actionable, and aligned with the project\u2019s environmental and regulatory needs.<\/p>\t\t\t\t\t\t\t\t<\/div>\n\t\t\t\t<\/div>\n\t\t\t\t<\/div>\n\t\t<div class=\"elementor-element elementor-element-0310b0c e-con-full e-flex e-con e-child\" data-id=\"0310b0c\" data-element_type=\"container\" data-settings=\"{&quot;ekit_has_onepagescroll_dot&quot;:&quot;yes&quot;}\">\n\t\t\t\t<div class=\"elementor-element elementor-element-b955e57 elementor-widget elementor-widget-image\" data-id=\"b955e57\" data-element_type=\"widget\" data-settings=\"{&quot;ekit_we_effect_on&quot;:&quot;none&quot;}\" data-widget_type=\"image.default\">\n\t\t\t\t<div class=\"elementor-widget-container\">\n\t\t\t\t\t\t\t\t\t\t\t\t\t\t\t<img loading=\"lazy\" decoding=\"async\" width=\"800\" height=\"534\" data-src=\"https:\/\/icp-geologen.de\/wp-content\/uploads\/2025\/08\/hydrogeologie-images-4.jpg\" class=\"attachment-large size-large wp-image-1183 lazyload\" alt=\"\" data-srcset=\"https:\/\/icp-geologen.de\/wp-content\/uploads\/2025\/08\/hydrogeologie-images-4.jpg 1000w, https:\/\/icp-geologen.de\/wp-content\/uploads\/2025\/08\/hydrogeologie-images-4-300x200.jpg 300w, https:\/\/icp-geologen.de\/wp-content\/uploads\/2025\/08\/hydrogeologie-images-4-768x512.jpg 768w, https:\/\/icp-geologen.de\/wp-content\/uploads\/2025\/08\/hydrogeologie-images-4-18x12.jpg 18w\" data-sizes=\"(max-width: 800px) 100vw, 800px\" src=\"data:image\/gif;base64,R0lGODlhAQABAAAAACH5BAEKAAEALAAAAAABAAEAAAICTAEAOw==\" style=\"--smush-placeholder-width: 800px; --smush-placeholder-aspect-ratio: 800\/534;\" \/><noscript><img loading=\"lazy\" decoding=\"async\" width=\"800\" height=\"534\" src=\"https:\/\/icp-geologen.de\/wp-content\/uploads\/2025\/08\/hydrogeologie-images-4.jpg\" class=\"attachment-large size-large wp-image-1183\" alt=\"\" srcset=\"https:\/\/icp-geologen.de\/wp-content\/uploads\/2025\/08\/hydrogeologie-images-4.jpg 1000w, https:\/\/icp-geologen.de\/wp-content\/uploads\/2025\/08\/hydrogeologie-images-4-300x200.jpg 300w, https:\/\/icp-geologen.de\/wp-content\/uploads\/2025\/08\/hydrogeologie-images-4-768x512.jpg 768w, https:\/\/icp-geologen.de\/wp-content\/uploads\/2025\/08\/hydrogeologie-images-4-18x12.jpg 18w\" sizes=\"(max-width: 800px) 100vw, 800px\" \/><\/noscript>\t\t\t\t\t\t\t\t\t\t\t\t\t\t\t<\/div>\n\t\t\t\t<\/div>\n\t\t\t\t<\/div>\n\t\t\t\t<\/div>\n\t\t\t\t\t<\/div>\n\t\t\t\t<\/div>\n\t\t\t\t<\/div>","protected":false},"excerpt":{"rendered":"<p>Engineering for a better tomorrow Hydrogeologie Hydrogeologie als Planungsinstrument: Effiziente Methoden f\u00fcr sichere und umweltgerechte Projekte Zentrale hydrogeologische Leistungen Grundwassermessungen und -untersuchungen Antragsverfahren und beh\u00f6rdliche Genehmigungen Unsere hydrogeologischen Leistungen sind darauf ausgerichtet, ein breites Spektrum an umwelt- und geotechnischen Anforderungen abzudecken: Einzugsgebietsermittlung: Kartierung und Bewertung von Einzugsgebieten zur Analyse von Grundwasserfl\u00fcssen und deren Auswirkungen auf [&hellip;]<\/p>","protected":false},"author":2,"featured_media":0,"parent":0,"menu_order":0,"comment_status":"closed","ping_status":"closed","template":"elementor_header_footer","meta":{"footnotes":""},"class_list":["post-1172","page","type-page","status-publish","hentry"],"_links":{"self":[{"href":"https:\/\/icp-geologen.de\/en\/wp-json\/wp\/v2\/pages\/1172","targetHints":{"allow":["GET"]}}],"collection":[{"href":"https:\/\/icp-geologen.de\/en\/wp-json\/wp\/v2\/pages"}],"about":[{"href":"https:\/\/icp-geologen.de\/en\/wp-json\/wp\/v2\/types\/page"}],"author":[{"embeddable":true,"href":"https:\/\/icp-geologen.de\/en\/wp-json\/wp\/v2\/users\/2"}],"replies":[{"embeddable":true,"href":"https:\/\/icp-geologen.de\/en\/wp-json\/wp\/v2\/comments?post=1172"}],"version-history":[{"count":34,"href":"https:\/\/icp-geologen.de\/en\/wp-json\/wp\/v2\/pages\/1172\/revisions"}],"predecessor-version":[{"id":1977,"href":"https:\/\/icp-geologen.de\/en\/wp-json\/wp\/v2\/pages\/1172\/revisions\/1977"}],"wp:attachment":[{"href":"https:\/\/icp-geologen.de\/en\/wp-json\/wp\/v2\/media?parent=1172"}],"curies":[{"name":"wp","href":"https:\/\/api.w.org\/{rel}","templated":true}]}}