{"id":1368,"date":"2025-08-07T04:50:12","date_gmt":"2025-08-07T04:50:12","guid":{"rendered":"https:\/\/stagging-site-test-wordpress.rz.mup-digital.com\/?page_id=1368"},"modified":"2025-09-22T03:22:30","modified_gmt":"2025-09-22T03:22:30","slug":"bodenmechanik","status":"publish","type":"page","link":"https:\/\/icp-geologen.de\/en\/bodenmechanik\/","title":{"rendered":"Soil Mechanics"},"content":{"rendered":"<div data-elementor-type=\"wp-page\" data-elementor-id=\"1368\" class=\"elementor elementor-1368\" data-elementor-post-type=\"page\">\n\t\t\t\t<div class=\"elementor-element elementor-element-82e925e e-flex e-con-boxed e-con e-parent\" data-id=\"82e925e\" data-element_type=\"container\" data-settings=\"{&quot;background_background&quot;:&quot;video&quot;,&quot;background_video_link&quot;:&quot;https:\\\/\\\/stagging-site-test-wordpress.rz.mup-digital.com\\\/wp-content\\\/uploads\\\/2025\\\/08\\\/soil-mechanics-images-1.mp4&quot;,&quot;background_privacy_mode&quot;:&quot;yes&quot;,&quot;ekit_has_onepagescroll_dot&quot;:&quot;yes&quot;}\">\n\t\t\t\t\t<div class=\"e-con-inner\">\n\t\t<div class=\"elementor-background-video-container elementor-hidden-mobile\" aria-hidden=\"true\">\n\t\t\t\t\t\t\t<video class=\"elementor-background-video-hosted\" autoplay muted playsinline loop><\/video>\n\t\t\t\t\t<\/div>\t\t<div class=\"elementor-element elementor-element-1922fea elementor-widget elementor-widget-heading\" data-id=\"1922fea\" data-element_type=\"widget\" data-settings=\"{&quot;ekit_we_effect_on&quot;:&quot;none&quot;}\" data-widget_type=\"heading.default\">\n\t\t\t\t<div class=\"elementor-widget-container\">\n\t\t\t\t\t<h4 class=\"elementor-heading-title elementor-size-default\">Engineering for a better tomorrow<\/h4>\t\t\t\t<\/div>\n\t\t\t\t<\/div>\n\t\t\t\t<div class=\"elementor-element elementor-element-496d11a elementor-widget elementor-widget-heading\" data-id=\"496d11a\" data-element_type=\"widget\" data-settings=\"{&quot;ekit_we_effect_on&quot;:&quot;none&quot;}\" data-widget_type=\"heading.default\">\n\t\t\t\t<div class=\"elementor-widget-container\">\n\t\t\t\t\t<h1 class=\"elementor-heading-title elementor-size-default\">Soil Mechanics<\/h1>\t\t\t\t<\/div>\n\t\t\t\t<\/div>\n\t\t\t\t\t<\/div>\n\t\t\t\t<\/div>\n\t\t<div class=\"elementor-element elementor-element-70421f0 e-flex e-con-boxed e-con e-parent\" data-id=\"70421f0\" data-element_type=\"container\" data-settings=\"{&quot;background_background&quot;:&quot;classic&quot;,&quot;ekit_has_onepagescroll_dot&quot;:&quot;yes&quot;}\">\n\t\t\t\t\t<div class=\"e-con-inner\">\n\t\t\t\t<div class=\"elementor-element elementor-element-5e181ca elementor-widget elementor-widget-heading\" data-id=\"5e181ca\" data-element_type=\"widget\" data-settings=\"{&quot;ekit_we_effect_on&quot;:&quot;none&quot;}\" data-widget_type=\"heading.default\">\n\t\t\t\t<div class=\"elementor-widget-container\">\n\t\t\t\t\t<h2 class=\"elementor-heading-title elementor-size-default\">Soil Mechanics and Its Role in Construction Projects<\/h2>\t\t\t\t<\/div>\n\t\t\t\t<\/div>\n\t\t\t\t<div class=\"elementor-element elementor-element-c7f6381 e-n-tabs-mobile elementor-widget elementor-widget-n-tabs\" data-id=\"c7f6381\" data-element_type=\"widget\" data-settings=\"{&quot;tabs_justify_horizontal&quot;:&quot;center&quot;,&quot;horizontal_scroll&quot;:&quot;disable&quot;,&quot;ekit_we_effect_on&quot;:&quot;none&quot;}\" data-widget_type=\"nested-tabs.default\">\n\t\t\t\t<div class=\"elementor-widget-container\">\n\t\t\t\t\t\t\t<div class=\"e-n-tabs\" data-widget-number=\"209675137\" aria-label=\"Onglets. Ouvrez des \u00e9l\u00e9ments avec Entrer ou Espace, fermez-les avec Echape et naviguez \u00e0 l&#039;aide des touches fl\u00e9ch\u00e9es.\" data-no-translation-aria-label=\"\">\n\t\t\t<div class=\"e-n-tabs-heading\" role=\"tablist\">\n\t\t\t\t\t<button id=\"e-n-tab-title-2096751371\" data-tab-title-id=\"e-n-tab-title-2096751371\" class=\"e-n-tab-title\" aria-selected=\"true\" data-tab-index=\"1\" role=\"tab\" tabindex=\"0\" aria-controls=\"e-n-tab-content-2096751371\" style=\"--n-tabs-title-order: 1;\">\n\t\t\t\t\t\t<span class=\"e-n-tab-title-text\">\n\t\t\t\tStandard Soil Mechanics Tests\t\t\t<\/span>\n\t\t<\/button>\n\t\t\t\t<button id=\"e-n-tab-title-2096751372\" data-tab-title-id=\"e-n-tab-title-2096751372\" class=\"e-n-tab-title\" aria-selected=\"false\" data-tab-index=\"2\" role=\"tab\" tabindex=\"-1\" aria-controls=\"e-n-tab-content-2096751372\" style=\"--n-tabs-title-order: 2;\">\n\t\t\t\t\t\t<span class=\"e-n-tab-title-text\">\n\t\t\t\tAdvanced Soil Behavior Tests\t\t\t<\/span>\n\t\t<\/button>\n\t\t\t\t<button id=\"e-n-tab-title-2096751373\" data-tab-title-id=\"e-n-tab-title-2096751373\" class=\"e-n-tab-title\" aria-selected=\"false\" data-tab-index=\"3\" role=\"tab\" tabindex=\"-1\" aria-controls=\"e-n-tab-content-2096751373\" style=\"--n-tabs-title-order: 3;\">\n\t\t\t\t\t\t<span class=\"e-n-tab-title-text\">\n\t\t\t\tSoil Properties and Consistency Limits\t\t\t<\/span>\n\t\t<\/button>\n\t\t\t\t<button id=\"e-n-tab-title-2096751374\" data-tab-title-id=\"e-n-tab-title-2096751374\" class=\"e-n-tab-title\" aria-selected=\"false\" data-tab-index=\"4\" role=\"tab\" tabindex=\"-1\" aria-controls=\"e-n-tab-content-2096751374\" style=\"--n-tabs-title-order: 4;\">\n\t\t\t\t\t\t<span class=\"e-n-tab-title-text\">\n\t\t\t\tSoil Classification and Suitability Tests\t\t\t<\/span>\n\t\t<\/button>\n\t\t\t\t\t<\/div>\n\t\t\t<div class=\"e-n-tabs-content\">\n\t\t\t\t<div id=\"e-n-tab-content-2096751371\" role=\"tabpanel\" aria-labelledby=\"e-n-tab-title-2096751371\" data-tab-index=\"1\" style=\"--n-tabs-title-order: 1;\" class=\"e-active elementor-element elementor-element-7e2726d e-con-full e-flex e-con e-child\" data-id=\"7e2726d\" data-element_type=\"container\" data-settings=\"{&quot;ekit_has_onepagescroll_dot&quot;:&quot;yes&quot;}\">\n\t\t\t\t<div class=\"elementor-element elementor-element-7d873da elementor-widget elementor-widget-image\" data-id=\"7d873da\" data-element_type=\"widget\" data-settings=\"{&quot;ekit_we_effect_on&quot;:&quot;none&quot;}\" data-widget_type=\"image.default\">\n\t\t\t\t<div class=\"elementor-widget-container\">\n\t\t\t\t\t\t\t\t\t\t\t\t\t\t\t<img fetchpriority=\"high\" decoding=\"async\" width=\"800\" height=\"314\" src=\"https:\/\/icp-geologen.de\/wp-content\/uploads\/2025\/08\/soil-mechanics-images-4.jpg\" class=\"attachment-large size-large wp-image-1396\" alt=\"\" srcset=\"https:\/\/icp-geologen.de\/wp-content\/uploads\/2025\/08\/soil-mechanics-images-4.jpg 1000w, https:\/\/icp-geologen.de\/wp-content\/uploads\/2025\/08\/soil-mechanics-images-4-300x118.jpg 300w, https:\/\/icp-geologen.de\/wp-content\/uploads\/2025\/08\/soil-mechanics-images-4-768x302.jpg 768w, https:\/\/icp-geologen.de\/wp-content\/uploads\/2025\/08\/soil-mechanics-images-4-18x7.jpg 18w\" sizes=\"(max-width: 800px) 100vw, 800px\" \/>\t\t\t\t\t\t\t\t\t\t\t\t\t\t\t<\/div>\n\t\t\t\t<\/div>\n\t\t\t\t<div class=\"elementor-element elementor-element-0762380 para-color elementor-widget elementor-widget-text-editor\" data-id=\"0762380\" data-element_type=\"widget\" data-settings=\"{&quot;ekit_we_effect_on&quot;:&quot;none&quot;}\" data-widget_type=\"text-editor.default\">\n\t\t\t\t<div class=\"elementor-widget-container\">\n\t\t\t\t\t\t\t\t\t<p>Our laboratory conducts a variety of standard tests to determine essential soil properties, which are crucial for assessing soil suitability:<\/p><ul><li><strong>Grain Size Distribution:<\/strong><ul><li>Conducted according to DIN EN ISO 17892-4 or DIN EN 933-1<\/li><li>Methods: Wet\/dry screening, sedimentation, combined sieve\/sludge analysis<\/li><\/ul><\/li><li><strong>Proctor Test (according to DIN 18127):<\/strong><ul><li>Various Proctor pot sizes used (100 mm, 150 mm, 250 mm)<\/li><\/ul><\/li><li><strong>Oedometer Test:<\/strong><ul><li>Conducted according to Schulze\/Muhs for soil consolidation and settlement behavior<\/li><\/ul><\/li><\/ul>\t\t\t\t\t\t\t\t<\/div>\n\t\t\t\t<\/div>\n\t\t\t\t<\/div>\n\t\t<div id=\"e-n-tab-content-2096751372\" role=\"tabpanel\" aria-labelledby=\"e-n-tab-title-2096751372\" data-tab-index=\"2\" style=\"--n-tabs-title-order: 2;\" class=\"elementor-element elementor-element-4a5421e e-con-full e-flex e-con e-child\" data-id=\"4a5421e\" data-element_type=\"container\" data-settings=\"{&quot;ekit_has_onepagescroll_dot&quot;:&quot;yes&quot;}\">\n\t\t\t\t<div class=\"elementor-element elementor-element-ad9154f elementor-widget elementor-widget-image\" data-id=\"ad9154f\" data-element_type=\"widget\" data-settings=\"{&quot;ekit_we_effect_on&quot;:&quot;none&quot;}\" data-widget_type=\"image.default\">\n\t\t\t\t<div class=\"elementor-widget-container\">\n\t\t\t\t\t\t\t\t\t\t\t\t\t\t\t<img decoding=\"async\" width=\"800\" height=\"534\" data-src=\"https:\/\/icp-geologen.de\/wp-content\/uploads\/2025\/08\/soil-mechanics-images-3.jpg\" class=\"attachment-large size-large wp-image-1395 lazyload\" alt=\"\" data-srcset=\"https:\/\/icp-geologen.de\/wp-content\/uploads\/2025\/08\/soil-mechanics-images-3.jpg 1000w, https:\/\/icp-geologen.de\/wp-content\/uploads\/2025\/08\/soil-mechanics-images-3-300x200.jpg 300w, https:\/\/icp-geologen.de\/wp-content\/uploads\/2025\/08\/soil-mechanics-images-3-768x512.jpg 768w, https:\/\/icp-geologen.de\/wp-content\/uploads\/2025\/08\/soil-mechanics-images-3-18x12.jpg 18w\" data-sizes=\"(max-width: 800px) 100vw, 800px\" src=\"data:image\/gif;base64,R0lGODlhAQABAAAAACH5BAEKAAEALAAAAAABAAEAAAICTAEAOw==\" style=\"--smush-placeholder-width: 800px; --smush-placeholder-aspect-ratio: 800\/534;\" \/><noscript><img decoding=\"async\" width=\"800\" height=\"534\" src=\"https:\/\/icp-geologen.de\/wp-content\/uploads\/2025\/08\/soil-mechanics-images-3.jpg\" class=\"attachment-large size-large wp-image-1395\" alt=\"\" srcset=\"https:\/\/icp-geologen.de\/wp-content\/uploads\/2025\/08\/soil-mechanics-images-3.jpg 1000w, https:\/\/icp-geologen.de\/wp-content\/uploads\/2025\/08\/soil-mechanics-images-3-300x200.jpg 300w, https:\/\/icp-geologen.de\/wp-content\/uploads\/2025\/08\/soil-mechanics-images-3-768x512.jpg 768w, https:\/\/icp-geologen.de\/wp-content\/uploads\/2025\/08\/soil-mechanics-images-3-18x12.jpg 18w\" sizes=\"(max-width: 800px) 100vw, 800px\" \/><\/noscript>\t\t\t\t\t\t\t\t\t\t\t\t\t\t\t<\/div>\n\t\t\t\t<\/div>\n\t\t\t\t<div class=\"elementor-element elementor-element-b9a0b50 para-color elementor-widget elementor-widget-text-editor\" data-id=\"b9a0b50\" data-element_type=\"widget\" data-settings=\"{&quot;ekit_we_effect_on&quot;:&quot;none&quot;}\" data-widget_type=\"text-editor.default\">\n\t\t\t\t<div class=\"elementor-widget-container\">\n\t\t\t\t\t\t\t\t\t<p>We offer specialized tests to assess soil behavior under different conditions and to ensure the stability of foundations and other structures:<\/p><ul><li><strong>Frame Shear Test (according to DIN EN ISO 17892-10):<\/strong><ul><li>Performed for both sloppy floors and cohesive soils to evaluate shear strength<\/li><\/ul><\/li><li><strong>Permeability Coefficient Determination:<\/strong><ul><li>According to DIN EN ISO 17892-11 using a variable hydraulic gradient to assess water flow through soil<\/li><\/ul><\/li><li><strong>Ignition Loss Determination (according to DIN 18128):<\/strong><ul><li>Measures the loss of mass in soil during heating, helping assess organic content<\/li><\/ul><\/li><\/ul>\t\t\t\t\t\t\t\t<\/div>\n\t\t\t\t<\/div>\n\t\t\t\t<\/div>\n\t\t<div id=\"e-n-tab-content-2096751373\" role=\"tabpanel\" aria-labelledby=\"e-n-tab-title-2096751373\" data-tab-index=\"3\" style=\"--n-tabs-title-order: 3;\" class=\"elementor-element elementor-element-c032d7e e-con-full e-flex e-con e-child\" data-id=\"c032d7e\" data-element_type=\"container\" data-settings=\"{&quot;ekit_has_onepagescroll_dot&quot;:&quot;yes&quot;}\">\n\t\t\t\t<div class=\"elementor-element elementor-element-82e05d2 elementor-widget elementor-widget-image\" data-id=\"82e05d2\" data-element_type=\"widget\" data-settings=\"{&quot;ekit_we_effect_on&quot;:&quot;none&quot;}\" data-widget_type=\"image.default\">\n\t\t\t\t<div class=\"elementor-widget-container\">\n\t\t\t\t\t\t\t\t\t\t\t\t\t\t\t<img decoding=\"async\" width=\"800\" height=\"534\" data-src=\"https:\/\/icp-geologen.de\/wp-content\/uploads\/2025\/08\/soil-mechanics-images-2.jpg\" class=\"attachment-large size-large wp-image-1394 lazyload\" alt=\"\" data-srcset=\"https:\/\/icp-geologen.de\/wp-content\/uploads\/2025\/08\/soil-mechanics-images-2.jpg 1000w, https:\/\/icp-geologen.de\/wp-content\/uploads\/2025\/08\/soil-mechanics-images-2-300x200.jpg 300w, https:\/\/icp-geologen.de\/wp-content\/uploads\/2025\/08\/soil-mechanics-images-2-768x512.jpg 768w, https:\/\/icp-geologen.de\/wp-content\/uploads\/2025\/08\/soil-mechanics-images-2-18x12.jpg 18w\" data-sizes=\"(max-width: 800px) 100vw, 800px\" src=\"data:image\/gif;base64,R0lGODlhAQABAAAAACH5BAEKAAEALAAAAAABAAEAAAICTAEAOw==\" style=\"--smush-placeholder-width: 800px; --smush-placeholder-aspect-ratio: 800\/534;\" \/><noscript><img decoding=\"async\" width=\"800\" height=\"534\" src=\"https:\/\/icp-geologen.de\/wp-content\/uploads\/2025\/08\/soil-mechanics-images-2.jpg\" class=\"attachment-large size-large wp-image-1394\" alt=\"\" srcset=\"https:\/\/icp-geologen.de\/wp-content\/uploads\/2025\/08\/soil-mechanics-images-2.jpg 1000w, https:\/\/icp-geologen.de\/wp-content\/uploads\/2025\/08\/soil-mechanics-images-2-300x200.jpg 300w, https:\/\/icp-geologen.de\/wp-content\/uploads\/2025\/08\/soil-mechanics-images-2-768x512.jpg 768w, https:\/\/icp-geologen.de\/wp-content\/uploads\/2025\/08\/soil-mechanics-images-2-18x12.jpg 18w\" sizes=\"(max-width: 800px) 100vw, 800px\" \/><\/noscript>\t\t\t\t\t\t\t\t\t\t\t\t\t\t\t<\/div>\n\t\t\t\t<\/div>\n\t\t\t\t<div class=\"elementor-element elementor-element-d3176e6 para-color elementor-widget elementor-widget-text-editor\" data-id=\"d3176e6\" data-element_type=\"widget\" data-settings=\"{&quot;ekit_we_effect_on&quot;:&quot;none&quot;}\" data-widget_type=\"text-editor.default\">\n\t\t\t\t<div class=\"elementor-widget-container\">\n\t\t\t\t\t\t\t\t\t<p>Our laboratory tests for critical properties and consistency limits that influence soil performance in construction:<\/p><ul><li><strong>Grain Density Determination:<\/strong><ul><li>Using capillary pycnometers according to DIN EN ISO 17892-3<\/li><\/ul><\/li><li><strong>Water Content Determination:<\/strong><ul><li>Performed according to DIN EN ISO 17892-1 to assess moisture levels in soil<\/li><\/ul><\/li><li><strong>Consistency Limits Determination:<\/strong><ul><li>Performed according to DIN 18122 to evaluate soil consistency under various conditions<\/li><\/ul><\/li><li><strong>Shrinkage Limit Determination (according to DIN 18122-2):<\/strong><ul><li>Used to assess the soil\u2019s behavior during drying and shrinking<\/li><\/ul><\/li><\/ul>\t\t\t\t\t\t\t\t<\/div>\n\t\t\t\t<\/div>\n\t\t\t\t<\/div>\n\t\t<div id=\"e-n-tab-content-2096751374\" role=\"tabpanel\" aria-labelledby=\"e-n-tab-title-2096751374\" data-tab-index=\"4\" style=\"--n-tabs-title-order: 4;\" class=\"elementor-element elementor-element-051c23b e-con-full e-flex e-con e-child\" data-id=\"051c23b\" data-element_type=\"container\" data-settings=\"{&quot;ekit_has_onepagescroll_dot&quot;:&quot;yes&quot;}\">\n\t\t\t\t<div class=\"elementor-element elementor-element-9a3c94f elementor-widget elementor-widget-image\" data-id=\"9a3c94f\" data-element_type=\"widget\" data-settings=\"{&quot;ekit_we_effect_on&quot;:&quot;none&quot;}\" data-widget_type=\"image.default\">\n\t\t\t\t<div class=\"elementor-widget-container\">\n\t\t\t\t\t\t\t\t\t\t\t\t\t\t\t<img loading=\"lazy\" decoding=\"async\" width=\"800\" height=\"534\" data-src=\"https:\/\/icp-geologen.de\/wp-content\/uploads\/2025\/08\/soil-mechanics-images-1.jpg\" class=\"attachment-large size-large wp-image-1393 lazyload\" alt=\"\" data-srcset=\"https:\/\/icp-geologen.de\/wp-content\/uploads\/2025\/08\/soil-mechanics-images-1.jpg 1000w, https:\/\/icp-geologen.de\/wp-content\/uploads\/2025\/08\/soil-mechanics-images-1-300x200.jpg 300w, https:\/\/icp-geologen.de\/wp-content\/uploads\/2025\/08\/soil-mechanics-images-1-768x512.jpg 768w, https:\/\/icp-geologen.de\/wp-content\/uploads\/2025\/08\/soil-mechanics-images-1-18x12.jpg 18w\" data-sizes=\"(max-width: 800px) 100vw, 800px\" src=\"data:image\/gif;base64,R0lGODlhAQABAAAAACH5BAEKAAEALAAAAAABAAEAAAICTAEAOw==\" style=\"--smush-placeholder-width: 800px; --smush-placeholder-aspect-ratio: 800\/534;\" \/><noscript><img loading=\"lazy\" decoding=\"async\" width=\"800\" height=\"534\" src=\"https:\/\/icp-geologen.de\/wp-content\/uploads\/2025\/08\/soil-mechanics-images-1.jpg\" class=\"attachment-large size-large wp-image-1393\" alt=\"\" srcset=\"https:\/\/icp-geologen.de\/wp-content\/uploads\/2025\/08\/soil-mechanics-images-1.jpg 1000w, https:\/\/icp-geologen.de\/wp-content\/uploads\/2025\/08\/soil-mechanics-images-1-300x200.jpg 300w, https:\/\/icp-geologen.de\/wp-content\/uploads\/2025\/08\/soil-mechanics-images-1-768x512.jpg 768w, https:\/\/icp-geologen.de\/wp-content\/uploads\/2025\/08\/soil-mechanics-images-1-18x12.jpg 18w\" sizes=\"(max-width: 800px) 100vw, 800px\" \/><\/noscript>\t\t\t\t\t\t\t\t\t\t\t\t\t\t\t<\/div>\n\t\t\t\t<\/div>\n\t\t\t\t<div class=\"elementor-element elementor-element-a9eb5cb para-color elementor-widget elementor-widget-text-editor\" data-id=\"a9eb5cb\" data-element_type=\"widget\" data-settings=\"{&quot;ekit_we_effect_on&quot;:&quot;none&quot;}\" data-widget_type=\"text-editor.default\">\n\t\t\t\t<div class=\"elementor-widget-container\">\n\t\t\t\t\t\t\t\t\t<p>We perform soil classification and suitability testing to determine the best materials and methods for construction:<\/p><ul><li><strong>Classification of Coarsely Recycled Aggregate (according to DIN EN 933-11):<\/strong><ul><li>For assessing the quality of recycled materials for use in construction<\/li><\/ul><\/li><li><strong>Water Permeability Test (according to DIN 18035):<\/strong><ul><li>Test for suitability in sports fields and other infrastructure projects<\/li><\/ul><\/li><li><strong>Suitability Test for Soil Improvements with Binders:<\/strong><ul><li>Conducted in accordance with TP BF-StB Part B 11.3 for assessing the viability of soil improvement techniques<\/li><\/ul><\/li><\/ul>\t\t\t\t\t\t\t\t<\/div>\n\t\t\t\t<\/div>\n\t\t\t\t<\/div>\n\t\t\t\t\t<\/div>\n\t\t<\/div>\n\t\t\t\t\t\t<\/div>\n\t\t\t\t<\/div>\n\t\t\t\t\t<\/div>\n\t\t\t\t<\/div>\n\t\t<div class=\"elementor-element elementor-element-cb8cb35 e-flex e-con-boxed e-con e-parent\" data-id=\"cb8cb35\" data-element_type=\"container\" data-settings=\"{&quot;ekit_has_onepagescroll_dot&quot;:&quot;yes&quot;}\">\n\t\t\t\t\t<div class=\"e-con-inner\">\n\t\t<div class=\"elementor-element elementor-element-b70aa69 e-con-full e-flex e-con e-child\" data-id=\"b70aa69\" data-element_type=\"container\" data-settings=\"{&quot;ekit_has_onepagescroll_dot&quot;:&quot;yes&quot;}\">\n\t\t<div class=\"elementor-element elementor-element-926619d e-con-full e-flex e-con e-child\" data-id=\"926619d\" data-element_type=\"container\" data-settings=\"{&quot;ekit_has_onepagescroll_dot&quot;:&quot;yes&quot;}\">\n\t\t\t\t<div class=\"elementor-element elementor-element-ddbea1f elementor-widget elementor-widget-heading\" data-id=\"ddbea1f\" data-element_type=\"widget\" data-settings=\"{&quot;ekit_we_effect_on&quot;:&quot;none&quot;}\" data-widget_type=\"heading.default\">\n\t\t\t\t<div class=\"elementor-widget-container\">\n\t\t\t\t\t<h4 class=\"elementor-heading-title elementor-size-default\">ICP INGENIEURE GmbH<\/h4>\t\t\t\t<\/div>\n\t\t\t\t<\/div>\n\t\t\t\t<div class=\"elementor-element elementor-element-6e27884 elementor-widget elementor-widget-heading\" data-id=\"6e27884\" data-element_type=\"widget\" data-settings=\"{&quot;ekit_we_effect_on&quot;:&quot;none&quot;}\" data-widget_type=\"heading.default\">\n\t\t\t\t<div class=\"elementor-widget-container\">\n\t\t\t\t\t<h2 class=\"elementor-heading-title elementor-size-default\">Soil Mechanics<\/h2>\t\t\t\t<\/div>\n\t\t\t\t<\/div>\n\t\t\t\t<div class=\"elementor-element elementor-element-666ac3a para-color elementor-widget elementor-widget-text-editor\" data-id=\"666ac3a\" data-element_type=\"widget\" data-settings=\"{&quot;ekit_we_effect_on&quot;:&quot;none&quot;}\" data-widget_type=\"text-editor.default\">\n\t\t\t\t<div class=\"elementor-widget-container\">\n\t\t\t\t\t\t\t\t\t<p>Soil mechanics is the study of soil properties and behavior under various conditions, crucial for determining the stability and load-bearing capacity of the ground for construction and engineering projects.<\/p><p><br> <strong>ICP Ingenieure GmbH\u00a0<\/strong>betreibt ein eigenes hochmodernes bodenmechanisches Labor, in dem unser Expertenteam eine Vielzahl standardisierter Pr\u00fcfverfahren durchf\u00fchrt \u2013 zur Klassifizierung von B\u00f6den sowie zur Analyse von Festigkeit und Verformungsverhalten. Diese Pr\u00fcfungen sind essenziell, um die Eignung von B\u00f6den f\u00fcr Bauvorhaben zu beurteilen und die Stabilit\u00e4t von Gr\u00fcndungen sicherzustellen.<\/p><p>Our soil mechanics laboratory adheres to the highest standards, providing reliable and precise results that inform critical project decisions.<\/p><p><strong>Additional Considerations for Soil Mechanics Testing<\/strong><\/p><p class=\"translation-block\">Selecting the optimal soil testing methods is guided by several important factors to ensure comprehensive and reliable results:<\/p><ul><li>Providing meaningful insights into soil properties that directly support the foundation and construction planning process<\/li><li>Ensuring cost-effectiveness by selecting the most appropriate testing methods for the specific project, ensuring accurate results without unnecessary costs<\/li><li>Timely execution to guarantee that soil testing is completed promptly, avoiding delays in the overall construction timeline<\/li><li>Maintaining compliance with industry standards to ensure that all tests adhere to local and international regulations, providing trustworthy data<\/li><\/ul><p><strong><br \/><\/strong>Das Labor der <strong>ICP Ingenieure GmbH<\/strong>\u00a0stellt sicher, dass jedes Projekt mit pr\u00e4zisen, aussagekr\u00e4ftigen und normgerechten Bodendaten unterlegt ist \u2013 f\u00fcr fundierte Entscheidungen und sichere Bauwerksplanungen.<\/p>\t\t\t\t\t\t\t\t<\/div>\n\t\t\t\t<\/div>\n\t\t\t\t<\/div>\n\t\t<div class=\"elementor-element elementor-element-0310b0c e-con-full e-flex e-con e-child\" data-id=\"0310b0c\" data-element_type=\"container\" data-settings=\"{&quot;ekit_has_onepagescroll_dot&quot;:&quot;yes&quot;}\">\n\t\t\t\t<div class=\"elementor-element elementor-element-b955e57 elementor-widget elementor-widget-image\" data-id=\"b955e57\" data-element_type=\"widget\" data-settings=\"{&quot;ekit_we_effect_on&quot;:&quot;none&quot;}\" data-widget_type=\"image.default\">\n\t\t\t\t<div class=\"elementor-widget-container\">\n\t\t\t\t\t\t\t\t\t\t\t\t\t\t\t<img loading=\"lazy\" decoding=\"async\" width=\"800\" height=\"534\" data-src=\"https:\/\/icp-geologen.de\/wp-content\/uploads\/2025\/08\/soil-mechanics-images-5.jpg\" class=\"attachment-large size-large wp-image-1397 lazyload\" alt=\"\" data-srcset=\"https:\/\/icp-geologen.de\/wp-content\/uploads\/2025\/08\/soil-mechanics-images-5.jpg 1000w, https:\/\/icp-geologen.de\/wp-content\/uploads\/2025\/08\/soil-mechanics-images-5-300x200.jpg 300w, https:\/\/icp-geologen.de\/wp-content\/uploads\/2025\/08\/soil-mechanics-images-5-768x512.jpg 768w, https:\/\/icp-geologen.de\/wp-content\/uploads\/2025\/08\/soil-mechanics-images-5-18x12.jpg 18w\" data-sizes=\"(max-width: 800px) 100vw, 800px\" src=\"data:image\/gif;base64,R0lGODlhAQABAAAAACH5BAEKAAEALAAAAAABAAEAAAICTAEAOw==\" style=\"--smush-placeholder-width: 800px; --smush-placeholder-aspect-ratio: 800\/534;\" \/><noscript><img loading=\"lazy\" decoding=\"async\" width=\"800\" height=\"534\" src=\"https:\/\/icp-geologen.de\/wp-content\/uploads\/2025\/08\/soil-mechanics-images-5.jpg\" class=\"attachment-large size-large wp-image-1397\" alt=\"\" srcset=\"https:\/\/icp-geologen.de\/wp-content\/uploads\/2025\/08\/soil-mechanics-images-5.jpg 1000w, https:\/\/icp-geologen.de\/wp-content\/uploads\/2025\/08\/soil-mechanics-images-5-300x200.jpg 300w, https:\/\/icp-geologen.de\/wp-content\/uploads\/2025\/08\/soil-mechanics-images-5-768x512.jpg 768w, https:\/\/icp-geologen.de\/wp-content\/uploads\/2025\/08\/soil-mechanics-images-5-18x12.jpg 18w\" sizes=\"(max-width: 800px) 100vw, 800px\" \/><\/noscript>\t\t\t\t\t\t\t\t\t\t\t\t\t\t\t<\/div>\n\t\t\t\t<\/div>\n\t\t\t\t<\/div>\n\t\t\t\t<\/div>\n\t\t\t\t\t<\/div>\n\t\t\t\t<\/div>\n\t\t\t\t<\/div>","protected":false},"excerpt":{"rendered":"<p>Engineering for a better tomorrow Bodenmechanik Bodenmechanik und ihre Bedeutung f\u00fcr Bauprojekte Standardversuche der Bodenmechanik Erweiterte Versuche zum Bodenverhalten Bodenkennwerte und Konsistenzgrenzen Klassifizierungs- und Eignungspr\u00fcfungen Unser Labor f\u00fchrt eine Vielzahl normgerechter Standardpr\u00fcfungen durch, um die grundlegenden Eigenschaften des Bodens zu bestimmen \u2013 essenziell f\u00fcr Eignungsbewertungen: Korngr\u00f6\u00dfenverteilung: Nach DIN EN ISO 17892-4 oder DIN EN 933-1 [&hellip;]<\/p>","protected":false},"author":2,"featured_media":0,"parent":0,"menu_order":0,"comment_status":"closed","ping_status":"closed","template":"elementor_header_footer","meta":{"footnotes":""},"class_list":["post-1368","page","type-page","status-publish","hentry"],"_links":{"self":[{"href":"https:\/\/icp-geologen.de\/en\/wp-json\/wp\/v2\/pages\/1368","targetHints":{"allow":["GET"]}}],"collection":[{"href":"https:\/\/icp-geologen.de\/en\/wp-json\/wp\/v2\/pages"}],"about":[{"href":"https:\/\/icp-geologen.de\/en\/wp-json\/wp\/v2\/types\/page"}],"author":[{"embeddable":true,"href":"https:\/\/icp-geologen.de\/en\/wp-json\/wp\/v2\/users\/2"}],"replies":[{"embeddable":true,"href":"https:\/\/icp-geologen.de\/en\/wp-json\/wp\/v2\/comments?post=1368"}],"version-history":[{"count":28,"href":"https:\/\/icp-geologen.de\/en\/wp-json\/wp\/v2\/pages\/1368\/revisions"}],"predecessor-version":[{"id":1992,"href":"https:\/\/icp-geologen.de\/en\/wp-json\/wp\/v2\/pages\/1368\/revisions\/1992"}],"wp:attachment":[{"href":"https:\/\/icp-geologen.de\/en\/wp-json\/wp\/v2\/media?parent=1368"}],"curies":[{"name":"wp","href":"https:\/\/api.w.org\/{rel}","templated":true}]}}