{"id":576,"date":"2025-02-11T11:32:08","date_gmt":"2025-02-11T11:32:08","guid":{"rendered":"https:\/\/stagging-site-test-wordpress.rz.mup-digital.com\/?page_id=576"},"modified":"2025-02-11T11:35:45","modified_gmt":"2025-02-11T11:35:45","slug":"referenzen","status":"publish","type":"page","link":"https:\/\/icp-geologen.de\/en\/referenzen\/","title":{"rendered":"References"},"content":{"rendered":"<div data-elementor-type=\"wp-page\" data-elementor-id=\"576\" class=\"elementor elementor-576\" data-elementor-post-type=\"page\">\n\t\t\t\t<div class=\"elementor-element elementor-element-5f77794 e-flex e-con-boxed e-con e-parent\" data-id=\"5f77794\" data-element_type=\"container\" data-settings=\"{&quot;background_background&quot;:&quot;classic&quot;,&quot;ekit_has_onepagescroll_dot&quot;:&quot;yes&quot;}\">\n\t\t\t\t\t<div class=\"e-con-inner\">\n\t\t\t\t<div class=\"elementor-element elementor-element-4aa6f75 elementor-widget elementor-widget-heading\" data-id=\"4aa6f75\" data-element_type=\"widget\" data-settings=\"{&quot;ekit_we_effect_on&quot;:&quot;none&quot;}\" data-widget_type=\"heading.default\">\n\t\t\t\t<div class=\"elementor-widget-container\">\n\t\t\t\t\t<h4 class=\"elementor-heading-title elementor-size-default\">Engineering for a better tomorrow<\/h4>\t\t\t\t<\/div>\n\t\t\t\t<\/div>\n\t\t\t\t<div class=\"elementor-element elementor-element-afa4af7 elementor-widget elementor-widget-heading\" data-id=\"afa4af7\" data-element_type=\"widget\" data-settings=\"{&quot;ekit_we_effect_on&quot;:&quot;none&quot;}\" data-widget_type=\"heading.default\">\n\t\t\t\t<div class=\"elementor-widget-container\">\n\t\t\t\t\t<h1 class=\"elementor-heading-title elementor-size-default\">References<\/h1>\t\t\t\t<\/div>\n\t\t\t\t<\/div>\n\t\t\t\t\t<\/div>\n\t\t\t\t<\/div>\n\t\t<div class=\"elementor-element elementor-element-0dd4e75 e-flex e-con-boxed e-con e-parent\" data-id=\"0dd4e75\" data-element_type=\"container\" data-settings=\"{&quot;background_background&quot;:&quot;classic&quot;,&quot;ekit_has_onepagescroll_dot&quot;:&quot;yes&quot;}\">\n\t\t\t\t\t<div class=\"e-con-inner\">\n\t\t<div class=\"elementor-element elementor-element-c433471 e-con-full e-flex e-con e-child\" data-id=\"c433471\" data-element_type=\"container\" data-settings=\"{&quot;ekit_has_onepagescroll_dot&quot;:&quot;yes&quot;}\">\n\t\t<div class=\"elementor-element elementor-element-1bcb81a e-con-full e-flex e-con e-child\" data-id=\"1bcb81a\" data-element_type=\"container\" data-settings=\"{&quot;ekit_has_onepagescroll_dot&quot;:&quot;yes&quot;}\">\n\t\t\t\t<div class=\"elementor-element elementor-element-e70cd7a elementor-widget elementor-widget-heading\" data-id=\"e70cd7a\" data-element_type=\"widget\" data-settings=\"{&quot;ekit_we_effect_on&quot;:&quot;none&quot;}\" data-widget_type=\"heading.default\">\n\t\t\t\t<div class=\"elementor-widget-container\">\n\t\t\t\t\t<h4 class=\"elementor-heading-title elementor-size-default\">Hier finden Sie einen Auszug unserer Referenzliste:<\/h4>\t\t\t\t<\/div>\n\t\t\t\t<\/div>\n\t\t\t\t<div class=\"elementor-element elementor-element-8487909 para-color elementor-widget elementor-widget-text-editor\" data-id=\"8487909\" data-element_type=\"widget\" data-settings=\"{&quot;ekit_we_effect_on&quot;:&quot;none&quot;}\" data-widget_type=\"text-editor.default\">\n\t\t\t\t<div class=\"elementor-widget-container\">\n\t\t\t\t\t\t\t\t\t<table><tbody><tr><td><strong>Jahr<\/strong><\/td><td><strong>Bauherr\/Auftraggeber<\/strong><\/td><td><strong>Projektbezeichnung<\/strong><\/td><td><strong>Leistungsgebiet<\/strong><\/td><\/tr><tr><td>2020<\/td><td>N.N.<\/td><td>Neubau eines Logistikgeb\u00e4udes in Neuenkirchen-Voerden<\/td><td>Baugrund\/Geotechnik<\/td><\/tr><tr><td>2020<\/td><td>TenneT TSO GmbH<\/td><td>Erdkabeltrasse S\u00fcdOstLink, Abschnitte C2, D1, D2, D3<\/td><td>Baugrund\/Geotechnik<\/td><\/tr><tr><td>2020<\/td><td>Stadtverwaltung Bitburg<\/td><td>R\u00fcckbau Geb\u00e4udekomplex<\/td><td>Altlasten, Geb\u00e4udeschadstoffe, Abfallmanagement<\/td><\/tr><tr><td>2019<\/td><td>Stadt Kaiserslautern<\/td><td>Technische Hochwasserschutzma\u00dfnahme an der Lauter<\/td><td>Baugrund\/Geotechnik, Hydrogeologie, Abfallmanagement<\/td><\/tr><tr><td>2019<\/td><td>Stadtverwaltung Pirmasens<\/td><td>R\u00fcckbau ehemalige Kaufhalle<\/td><td>Geb\u00e4udeschadstoffe, Abfallmanagement<\/td><\/tr><tr><td>2019<\/td><td>Stadtverwaltung Bitburg<\/td><td>Umbau und Sanierung, Umbau einer ehemaligen Kaserne zu einer Kindertagesst\u00e4tte, inkl. Nachanalysen w\u00e4hrend des R\u00fcckbaus<\/td><td>Geb\u00e4udeschadstoffe, Planungsleistungen<\/td><\/tr><tr><td>2019<\/td><td>Stadt\/Verbandsgemeindeverwaltung Speicher<\/td><td>Sanierung der Grundschule, Untersuchungen auf Asbest, Raumluftmessungen (Asbest und PCB)<\/td><td>Geb\u00e4udeschadstoffe, Abfallmanagement<\/td><\/tr><tr><td>2018<\/td><td>Globus Fachm\u00e4rkte GmbH &amp; Co. KG<\/td><td>Neubau einer Logistikhalle in V\u00f6lklingen<\/td><td>Baugrund\/Geotechnik, Hohlraumortung, Abfallmanagement, Geotechnische Pr\u00fcfungen<\/td><\/tr><tr><td>2018<\/td><td>Stadt\/Verbandsgemeindeverwaltung Speicher<\/td><td>Untersuchung der Geb\u00e4udesubstanz sowie des Untergrunds auf dem Gel\u00e4nde des ehemaligen PLEWA-Werks<\/td><td>Altlasten, Geb\u00e4udeschadstoffe<\/td><\/tr><tr><td>2017<\/td><td>Deutsche Reihenhaus AG<\/td><td>Ehemalige Keramikfabrik<\/td><td>Baugrund\/Geotechnik, Altlasten, Geb\u00e4udeschadstoffe<\/td><\/tr><tr><td>2017<\/td><td>Globus Fachm\u00e4rkte GmbH &amp; Co. KG<\/td><td>Orientierende Geb\u00e4udeschadstofferkundungen und umwelttechnische Untersuchen f\u00fcr 12 Standorte der Globus Baufachm\u00e4rke und Hela Profizentren<\/td><td>Building pollutants<\/td><\/tr><tr><td>2016<\/td><td>Gebr. Willersinn GmbH &amp; Co. KG<\/td><td>Kies- und Sandgewinnung im Gewann Bonnau, Bobenheim-Roxheim<\/td><td>Baugrund\/Geotechnik, Hydrogeologie, Erdstatische Nachweise<\/td><\/tr><\/tbody><\/table>\t\t\t\t\t\t\t\t<\/div>\n\t\t\t\t<\/div>\n\t\t\t\t<\/div>\n\t\t\t\t<\/div>\n\t\t\t\t\t<\/div>\n\t\t\t\t<\/div>\n\t\t\t\t<\/div>","protected":false},"excerpt":{"rendered":"<p>Engineering for a better tomorrow Referenzen Hier finden Sie einen Auszug unserer Referenzliste: Jahr Bauherr\/Auftraggeber Projektbezeichnung Leistungsgebiet 2020 N.N. Neubau eines Logistikgeb\u00e4udes in Neuenkirchen-Voerden Baugrund\/Geotechnik 2020 TenneT TSO GmbH Erdkabeltrasse S\u00fcdOstLink, Abschnitte C2, D1, D2, D3 Baugrund\/Geotechnik 2020 Stadtverwaltung Bitburg R\u00fcckbau Geb\u00e4udekomplex Altlasten, Geb\u00e4udeschadstoffe, Abfallmanagement 2019 Stadt Kaiserslautern Technische Hochwasserschutzma\u00dfnahme an der Lauter Baugrund\/Geotechnik, Hydrogeologie, [&hellip;]<\/p>","protected":false},"author":2,"featured_media":0,"parent":0,"menu_order":0,"comment_status":"closed","ping_status":"closed","template":"elementor_header_footer","meta":{"footnotes":""},"class_list":["post-576","page","type-page","status-publish","hentry"],"_links":{"self":[{"href":"https:\/\/icp-geologen.de\/en\/wp-json\/wp\/v2\/pages\/576","targetHints":{"allow":["GET"]}}],"collection":[{"href":"https:\/\/icp-geologen.de\/en\/wp-json\/wp\/v2\/pages"}],"about":[{"href":"https:\/\/icp-geologen.de\/en\/wp-json\/wp\/v2\/types\/page"}],"author":[{"embeddable":true,"href":"https:\/\/icp-geologen.de\/en\/wp-json\/wp\/v2\/users\/2"}],"replies":[{"embeddable":true,"href":"https:\/\/icp-geologen.de\/en\/wp-json\/wp\/v2\/comments?post=576"}],"version-history":[{"count":10,"href":"https:\/\/icp-geologen.de\/en\/wp-json\/wp\/v2\/pages\/576\/revisions"}],"predecessor-version":[{"id":586,"href":"https:\/\/icp-geologen.de\/en\/wp-json\/wp\/v2\/pages\/576\/revisions\/586"}],"wp:attachment":[{"href":"https:\/\/icp-geologen.de\/en\/wp-json\/wp\/v2\/media?parent=576"}],"curies":[{"name":"wp","href":"https:\/\/api.w.org\/{rel}","templated":true}]}}