{"id":1000,"date":"2025-07-29T07:18:59","date_gmt":"2025-07-29T07:18:59","guid":{"rendered":"https:\/\/stagging-site-test-wordpress.rz.mup-digital.com\/?page_id=1000"},"modified":"2025-09-26T06:19:46","modified_gmt":"2025-09-26T06:19:46","slug":"baugrunduntersuchungen","status":"publish","type":"page","link":"https:\/\/icp-geologen.de\/fr\/baugrunduntersuchungen\/","title":{"rendered":"\u00c9tudes de sol"},"content":{"rendered":"<div data-elementor-type=\"wp-page\" data-elementor-id=\"1000\" class=\"elementor elementor-1000\" data-elementor-post-type=\"page\">\n\t\t\t\t<div class=\"elementor-element elementor-element-82e925e e-flex e-con-boxed e-con e-parent\" data-id=\"82e925e\" data-element_type=\"container\" data-settings=\"{&quot;background_background&quot;:&quot;video&quot;,&quot;background_video_link&quot;:&quot;https:\\\/\\\/stagging-site-test-wordpress.rz.mup-digital.com\\\/wp-content\\\/uploads\\\/2025\\\/07\\\/ICP-subsoil-Baugrunduntersuchungen-1.mp4&quot;,&quot;background_privacy_mode&quot;:&quot;yes&quot;,&quot;ekit_has_onepagescroll_dot&quot;:&quot;yes&quot;}\">\n\t\t\t\t\t<div class=\"e-con-inner\">\n\t\t<div class=\"elementor-background-video-container elementor-hidden-mobile\" aria-hidden=\"true\">\n\t\t\t\t\t\t\t<video class=\"elementor-background-video-hosted\" autoplay muted playsinline loop><\/video>\n\t\t\t\t\t<\/div>\t\t<div class=\"elementor-element elementor-element-1922fea elementor-widget elementor-widget-heading\" data-id=\"1922fea\" data-element_type=\"widget\" data-settings=\"{&quot;ekit_we_effect_on&quot;:&quot;none&quot;}\" data-widget_type=\"heading.default\">\n\t\t\t\t<div class=\"elementor-widget-container\">\n\t\t\t\t\t<h4 class=\"elementor-heading-title elementor-size-default\">Engineering for a better tomorrow<\/h4>\t\t\t\t<\/div>\n\t\t\t\t<\/div>\n\t\t\t\t<div class=\"elementor-element elementor-element-496d11a elementor-widget elementor-widget-heading\" data-id=\"496d11a\" data-element_type=\"widget\" data-settings=\"{&quot;ekit_we_effect_on&quot;:&quot;none&quot;}\" data-widget_type=\"heading.default\">\n\t\t\t\t<div class=\"elementor-widget-container\">\n\t\t\t\t\t<h1 class=\"elementor-heading-title elementor-size-default\">\u00c9tudes de sol<\/h1>\t\t\t\t<\/div>\n\t\t\t\t<\/div>\n\t\t\t\t\t<\/div>\n\t\t\t\t<\/div>\n\t\t<div class=\"elementor-element elementor-element-70421f0 e-flex e-con-boxed e-con e-parent\" data-id=\"70421f0\" data-element_type=\"container\" data-settings=\"{&quot;background_background&quot;:&quot;classic&quot;,&quot;ekit_has_onepagescroll_dot&quot;:&quot;yes&quot;}\">\n\t\t\t\t\t<div class=\"e-con-inner\">\n\t\t\t\t<div class=\"elementor-element elementor-element-5e181ca elementor-widget elementor-widget-heading\" data-id=\"5e181ca\" data-element_type=\"widget\" data-settings=\"{&quot;ekit_we_effect_on&quot;:&quot;none&quot;}\" data-widget_type=\"heading.default\">\n\t\t\t\t<div class=\"elementor-widget-container\">\n\t\t\t\t\t<h3 class=\"elementor-heading-title elementor-size-default\">Geotechnische Untersuchungen im Einklang mit Projektzielen<\/h3>\t\t\t\t<\/div>\n\t\t\t\t<\/div>\n\t\t\t\t<div class=\"elementor-element elementor-element-c7f6381 e-n-tabs-mobile elementor-widget elementor-widget-n-tabs\" data-id=\"c7f6381\" data-element_type=\"widget\" data-settings=\"{&quot;tabs_justify_horizontal&quot;:&quot;center&quot;,&quot;horizontal_scroll&quot;:&quot;disable&quot;,&quot;ekit_we_effect_on&quot;:&quot;none&quot;}\" data-widget_type=\"nested-tabs.default\">\n\t\t\t\t<div class=\"elementor-widget-container\">\n\t\t\t\t\t\t\t<div class=\"e-n-tabs\" data-widget-number=\"209675137\" aria-label=\"Tabs. Open items with Enter or Space, close with Escape and navigate using the Arrow keys.\">\n\t\t\t<div class=\"e-n-tabs-heading\" role=\"tablist\">\n\t\t\t\t\t<button id=\"e-n-tab-title-2096751371\" data-tab-title-id=\"e-n-tab-title-2096751371\" class=\"e-n-tab-title\" aria-selected=\"true\" data-tab-index=\"1\" role=\"tab\" tabindex=\"0\" aria-controls=\"e-n-tab-content-2096751371\" style=\"--n-tabs-title-order: 1;\">\n\t\t\t\t\t\t<span class=\"e-n-tab-title-text\">\n\t\t\t\tRisque li\u00e9 au terrain de construction\t\t\t<\/span>\n\t\t<\/button>\n\t\t\t\t<button id=\"e-n-tab-title-2096751372\" data-tab-title-id=\"e-n-tab-title-2096751372\" class=\"e-n-tab-title\" aria-selected=\"false\" data-tab-index=\"2\" role=\"tab\" tabindex=\"-1\" aria-controls=\"e-n-tab-content-2096751372\" style=\"--n-tabs-title-order: 2;\">\n\t\t\t\t\t\t<span class=\"e-n-tab-title-text\">\n\t\t\t\tVorschriften Baugrunduntersuchungen\t\t\t<\/span>\n\t\t<\/button>\n\t\t\t\t<button id=\"e-n-tab-title-2096751373\" data-tab-title-id=\"e-n-tab-title-2096751373\" class=\"e-n-tab-title\" aria-selected=\"false\" data-tab-index=\"3\" role=\"tab\" tabindex=\"-1\" aria-controls=\"e-n-tab-content-2096751373\" style=\"--n-tabs-title-order: 3;\">\n\t\t\t\t\t\t<span class=\"e-n-tab-title-text\">\n\t\t\t\tM\u00e9thodes d'analyse du sol de fondation\t\t\t<\/span>\n\t\t<\/button>\n\t\t\t\t<button id=\"e-n-tab-title-2096751374\" data-tab-title-id=\"e-n-tab-title-2096751374\" class=\"e-n-tab-title\" aria-selected=\"false\" data-tab-index=\"4\" role=\"tab\" tabindex=\"-1\" aria-controls=\"e-n-tab-content-2096751374\" style=\"--n-tabs-title-order: 4;\">\n\t\t\t\t\t\t<span class=\"e-n-tab-title-text\">\n\t\t\t\tAvantages des \u00e9tudes de sol\t\t\t<\/span>\n\t\t<\/button>\n\t\t\t\t\t<\/div>\n\t\t\t<div class=\"e-n-tabs-content\">\n\t\t\t\t<div id=\"e-n-tab-content-2096751371\" role=\"tabpanel\" aria-labelledby=\"e-n-tab-title-2096751371\" data-tab-index=\"1\" style=\"--n-tabs-title-order: 1;\" class=\"e-active elementor-element elementor-element-7e2726d e-con-full e-flex e-con e-child\" data-id=\"7e2726d\" data-element_type=\"container\" data-settings=\"{&quot;ekit_has_onepagescroll_dot&quot;:&quot;yes&quot;}\">\n\t\t\t\t<div class=\"elementor-element elementor-element-7d873da elementor-widget elementor-widget-image\" data-id=\"7d873da\" data-element_type=\"widget\" data-settings=\"{&quot;ekit_we_effect_on&quot;:&quot;none&quot;}\" data-widget_type=\"image.default\">\n\t\t\t\t<div class=\"elementor-widget-container\">\n\t\t\t\t\t\t\t\t\t\t\t\t\t\t\t<img fetchpriority=\"high\" decoding=\"async\" width=\"800\" height=\"534\" src=\"https:\/\/icp-geologen.de\/wp-content\/uploads\/2025\/07\/ICP-subsoil-Baugrunduntersuchungen-5-1024x683.jpg\" class=\"attachment-large size-large wp-image-1011\" alt=\"\" srcset=\"https:\/\/icp-geologen.de\/wp-content\/uploads\/2025\/07\/ICP-subsoil-Baugrunduntersuchungen-5-1024x683.jpg 1024w, https:\/\/icp-geologen.de\/wp-content\/uploads\/2025\/07\/ICP-subsoil-Baugrunduntersuchungen-5-300x200.jpg 300w, https:\/\/icp-geologen.de\/wp-content\/uploads\/2025\/07\/ICP-subsoil-Baugrunduntersuchungen-5-768x512.jpg 768w, https:\/\/icp-geologen.de\/wp-content\/uploads\/2025\/07\/ICP-subsoil-Baugrunduntersuchungen-5-1536x1024.jpg 1536w, https:\/\/icp-geologen.de\/wp-content\/uploads\/2025\/07\/ICP-subsoil-Baugrunduntersuchungen-5-18x12.jpg 18w, https:\/\/icp-geologen.de\/wp-content\/uploads\/2025\/07\/ICP-subsoil-Baugrunduntersuchungen-5.jpg 1500w\" sizes=\"(max-width: 800px) 100vw, 800px\" \/>\t\t\t\t\t\t\t\t\t\t\t\t\t\t\t<\/div>\n\t\t\t\t<\/div>\n\t\t\t\t<div class=\"elementor-element elementor-element-0762380 para-color elementor-widget elementor-widget-text-editor\" data-id=\"0762380\" data-element_type=\"widget\" data-settings=\"{&quot;ekit_we_effect_on&quot;:&quot;none&quot;}\" data-widget_type=\"text-editor.default\">\n\t\t\t\t<div class=\"elementor-widget-container\">\n\t\t\t\t\t\t\t\t\t<p>Unsere Experten untersuchen verschiedene Risiken, die zu Sch\u00e4den an Neubauten oder benachbarten Geb\u00e4uden f\u00fchren oder sogar Sicherheitsrisiken f\u00fcr Personen darstellen k\u00f6nnen. Dabei bewerten unsere Experten Risiken, die typischerweise verursacht werden durch:<\/p><ul><li>\u00dcberbauung von wenig tragf\u00e4higen Bodenschichten (z.\u202fB. Torf, weicher Lehm, alte Ablagerungen)<\/li><li>Instabilit\u00e4ten im Untergrund (z.\u202fB. Hangrutschungen, Senkungen, Quellung, Schrumpfung)<\/li><li>Instabile Untergrundb\u00f6schungen<\/li><li>Fehlerhafte Fundamente, die zu Setzungen, Absackungen, Verformungen oder Rissen f\u00fchren<\/li><li>\u00d6konomisch ineffiziente Fundamente<\/li><li>Unzureichende Ber\u00fccksichtigung von Sickerwasser, Grundwasser oder Schadstoffen<\/li><li>Fehlende Sicherung bestehender Geb\u00e4ude, beispielsweise durch Unterfangungen<\/li><\/ul>\t\t\t\t\t\t\t\t<\/div>\n\t\t\t\t<\/div>\n\t\t\t\t<\/div>\n\t\t<div id=\"e-n-tab-content-2096751372\" role=\"tabpanel\" aria-labelledby=\"e-n-tab-title-2096751372\" data-tab-index=\"2\" style=\"--n-tabs-title-order: 2;\" class=\"elementor-element elementor-element-4a5421e e-con-full e-flex e-con e-child\" data-id=\"4a5421e\" data-element_type=\"container\" data-settings=\"{&quot;ekit_has_onepagescroll_dot&quot;:&quot;yes&quot;}\">\n\t\t\t\t<div class=\"elementor-element elementor-element-ad9154f elementor-widget elementor-widget-image\" data-id=\"ad9154f\" data-element_type=\"widget\" data-settings=\"{&quot;ekit_we_effect_on&quot;:&quot;none&quot;}\" data-widget_type=\"image.default\">\n\t\t\t\t<div class=\"elementor-widget-container\">\n\t\t\t\t\t\t\t\t\t\t\t\t\t\t\t<img decoding=\"async\" width=\"800\" height=\"534\" data-src=\"https:\/\/icp-geologen.de\/wp-content\/uploads\/2025\/07\/ICP-subsoil-Baugrunduntersuchungen-4.jpg\" class=\"attachment-large size-large wp-image-1010 lazyload\" alt=\"\" data-srcset=\"https:\/\/icp-geologen.de\/wp-content\/uploads\/2025\/07\/ICP-subsoil-Baugrunduntersuchungen-4.jpg 1000w, https:\/\/icp-geologen.de\/wp-content\/uploads\/2025\/07\/ICP-subsoil-Baugrunduntersuchungen-4-300x200.jpg 300w, https:\/\/icp-geologen.de\/wp-content\/uploads\/2025\/07\/ICP-subsoil-Baugrunduntersuchungen-4-768x512.jpg 768w, https:\/\/icp-geologen.de\/wp-content\/uploads\/2025\/07\/ICP-subsoil-Baugrunduntersuchungen-4-18x12.jpg 18w\" data-sizes=\"(max-width: 800px) 100vw, 800px\" src=\"data:image\/gif;base64,R0lGODlhAQABAAAAACH5BAEKAAEALAAAAAABAAEAAAICTAEAOw==\" style=\"--smush-placeholder-width: 800px; --smush-placeholder-aspect-ratio: 800\/534;\" \/><noscript><img decoding=\"async\" width=\"800\" height=\"534\" src=\"https:\/\/icp-geologen.de\/wp-content\/uploads\/2025\/07\/ICP-subsoil-Baugrunduntersuchungen-4.jpg\" class=\"attachment-large size-large wp-image-1010\" alt=\"\" srcset=\"https:\/\/icp-geologen.de\/wp-content\/uploads\/2025\/07\/ICP-subsoil-Baugrunduntersuchungen-4.jpg 1000w, https:\/\/icp-geologen.de\/wp-content\/uploads\/2025\/07\/ICP-subsoil-Baugrunduntersuchungen-4-300x200.jpg 300w, https:\/\/icp-geologen.de\/wp-content\/uploads\/2025\/07\/ICP-subsoil-Baugrunduntersuchungen-4-768x512.jpg 768w, https:\/\/icp-geologen.de\/wp-content\/uploads\/2025\/07\/ICP-subsoil-Baugrunduntersuchungen-4-18x12.jpg 18w\" sizes=\"(max-width: 800px) 100vw, 800px\" \/><\/noscript>\t\t\t\t\t\t\t\t\t\t\t\t\t\t\t<\/div>\n\t\t\t\t<\/div>\n\t\t\t\t<div class=\"elementor-element elementor-element-b9a0b50 para-color elementor-widget elementor-widget-text-editor\" data-id=\"b9a0b50\" data-element_type=\"widget\" data-settings=\"{&quot;ekit_we_effect_on&quot;:&quot;none&quot;}\" data-widget_type=\"text-editor.default\">\n\t\t\t\t<div class=\"elementor-widget-container\">\n\t\t\t\t\t\t\t\t\t<p>Wir erstellen einen Baugrundbericht, um den Anforderungen bestimmter Vorschriften gerecht zu werden, die Baugrunduntersuchungen zur Sicherstellung der Geb\u00e4udesicherheit und Vorschriftskonformit\u00e4t vorschreiben:<\/p><ul><li><strong>Landesbauordnungen<\/strong>: Legen Untersuchungspflichten basierend auf den \u00f6rtlichen Bauvorschriften fest<\/li><li><strong>Vertragsregelungen f\u00fcr Bauleistungen<\/strong>: Definieren die Notwendigkeit von Baugrunduntersuchungen<\/li><li><strong>Bundes-Bodenschutzgesetz<\/strong>: Gew\u00e4hrleistet den Schutz von Umwelt und Sicherheit<\/li><li><strong>Landesrechtliche Bauvorschriften<\/strong>: Bestimmen den genauen Umfang der Untersuchungen<\/li><\/ul><p><strong><br \/>Quelle: BDG \u2013 Berufsverband Deutscher Geowissenschaftler e.V.: Flyer \u201eBaugrunduntersuchungen sind immer die richtige Entscheidung \u2013 Informationen f\u00fcr Bauherren\u201c.<br \/><\/strong><\/p>\t\t\t\t\t\t\t\t<\/div>\n\t\t\t\t<\/div>\n\t\t\t\t<\/div>\n\t\t<div id=\"e-n-tab-content-2096751373\" role=\"tabpanel\" aria-labelledby=\"e-n-tab-title-2096751373\" data-tab-index=\"3\" style=\"--n-tabs-title-order: 3;\" class=\"elementor-element elementor-element-c032d7e e-con-full e-flex e-con e-child\" data-id=\"c032d7e\" data-element_type=\"container\" data-settings=\"{&quot;ekit_has_onepagescroll_dot&quot;:&quot;yes&quot;}\">\n\t\t\t\t<div class=\"elementor-element elementor-element-82e05d2 elementor-widget elementor-widget-image\" data-id=\"82e05d2\" data-element_type=\"widget\" data-settings=\"{&quot;ekit_we_effect_on&quot;:&quot;none&quot;}\" data-widget_type=\"image.default\">\n\t\t\t\t<div class=\"elementor-widget-container\">\n\t\t\t\t\t\t\t\t\t\t\t\t\t\t\t<img decoding=\"async\" width=\"800\" height=\"534\" data-src=\"https:\/\/icp-geologen.de\/wp-content\/uploads\/2025\/07\/ICP-subsoil-Baugrunduntersuchungen-3.jpg\" class=\"attachment-large size-large wp-image-1009 lazyload\" alt=\"\" data-srcset=\"https:\/\/icp-geologen.de\/wp-content\/uploads\/2025\/07\/ICP-subsoil-Baugrunduntersuchungen-3.jpg 1000w, https:\/\/icp-geologen.de\/wp-content\/uploads\/2025\/07\/ICP-subsoil-Baugrunduntersuchungen-3-300x200.jpg 300w, https:\/\/icp-geologen.de\/wp-content\/uploads\/2025\/07\/ICP-subsoil-Baugrunduntersuchungen-3-768x512.jpg 768w, https:\/\/icp-geologen.de\/wp-content\/uploads\/2025\/07\/ICP-subsoil-Baugrunduntersuchungen-3-18x12.jpg 18w\" data-sizes=\"(max-width: 800px) 100vw, 800px\" src=\"data:image\/gif;base64,R0lGODlhAQABAAAAACH5BAEKAAEALAAAAAABAAEAAAICTAEAOw==\" style=\"--smush-placeholder-width: 800px; --smush-placeholder-aspect-ratio: 800\/534;\" \/><noscript><img decoding=\"async\" width=\"800\" height=\"534\" src=\"https:\/\/icp-geologen.de\/wp-content\/uploads\/2025\/07\/ICP-subsoil-Baugrunduntersuchungen-3.jpg\" class=\"attachment-large size-large wp-image-1009\" alt=\"\" srcset=\"https:\/\/icp-geologen.de\/wp-content\/uploads\/2025\/07\/ICP-subsoil-Baugrunduntersuchungen-3.jpg 1000w, https:\/\/icp-geologen.de\/wp-content\/uploads\/2025\/07\/ICP-subsoil-Baugrunduntersuchungen-3-300x200.jpg 300w, https:\/\/icp-geologen.de\/wp-content\/uploads\/2025\/07\/ICP-subsoil-Baugrunduntersuchungen-3-768x512.jpg 768w, https:\/\/icp-geologen.de\/wp-content\/uploads\/2025\/07\/ICP-subsoil-Baugrunduntersuchungen-3-18x12.jpg 18w\" sizes=\"(max-width: 800px) 100vw, 800px\" \/><\/noscript>\t\t\t\t\t\t\t\t\t\t\t\t\t\t\t<\/div>\n\t\t\t\t<\/div>\n\t\t\t\t<div class=\"elementor-element elementor-element-d3176e6 para-color elementor-widget elementor-widget-text-editor\" data-id=\"d3176e6\" data-element_type=\"widget\" data-settings=\"{&quot;ekit_we_effect_on&quot;:&quot;none&quot;}\" data-widget_type=\"text-editor.default\">\n\t\t\t\t<div class=\"elementor-widget-container\">\n\t\t\t\t\t\t\t\t\t<p>Unsere Experten verwenden verschiedene Methoden, um den Baugrund zu beurteilen und liefern damit wichtige Informationen f\u00fcr den Baugrundbericht:<\/p><ul><li><strong>Topografische Auswertung<\/strong>: Analyse geowissenschaftlicher Karten und Sondierungen (z. B. Ramm-, Fl\u00fcgel- und Drucksondierungen)<\/li><li><strong>Baggeraufschl\u00fcsse<\/strong>: Vor-Ort-Ausgrabungen zur Beurteilung von Bodenbeschaffenheit und -struktur<\/li><li><strong>Bohrungen<\/strong>:<ul><li>Kleinrammbohrungen<\/li><li>Kernbohrungen f\u00fcr tiefere Analysen<\/li><\/ul><\/li><li><strong>Geophysikalische Erkundungen<\/strong>:<ul><li>Seismische Untersuchungen<\/li><li>Geoelektrik und Georadar f\u00fcr detaillierte Untergrundabbildungen<\/li><\/ul><\/li><\/ul><p>Diese Techniken liefern entscheidende Daten, die in die Erstellung eines umfassenden Baugrundberichts einflie\u00dfen. Dieser Bericht umfasst bodenmechanische Untersuchungen sowohl im Feld als auch im Labor, um wichtige Berechnungswerte zu ermitteln. Diese Werte bilden die Grundlage f\u00fcr die Gr\u00fcndungsberatung.<\/p>\t\t\t\t\t\t\t\t<\/div>\n\t\t\t\t<\/div>\n\t\t\t\t<\/div>\n\t\t<div id=\"e-n-tab-content-2096751374\" role=\"tabpanel\" aria-labelledby=\"e-n-tab-title-2096751374\" data-tab-index=\"4\" style=\"--n-tabs-title-order: 4;\" class=\"elementor-element elementor-element-051c23b e-con-full e-flex e-con e-child\" data-id=\"051c23b\" data-element_type=\"container\" data-settings=\"{&quot;ekit_has_onepagescroll_dot&quot;:&quot;yes&quot;}\">\n\t\t\t\t<div class=\"elementor-element elementor-element-9a3c94f elementor-widget elementor-widget-image\" data-id=\"9a3c94f\" data-element_type=\"widget\" data-settings=\"{&quot;ekit_we_effect_on&quot;:&quot;none&quot;}\" data-widget_type=\"image.default\">\n\t\t\t\t<div class=\"elementor-widget-container\">\n\t\t\t\t\t\t\t\t\t\t\t\t\t\t\t<img loading=\"lazy\" decoding=\"async\" width=\"800\" height=\"534\" data-src=\"https:\/\/icp-geologen.de\/wp-content\/uploads\/2025\/07\/ICP-subsoil-Baugrunduntersuchungen-2.jpg\" class=\"attachment-large size-large wp-image-1008 lazyload\" alt=\"\" data-srcset=\"https:\/\/icp-geologen.de\/wp-content\/uploads\/2025\/07\/ICP-subsoil-Baugrunduntersuchungen-2.jpg 1000w, https:\/\/icp-geologen.de\/wp-content\/uploads\/2025\/07\/ICP-subsoil-Baugrunduntersuchungen-2-300x200.jpg 300w, https:\/\/icp-geologen.de\/wp-content\/uploads\/2025\/07\/ICP-subsoil-Baugrunduntersuchungen-2-768x512.jpg 768w, https:\/\/icp-geologen.de\/wp-content\/uploads\/2025\/07\/ICP-subsoil-Baugrunduntersuchungen-2-18x12.jpg 18w\" data-sizes=\"(max-width: 800px) 100vw, 800px\" src=\"data:image\/gif;base64,R0lGODlhAQABAAAAACH5BAEKAAEALAAAAAABAAEAAAICTAEAOw==\" style=\"--smush-placeholder-width: 800px; --smush-placeholder-aspect-ratio: 800\/534;\" \/><noscript><img loading=\"lazy\" decoding=\"async\" width=\"800\" height=\"534\" src=\"https:\/\/icp-geologen.de\/wp-content\/uploads\/2025\/07\/ICP-subsoil-Baugrunduntersuchungen-2.jpg\" class=\"attachment-large size-large wp-image-1008\" alt=\"\" srcset=\"https:\/\/icp-geologen.de\/wp-content\/uploads\/2025\/07\/ICP-subsoil-Baugrunduntersuchungen-2.jpg 1000w, https:\/\/icp-geologen.de\/wp-content\/uploads\/2025\/07\/ICP-subsoil-Baugrunduntersuchungen-2-300x200.jpg 300w, https:\/\/icp-geologen.de\/wp-content\/uploads\/2025\/07\/ICP-subsoil-Baugrunduntersuchungen-2-768x512.jpg 768w, https:\/\/icp-geologen.de\/wp-content\/uploads\/2025\/07\/ICP-subsoil-Baugrunduntersuchungen-2-18x12.jpg 18w\" sizes=\"(max-width: 800px) 100vw, 800px\" \/><\/noscript>\t\t\t\t\t\t\t\t\t\t\t\t\t\t\t<\/div>\n\t\t\t\t<\/div>\n\t\t\t\t<div class=\"elementor-element elementor-element-a9eb5cb para-color elementor-widget elementor-widget-text-editor\" data-id=\"a9eb5cb\" data-element_type=\"widget\" data-settings=\"{&quot;ekit_we_effect_on&quot;:&quot;none&quot;}\" data-widget_type=\"text-editor.default\">\n\t\t\t\t<div class=\"elementor-widget-container\">\n\t\t\t\t\t\t\t\t\t<p>Die Durchf\u00fchrung einer Baugrunduntersuchung bietet mehrere entscheidende Vorteile:<\/p><ul><li><strong>Planungssicherheit<\/strong>: Gibt Bauherren Sicherheit und verhindert unvorhergesehene Komplikationen<\/li><li><strong>Vermeidung von Bauverz\u00f6gerungen:<\/strong> Verringert das Risiko von Projektstillst\u00e4nden durch unerwartete Bodenverh\u00e4ltnisse<\/li><li><strong>Wirtschaftliche Gr\u00fcndungsplanung:<\/strong> Erm\u00f6glicht eine sichere und kosteneffiziente Gr\u00fcndung, wodurch unn\u00f6tige Ausgaben durch Sch\u00e4den oder Planungsfehler vermieden werden<\/li><li><strong>Kosteneinsparung:<\/strong> Baugrund- und Gr\u00fcndungsgutachten sind oft g\u00fcnstiger, als sie zun\u00e4chst erscheinen \u2013 und sparen langfristig erhebliche Kosten<\/li><\/ul><p><strong><br \/>Quelle: BDG \u2013 Berufsverband Deutscher Geowissenschaftler e.V.: Flyer: <em>\u201eBaugrunduntersuchungen sind immer die richtige Entscheidung \u2013 Informationen f\u00fcr Bauherren\u201c<\/em><\/strong><\/p><p><strong>\u00a0<\/strong><\/p>\t\t\t\t\t\t\t\t<\/div>\n\t\t\t\t<\/div>\n\t\t\t\t<\/div>\n\t\t\t\t\t<\/div>\n\t\t<\/div>\n\t\t\t\t\t\t<\/div>\n\t\t\t\t<\/div>\n\t\t\t\t\t<\/div>\n\t\t\t\t<\/div>\n\t\t<div class=\"elementor-element elementor-element-cb8cb35 e-flex e-con-boxed e-con e-parent\" data-id=\"cb8cb35\" data-element_type=\"container\" data-settings=\"{&quot;ekit_has_onepagescroll_dot&quot;:&quot;yes&quot;}\">\n\t\t\t\t\t<div class=\"e-con-inner\">\n\t\t<div class=\"elementor-element elementor-element-b70aa69 e-con-full e-flex e-con e-child\" data-id=\"b70aa69\" data-element_type=\"container\" data-settings=\"{&quot;ekit_has_onepagescroll_dot&quot;:&quot;yes&quot;}\">\n\t\t<div class=\"elementor-element elementor-element-926619d e-con-full e-flex e-con e-child\" data-id=\"926619d\" data-element_type=\"container\" data-settings=\"{&quot;ekit_has_onepagescroll_dot&quot;:&quot;yes&quot;}\">\n\t\t\t\t<div class=\"elementor-element elementor-element-ddbea1f elementor-widget elementor-widget-heading\" data-id=\"ddbea1f\" data-element_type=\"widget\" data-settings=\"{&quot;ekit_we_effect_on&quot;:&quot;none&quot;}\" data-widget_type=\"heading.default\">\n\t\t\t\t<div class=\"elementor-widget-container\">\n\t\t\t\t\t<h4 class=\"elementor-heading-title elementor-size-default\">ICP INGENIEURE GmbH<\/h4>\t\t\t\t<\/div>\n\t\t\t\t<\/div>\n\t\t\t\t<div class=\"elementor-element elementor-element-6e27884 elementor-widget elementor-widget-heading\" data-id=\"6e27884\" data-element_type=\"widget\" data-settings=\"{&quot;ekit_we_effect_on&quot;:&quot;none&quot;}\" data-widget_type=\"heading.default\">\n\t\t\t\t<div class=\"elementor-widget-container\">\n\t\t\t\t\t<h2 class=\"elementor-heading-title elementor-size-default\">\u00c9tudes de sol<\/h2>\t\t\t\t<\/div>\n\t\t\t\t<\/div>\n\t\t\t\t<div class=\"elementor-element elementor-element-666ac3a para-color elementor-widget elementor-widget-text-editor\" data-id=\"666ac3a\" data-element_type=\"widget\" data-settings=\"{&quot;ekit_we_effect_on&quot;:&quot;none&quot;}\" data-widget_type=\"text-editor.default\">\n\t\t\t\t<div class=\"elementor-widget-container\">\n\t\t\t\t\t\t\t\t\t<p>Baugrunduntersuchungen analysieren die unterirdischen Bodenschichten, um deren Zusammensetzung, Stabilit\u00e4t und Eignung zur Tragf\u00e4higkeit von Infrastrukturen oder zur Sanierung von Umweltsch\u00e4den zu bestimmen.<\/p><p>Gem\u00e4\u00df <strong>DIN 4020<\/strong> sind solche Untersuchungen erforderlich, um verschiedene Aspekte wie die Tragf\u00e4higkeit des Bodens, die Untergrundverh\u00e4ltnisse sowie potenzielle Risiken f\u00fcr das Bauwerk und angrenzende Strukturen zu beurteilen. Mit <strong>33 Jahren<\/strong> Erfahrung und zahlreichen erfolgreich abgeschlossenen Projekten ist ICP Ihr verl\u00e4sslicher Partner f\u00fcr umfassende und pr\u00e4zise Baugrunduntersuchungen.<\/p><h5><strong>Weitere Aspekte bei Baugrunduntersuchungen<\/strong><\/h5><p>Die Wahl der optimalen Untersuchungsmethode richtet sich nach zentralen Grunds\u00e4tzen, um ein m\u00f6glichst effektives, zuverl\u00e4ssiges und wirtschaftliches Ergebnis sicherzustellen:<\/p><ul><li><strong>Aussagekr\u00e4ftige Erkenntnisse<\/strong> gewinnen, die exakt auf die Anforderungen und Ziele der Untersuchung abgestimmt sind \u2013 f\u00fcr belastbare und umsetzbare Resultate.<\/li><li><strong>Kosteneffizienz<\/strong> durch Methodenwahl mit optimalem Nutzen im Verh\u00e4ltnis zu Budget- und Zeitvorgaben.<\/li><li><strong>Termingerechte und pr\u00e4zise Durchf\u00fchrung<\/strong>, um Verz\u00f6gerungen zu vermeiden und eine reibungslose Weiterf\u00fchrung der Bau- und Planungsprozesse zu gew\u00e4hrleisten.<\/li><li><strong>Flurschadensneutrales Arbeiten<\/strong>, insbesondere in sensiblen Bereichen, um Umweltauswirkungen zu minimieren und die Umgebung zu schonen.<\/li><\/ul><p><br \/>Durch die konsequente Beachtung dieser Prinzipien liefern unsere Baugrunduntersuchungen zuverl\u00e4ssige und umfassende Daten als Grundlage f\u00fcr sichere Entscheidungen, unter Einhaltung aller geltenden Vorschriften und zur erfolgreichen Umsetzung Ihres Projekts.<\/p>\t\t\t\t\t\t\t\t<\/div>\n\t\t\t\t<\/div>\n\t\t\t\t<\/div>\n\t\t<div class=\"elementor-element elementor-element-0310b0c e-con-full e-flex e-con e-child\" data-id=\"0310b0c\" data-element_type=\"container\" data-settings=\"{&quot;ekit_has_onepagescroll_dot&quot;:&quot;yes&quot;}\">\n\t\t\t\t<div class=\"elementor-element elementor-element-b955e57 elementor-widget elementor-widget-image\" data-id=\"b955e57\" data-element_type=\"widget\" data-settings=\"{&quot;ekit_we_effect_on&quot;:&quot;none&quot;}\" data-widget_type=\"image.default\">\n\t\t\t\t<div class=\"elementor-widget-container\">\n\t\t\t\t\t\t\t\t\t\t\t\t\t\t\t<img loading=\"lazy\" decoding=\"async\" width=\"751\" height=\"1000\" data-src=\"https:\/\/icp-geologen.de\/wp-content\/uploads\/2025\/07\/subsoil.jpg\" class=\"attachment-large size-large wp-image-978 lazyload\" alt=\"\" data-srcset=\"https:\/\/icp-geologen.de\/wp-content\/uploads\/2025\/07\/subsoil.jpg 751w, https:\/\/icp-geologen.de\/wp-content\/uploads\/2025\/07\/subsoil-225x300.jpg 225w, https:\/\/icp-geologen.de\/wp-content\/uploads\/2025\/07\/subsoil-9x12.jpg 9w\" data-sizes=\"(max-width: 751px) 100vw, 751px\" src=\"data:image\/gif;base64,R0lGODlhAQABAAAAACH5BAEKAAEALAAAAAABAAEAAAICTAEAOw==\" style=\"--smush-placeholder-width: 751px; --smush-placeholder-aspect-ratio: 751\/1000;\" \/><noscript><img loading=\"lazy\" decoding=\"async\" width=\"751\" height=\"1000\" src=\"https:\/\/icp-geologen.de\/wp-content\/uploads\/2025\/07\/subsoil.jpg\" class=\"attachment-large size-large wp-image-978\" alt=\"\" srcset=\"https:\/\/icp-geologen.de\/wp-content\/uploads\/2025\/07\/subsoil.jpg 751w, https:\/\/icp-geologen.de\/wp-content\/uploads\/2025\/07\/subsoil-225x300.jpg 225w, https:\/\/icp-geologen.de\/wp-content\/uploads\/2025\/07\/subsoil-9x12.jpg 9w\" sizes=\"(max-width: 751px) 100vw, 751px\" \/><\/noscript>\t\t\t\t\t\t\t\t\t\t\t\t\t\t\t<\/div>\n\t\t\t\t<\/div>\n\t\t\t\t<\/div>\n\t\t\t\t<\/div>\n\t\t\t\t\t<\/div>\n\t\t\t\t<\/div>\n\t\t\t\t<\/div>","protected":false},"excerpt":{"rendered":"<p>Engineering for a better tomorrow Baugrunduntersuchungen Geotechnische Untersuchungen im Einklang mit Projektzielen Baugrundrisiko Vorschriften Baugrunduntersuchungen Methoden der Baugrunduntersuchungen Vorteile von Baugrunduntersuchungen Unsere Experten untersuchen verschiedene Risiken, die zu Sch\u00e4den an Neubauten oder benachbarten Geb\u00e4uden f\u00fchren oder sogar Sicherheitsrisiken f\u00fcr Personen darstellen k\u00f6nnen. Dabei bewerten unsere Experten Risiken, die typischerweise verursacht werden durch: \u00dcberbauung von wenig [&hellip;]<\/p>","protected":false},"author":2,"featured_media":0,"parent":0,"menu_order":0,"comment_status":"closed","ping_status":"closed","template":"elementor_header_footer","meta":{"footnotes":""},"class_list":["post-1000","page","type-page","status-publish","hentry"],"_links":{"self":[{"href":"https:\/\/icp-geologen.de\/fr\/wp-json\/wp\/v2\/pages\/1000","targetHints":{"allow":["GET"]}}],"collection":[{"href":"https:\/\/icp-geologen.de\/fr\/wp-json\/wp\/v2\/pages"}],"about":[{"href":"https:\/\/icp-geologen.de\/fr\/wp-json\/wp\/v2\/types\/page"}],"author":[{"embeddable":true,"href":"https:\/\/icp-geologen.de\/fr\/wp-json\/wp\/v2\/users\/2"}],"replies":[{"embeddable":true,"href":"https:\/\/icp-geologen.de\/fr\/wp-json\/wp\/v2\/comments?post=1000"}],"version-history":[{"count":46,"href":"https:\/\/icp-geologen.de\/fr\/wp-json\/wp\/v2\/pages\/1000\/revisions"}],"predecessor-version":[{"id":2029,"href":"https:\/\/icp-geologen.de\/fr\/wp-json\/wp\/v2\/pages\/1000\/revisions\/2029"}],"wp:attachment":[{"href":"https:\/\/icp-geologen.de\/fr\/wp-json\/wp\/v2\/media?parent=1000"}],"curies":[{"name":"wp","href":"https:\/\/api.w.org\/{rel}","templated":true}]}}