{"id":1024,"date":"2025-07-30T06:49:50","date_gmt":"2025-07-30T06:49:50","guid":{"rendered":"https:\/\/stagging-site-test-wordpress.rz.mup-digital.com\/?page_id=1024"},"modified":"2025-09-22T03:21:52","modified_gmt":"2025-09-22T03:21:52","slug":"ingenieurgeologie","status":"publish","type":"page","link":"https:\/\/icp-geologen.de\/fr\/ingenieurgeologie\/","title":{"rendered":"Ing\u00e9nierie g\u00e9ologique"},"content":{"rendered":"<div data-elementor-type=\"wp-page\" data-elementor-id=\"1024\" class=\"elementor elementor-1024\" data-elementor-post-type=\"page\">\n\t\t\t\t<div class=\"elementor-element elementor-element-82e925e e-flex e-con-boxed e-con e-parent\" data-id=\"82e925e\" data-element_type=\"container\" data-settings=\"{&quot;background_background&quot;:&quot;video&quot;,&quot;background_video_link&quot;:&quot;https:\\\/\\\/stagging-site-test-wordpress.rz.mup-digital.com\\\/wp-content\\\/uploads\\\/2025\\\/07\\\/Ingenieurgeologie-media-1.mp4&quot;,&quot;background_privacy_mode&quot;:&quot;yes&quot;,&quot;ekit_has_onepagescroll_dot&quot;:&quot;yes&quot;}\">\n\t\t\t\t\t<div class=\"e-con-inner\">\n\t\t<div class=\"elementor-background-video-container elementor-hidden-mobile\" aria-hidden=\"true\">\n\t\t\t\t\t\t\t<video class=\"elementor-background-video-hosted\" autoplay muted playsinline loop><\/video>\n\t\t\t\t\t<\/div>\t\t<div class=\"elementor-element elementor-element-1922fea elementor-widget elementor-widget-heading\" data-id=\"1922fea\" data-element_type=\"widget\" data-settings=\"{&quot;ekit_we_effect_on&quot;:&quot;none&quot;}\" data-widget_type=\"heading.default\">\n\t\t\t\t<div class=\"elementor-widget-container\">\n\t\t\t\t\t<h4 class=\"elementor-heading-title elementor-size-default\">Engineering for a better tomorrow<\/h4>\t\t\t\t<\/div>\n\t\t\t\t<\/div>\n\t\t\t\t<div class=\"elementor-element elementor-element-496d11a elementor-widget elementor-widget-heading\" data-id=\"496d11a\" data-element_type=\"widget\" data-settings=\"{&quot;ekit_we_effect_on&quot;:&quot;none&quot;}\" data-widget_type=\"heading.default\">\n\t\t\t\t<div class=\"elementor-widget-container\">\n\t\t\t\t\t<h1 class=\"elementor-heading-title elementor-size-default\">Ing\u00e9nierie g\u00e9ologique<\/h1>\t\t\t\t<\/div>\n\t\t\t\t<\/div>\n\t\t\t\t\t<\/div>\n\t\t\t\t<\/div>\n\t\t<div class=\"elementor-element elementor-element-70421f0 e-flex e-con-boxed e-con e-parent\" data-id=\"70421f0\" data-element_type=\"container\" data-settings=\"{&quot;background_background&quot;:&quot;classic&quot;,&quot;ekit_has_onepagescroll_dot&quot;:&quot;yes&quot;}\">\n\t\t\t\t\t<div class=\"e-con-inner\">\n\t\t\t\t<div class=\"elementor-element elementor-element-5e181ca elementor-widget elementor-widget-heading\" data-id=\"5e181ca\" data-element_type=\"widget\" data-settings=\"{&quot;ekit_we_effect_on&quot;:&quot;none&quot;}\" data-widget_type=\"heading.default\">\n\t\t\t\t<div class=\"elementor-widget-container\">\n\t\t\t\t\t<h3 class=\"elementor-heading-title elementor-size-default\">Ingenieurgeologie: Grundlagen f\u00fcr sicheres, stabiles und umweltbewusstes Bauen<\/h3>\t\t\t\t<\/div>\n\t\t\t\t<\/div>\n\t\t\t\t<div class=\"elementor-element elementor-element-c7f6381 e-n-tabs-mobile elementor-widget elementor-widget-n-tabs\" data-id=\"c7f6381\" data-element_type=\"widget\" data-settings=\"{&quot;tabs_justify_horizontal&quot;:&quot;center&quot;,&quot;horizontal_scroll&quot;:&quot;disable&quot;,&quot;ekit_we_effect_on&quot;:&quot;none&quot;}\" data-widget_type=\"nested-tabs.default\">\n\t\t\t\t<div class=\"elementor-widget-container\">\n\t\t\t\t\t\t\t<div class=\"e-n-tabs\" data-widget-number=\"209675137\" aria-label=\"Onglets. Ouvrez des \u00e9l\u00e9ments avec Entrer ou Espace, fermez-les avec Echape et naviguez \u00e0 l&#039;aide des touches fl\u00e9ch\u00e9es.\" data-no-translation-aria-label=\"\">\n\t\t\t<div class=\"e-n-tabs-heading\" role=\"tablist\">\n\t\t\t\t\t<button id=\"e-n-tab-title-2096751371\" data-tab-title-id=\"e-n-tab-title-2096751371\" class=\"e-n-tab-title\" aria-selected=\"true\" data-tab-index=\"1\" role=\"tab\" tabindex=\"0\" aria-controls=\"e-n-tab-content-2096751371\" style=\"--n-tabs-title-order: 1;\">\n\t\t\t\t\t\t<span class=\"e-n-tab-title-text\">\n\t\t\t\tDomaines d'activit\u00e9 typiques\t\t\t<\/span>\n\t\t<\/button>\n\t\t\t\t<button id=\"e-n-tab-title-2096751372\" data-tab-title-id=\"e-n-tab-title-2096751372\" class=\"e-n-tab-title\" aria-selected=\"false\" data-tab-index=\"2\" role=\"tab\" tabindex=\"-1\" aria-controls=\"e-n-tab-content-2096751372\" style=\"--n-tabs-title-order: 2;\">\n\t\t\t\t\t\t<span class=\"e-n-tab-title-text\">\n\t\t\t\tServices centraux d'ing\u00e9nierie g\u00e9ologique\t\t\t<\/span>\n\t\t<\/button>\n\t\t\t\t<button id=\"e-n-tab-title-2096751373\" data-tab-title-id=\"e-n-tab-title-2096751373\" class=\"e-n-tab-title\" aria-selected=\"false\" data-tab-index=\"3\" role=\"tab\" tabindex=\"-1\" aria-controls=\"e-n-tab-content-2096751373\" style=\"--n-tabs-title-order: 3;\">\n\t\t\t\t\t\t<span class=\"e-n-tab-title-text\">\n\t\t\t\tIng\u00e9nierie g\u00e9ologique dans les projets d'infrastructure\t\t\t<\/span>\n\t\t<\/button>\n\t\t\t\t\t<\/div>\n\t\t\t<div class=\"e-n-tabs-content\">\n\t\t\t\t<div id=\"e-n-tab-content-2096751371\" role=\"tabpanel\" aria-labelledby=\"e-n-tab-title-2096751371\" data-tab-index=\"1\" style=\"--n-tabs-title-order: 1;\" class=\"e-active elementor-element elementor-element-4a5421e e-con-full e-flex e-con e-child\" data-id=\"4a5421e\" data-element_type=\"container\" data-settings=\"{&quot;ekit_has_onepagescroll_dot&quot;:&quot;yes&quot;}\">\n\t\t\t\t<div class=\"elementor-element elementor-element-ad9154f elementor-widget elementor-widget-image\" data-id=\"ad9154f\" data-element_type=\"widget\" data-settings=\"{&quot;ekit_we_effect_on&quot;:&quot;none&quot;}\" data-widget_type=\"image.default\">\n\t\t\t\t<div class=\"elementor-widget-container\">\n\t\t\t\t\t\t\t\t\t\t\t\t\t\t\t<img fetchpriority=\"high\" decoding=\"async\" width=\"800\" height=\"600\" src=\"https:\/\/icp-geologen.de\/wp-content\/uploads\/2025\/07\/Ingenieurgeologie-media-3-1024x768.jpg\" class=\"attachment-large size-large wp-image-1033\" alt=\"\" srcset=\"https:\/\/icp-geologen.de\/wp-content\/uploads\/2025\/07\/Ingenieurgeologie-media-3-1024x768.jpg 1024w, https:\/\/icp-geologen.de\/wp-content\/uploads\/2025\/07\/Ingenieurgeologie-media-3-300x225.jpg 300w, https:\/\/icp-geologen.de\/wp-content\/uploads\/2025\/07\/Ingenieurgeologie-media-3-768x576.jpg 768w, https:\/\/icp-geologen.de\/wp-content\/uploads\/2025\/07\/Ingenieurgeologie-media-3-1536x1152.jpg 1536w, https:\/\/icp-geologen.de\/wp-content\/uploads\/2025\/07\/Ingenieurgeologie-media-3-16x12.jpg 16w, https:\/\/icp-geologen.de\/wp-content\/uploads\/2025\/07\/Ingenieurgeologie-media-3.jpg 1333w\" sizes=\"(max-width: 800px) 100vw, 800px\" \/>\t\t\t\t\t\t\t\t\t\t\t\t\t\t\t<\/div>\n\t\t\t\t<\/div>\n\t\t\t\t<div class=\"elementor-element elementor-element-b9a0b50 para-color elementor-widget elementor-widget-text-editor\" data-id=\"b9a0b50\" data-element_type=\"widget\" data-settings=\"{&quot;ekit_we_effect_on&quot;:&quot;none&quot;}\" data-widget_type=\"text-editor.default\">\n\t\t\t\t<div class=\"elementor-widget-container\">\n\t\t\t\t\t\t\t\t\t<p>Die Ingenieurgeologie umfasst eine Vielzahl projektbezogener T\u00e4tigkeiten, die auf die spezifischen Herausforderungen unterschiedlicher Gel\u00e4ndeformen eingehen:<\/p><ul><li><strong>B\u00f6schungs- und Hangstabilisierung:<\/strong> Sicherung der Standfestigkeit und Vermeidung von Erosion oder Rutschungen<\/li><li><strong>Talsperren\/D\u00e4mme:<\/strong> Bewertung der geologischen Rahmenbedingungen f\u00fcr sichere Planung und dauerhafte Standsicherheit<\/li><li><strong>Deponien:<\/strong> Pr\u00fcfung der Bodenverh\u00e4ltnisse zur sicheren Planung und Errichtung von Deponiestandorten<\/li><\/ul>\t\t\t\t\t\t\t\t<\/div>\n\t\t\t\t<\/div>\n\t\t\t\t<\/div>\n\t\t<div id=\"e-n-tab-content-2096751372\" role=\"tabpanel\" aria-labelledby=\"e-n-tab-title-2096751372\" data-tab-index=\"2\" style=\"--n-tabs-title-order: 2;\" class=\"elementor-element elementor-element-7e2726d e-con-full e-flex e-con e-child\" data-id=\"7e2726d\" data-element_type=\"container\" data-settings=\"{&quot;ekit_has_onepagescroll_dot&quot;:&quot;yes&quot;}\">\n\t\t\t\t<div class=\"elementor-element elementor-element-7d873da elementor-widget elementor-widget-image\" data-id=\"7d873da\" data-element_type=\"widget\" data-settings=\"{&quot;ekit_we_effect_on&quot;:&quot;none&quot;}\" data-widget_type=\"image.default\">\n\t\t\t\t<div class=\"elementor-widget-container\">\n\t\t\t\t\t\t\t\t\t\t\t\t\t\t\t<img decoding=\"async\" width=\"300\" height=\"200\" data-src=\"https:\/\/icp-geologen.de\/wp-content\/uploads\/2025\/07\/Ingenieurgeologie-media-1.jpg\" class=\"attachment-full size-full wp-image-1030 lazyload\" alt=\"\" data-srcset=\"https:\/\/icp-geologen.de\/wp-content\/uploads\/2025\/07\/Ingenieurgeologie-media-1.jpg 300w, https:\/\/icp-geologen.de\/wp-content\/uploads\/2025\/07\/Ingenieurgeologie-media-1-18x12.jpg 18w\" data-sizes=\"(max-width: 300px) 100vw, 300px\" src=\"data:image\/gif;base64,R0lGODlhAQABAAAAACH5BAEKAAEALAAAAAABAAEAAAICTAEAOw==\" style=\"--smush-placeholder-width: 300px; --smush-placeholder-aspect-ratio: 300\/200;\" \/><noscript><img decoding=\"async\" width=\"300\" height=\"200\" src=\"https:\/\/icp-geologen.de\/wp-content\/uploads\/2025\/07\/Ingenieurgeologie-media-1.jpg\" class=\"attachment-full size-full wp-image-1030\" alt=\"\" srcset=\"https:\/\/icp-geologen.de\/wp-content\/uploads\/2025\/07\/Ingenieurgeologie-media-1.jpg 300w, https:\/\/icp-geologen.de\/wp-content\/uploads\/2025\/07\/Ingenieurgeologie-media-1-18x12.jpg 18w\" sizes=\"(max-width: 300px) 100vw, 300px\" \/><\/noscript>\t\t\t\t\t\t\t\t\t\t\t\t\t\t\t<\/div>\n\t\t\t\t<\/div>\n\t\t\t\t<div class=\"elementor-element elementor-element-0762380 para-color elementor-widget elementor-widget-text-editor\" data-id=\"0762380\" data-element_type=\"widget\" data-settings=\"{&quot;ekit_we_effect_on&quot;:&quot;none&quot;}\" data-widget_type=\"text-editor.default\">\n\t\t\t\t<div class=\"elementor-widget-container\">\n\t\t\t\t\t\t\t\t\t<p class=\"translation-block\">Wir bieten ein umfassendes Leistungsspektrum, das auf <strong>Stabilit\u00e4t, Sicherheit und wirtschaftliche Realisierbarkeit<\/strong> ausgerichtet ist:<\/p><ul><li><strong>Gr\u00fcndungsbegutachtungen:<\/strong> Beurteilung der Baugrundverh\u00e4ltnisse zur Feststellung der Gr\u00fcndungseignung<\/li><li><strong>Stabilit\u00e4tsnachweise:<\/strong> Berechnungen zur Standsicherheit von B\u00f6schungen und Baugruben<\/li><li><strong>W\u00e4rmeschutzstatik:<\/strong> Bewertung w\u00e4rmetechnischer Anforderungen und deren Einfluss auf die Bauwerksstabilit\u00e4t<\/li><li><strong>Rutschungsuntersuchungen und -bewertungen:<\/strong> Identifikation und Analyse potenzieller Rutschungsrisiken sowie Erarbeitung von Gegenma\u00dfnahmen<\/li><li><strong>B\u00f6schungs-\/Hangstabilisierung:<\/strong> Umfassende geotechnische Analyse zur Sicherung von Hang- und B\u00f6schungslagen<\/li><li><strong>Gr\u00fcndungskonzepte:<\/strong> Entwicklung von Konzepten f\u00fcr Tief- und Pfahlgr\u00fcndungen, abgestimmt auf standortspezifische Gegebenheiten<\/li><li><strong>Bohrungen und Horizontalbohrungen:<\/strong> Durchf\u00fchrung von Erkundungsbohrungen zur Untersuchung unterirdischer Bedingungen f\u00fcr ingenieurtechnische Anwendungen<\/li><\/ul>\t\t\t\t\t\t\t\t<\/div>\n\t\t\t\t<\/div>\n\t\t\t\t<\/div>\n\t\t<div id=\"e-n-tab-content-2096751373\" role=\"tabpanel\" aria-labelledby=\"e-n-tab-title-2096751373\" data-tab-index=\"3\" style=\"--n-tabs-title-order: 3;\" class=\"elementor-element elementor-element-c032d7e e-con-full e-flex e-con e-child\" data-id=\"c032d7e\" data-element_type=\"container\" data-settings=\"{&quot;ekit_has_onepagescroll_dot&quot;:&quot;yes&quot;}\">\n\t\t\t\t<div class=\"elementor-element elementor-element-82e05d2 elementor-widget elementor-widget-image\" data-id=\"82e05d2\" data-element_type=\"widget\" data-settings=\"{&quot;ekit_we_effect_on&quot;:&quot;none&quot;}\" data-widget_type=\"image.default\">\n\t\t\t\t<div class=\"elementor-widget-container\">\n\t\t\t\t\t\t\t\t\t\t\t\t\t\t\t<img decoding=\"async\" width=\"800\" height=\"534\" data-src=\"https:\/\/icp-geologen.de\/wp-content\/uploads\/2025\/07\/Ingenieurgeologie-media-2.jpg\" class=\"attachment-large size-large wp-image-1032 lazyload\" alt=\"\" data-srcset=\"https:\/\/icp-geologen.de\/wp-content\/uploads\/2025\/07\/Ingenieurgeologie-media-2.jpg 1000w, https:\/\/icp-geologen.de\/wp-content\/uploads\/2025\/07\/Ingenieurgeologie-media-2-300x200.jpg 300w, https:\/\/icp-geologen.de\/wp-content\/uploads\/2025\/07\/Ingenieurgeologie-media-2-768x512.jpg 768w, https:\/\/icp-geologen.de\/wp-content\/uploads\/2025\/07\/Ingenieurgeologie-media-2-18x12.jpg 18w\" data-sizes=\"(max-width: 800px) 100vw, 800px\" src=\"data:image\/gif;base64,R0lGODlhAQABAAAAACH5BAEKAAEALAAAAAABAAEAAAICTAEAOw==\" style=\"--smush-placeholder-width: 800px; --smush-placeholder-aspect-ratio: 800\/534;\" \/><noscript><img decoding=\"async\" width=\"800\" height=\"534\" src=\"https:\/\/icp-geologen.de\/wp-content\/uploads\/2025\/07\/Ingenieurgeologie-media-2.jpg\" class=\"attachment-large size-large wp-image-1032\" alt=\"\" srcset=\"https:\/\/icp-geologen.de\/wp-content\/uploads\/2025\/07\/Ingenieurgeologie-media-2.jpg 1000w, https:\/\/icp-geologen.de\/wp-content\/uploads\/2025\/07\/Ingenieurgeologie-media-2-300x200.jpg 300w, https:\/\/icp-geologen.de\/wp-content\/uploads\/2025\/07\/Ingenieurgeologie-media-2-768x512.jpg 768w, https:\/\/icp-geologen.de\/wp-content\/uploads\/2025\/07\/Ingenieurgeologie-media-2-18x12.jpg 18w\" sizes=\"(max-width: 800px) 100vw, 800px\" \/><\/noscript>\t\t\t\t\t\t\t\t\t\t\t\t\t\t\t<\/div>\n\t\t\t\t<\/div>\n\t\t\t\t<div class=\"elementor-element elementor-element-d3176e6 para-color elementor-widget elementor-widget-text-editor\" data-id=\"d3176e6\" data-element_type=\"widget\" data-settings=\"{&quot;ekit_we_effect_on&quot;:&quot;none&quot;}\" data-widget_type=\"text-editor.default\">\n\t\t\t\t<div class=\"elementor-widget-container\">\n\t\t\t\t\t\t\t\t\t<p class=\"translation-block\">Die Ingenieurgeologie ist <strong>integraler Bestandteil<\/strong> verschiedenster Bauvorhaben und liefert entscheidende Daten f\u00fcr Planung, Ausf\u00fchrung und Sicherheit:<\/p><ul><li><strong>B\u00f6schungen und Baugruben:<\/strong> Stabilit\u00e4tsnachweise gew\u00e4hrleisten die sichere Errichtung von B\u00f6schungen und Aushubarbeiten in erosions- oder rutschungsgef\u00e4hrdeten Bereichen<\/li><li><strong>Tiefgr\u00fcndungen:<\/strong> Ingenieurgeolog:innen liefern fundierte Einsch\u00e4tzungen zur Machbarkeit und Planung von Tiefgr\u00fcndungen (z.\u202fB. Pf\u00e4hle) und sichern damit tragf\u00e4hige L\u00f6sungen f\u00fcr Gro\u00dfbauwerke<\/li><li><strong>Rutschungsrisiken:<\/strong> Spezialisierte Untersuchungen und Bewertungen helfen, Hangrutschungen zu erkennen, Risiken zu mindern und Sch\u00e4den an Infrastrukturen vorzubeugen<\/li><\/ul>\t\t\t\t\t\t\t\t<\/div>\n\t\t\t\t<\/div>\n\t\t\t\t<\/div>\n\t\t\t\t\t<\/div>\n\t\t<\/div>\n\t\t\t\t\t\t<\/div>\n\t\t\t\t<\/div>\n\t\t\t\t\t<\/div>\n\t\t\t\t<\/div>\n\t\t<div class=\"elementor-element elementor-element-cb8cb35 e-flex e-con-boxed e-con e-parent\" data-id=\"cb8cb35\" data-element_type=\"container\" data-settings=\"{&quot;ekit_has_onepagescroll_dot&quot;:&quot;yes&quot;}\">\n\t\t\t\t\t<div class=\"e-con-inner\">\n\t\t<div class=\"elementor-element elementor-element-b70aa69 e-con-full e-flex e-con e-child\" data-id=\"b70aa69\" data-element_type=\"container\" data-settings=\"{&quot;ekit_has_onepagescroll_dot&quot;:&quot;yes&quot;}\">\n\t\t<div class=\"elementor-element elementor-element-926619d e-con-full e-flex e-con e-child\" data-id=\"926619d\" data-element_type=\"container\" data-settings=\"{&quot;ekit_has_onepagescroll_dot&quot;:&quot;yes&quot;}\">\n\t\t\t\t<div class=\"elementor-element elementor-element-ddbea1f elementor-widget elementor-widget-heading\" data-id=\"ddbea1f\" data-element_type=\"widget\" data-settings=\"{&quot;ekit_we_effect_on&quot;:&quot;none&quot;}\" data-widget_type=\"heading.default\">\n\t\t\t\t<div class=\"elementor-widget-container\">\n\t\t\t\t\t<h4 class=\"elementor-heading-title elementor-size-default\">ICP INGENIEURE GmbH<\/h4>\t\t\t\t<\/div>\n\t\t\t\t<\/div>\n\t\t\t\t<div class=\"elementor-element elementor-element-6e27884 elementor-widget elementor-widget-heading\" data-id=\"6e27884\" data-element_type=\"widget\" data-settings=\"{&quot;ekit_we_effect_on&quot;:&quot;none&quot;}\" data-widget_type=\"heading.default\">\n\t\t\t\t<div class=\"elementor-widget-container\">\n\t\t\t\t\t<h2 class=\"elementor-heading-title elementor-size-default\">Ing\u00e9nierie g\u00e9ologique<\/h2>\t\t\t\t<\/div>\n\t\t\t\t<\/div>\n\t\t\t\t<div class=\"elementor-element elementor-element-666ac3a para-color elementor-widget elementor-widget-text-editor\" data-id=\"666ac3a\" data-element_type=\"widget\" data-settings=\"{&quot;ekit_we_effect_on&quot;:&quot;none&quot;}\" data-widget_type=\"text-editor.default\">\n\t\t\t\t<div class=\"elementor-widget-container\">\n\t\t\t\t\t\t\t\t\t<p>Die Ingenieurgeologie wendet geowissenschaftliche Erkenntnisse an, um Baugrundverh\u00e4ltnisse zu bewerten und eine sichere, nachhaltige Planung von Umwelt- und Infrastrukturprojekten zu gew\u00e4hrleisten.<\/p><p>Sie schl\u00e4gt die Br\u00fccke zwischen klassischer Geologie und Bauingenieurwesen und liefert entscheidendes Fachwissen f\u00fcr Projekte, die ein detailliertes Verst\u00e4ndnis geologischer Materialien und deren Verhalten erfordern. Der Fokus liegt auf der praktischen Anwendung geologischer Kenntnisse zur L\u00f6sung bauingenieurtechnischer Herausforderungen, etwa bei der Stabilisierung von B\u00f6schungen und D\u00e4mmen sowie bei der Errichtung von Deponien.<\/p><p class=\"translation-block\">Durch die Auswertung geologischer Daten und deren ingenieurtechnische Umsetzung tragen Ingenieurgeolog:innen ma\u00dfgeblich zur <strong>Sicherheit, Stabilit\u00e4t und Nachhaltigkeit<\/strong> von Bauprojekten bei.<\/p><h5><strong>Weitere Aspekte der Ingenieurgeologie<\/strong><\/h5><p class=\"translation-block\">Die Auswahl der geeigneten ingenieurgeologischen Vorgehensweise erfolgt auf Basis zentraler Grunds\u00e4tze, um <strong>Sicherheit, Stabilit\u00e4t und Wirtschaftlichkeit<\/strong> bei Infrastrukturma\u00dfnahmen sicherzustellen:<\/p><ul><li>Bereitstellung fundierter Erkenntnisse, die mit den geologischen Gegebenheiten und den Projektzielen \u00fcbereinstimmen<\/li><li>Sicherstellung der Wirtschaftlichkeit durch ma\u00dfgeschneiderte und kostenbewusste L\u00f6sungen<\/li><li>Termingerechte Umsetzung, damit geologische Bewertungen planm\u00e4\u00dfig abgeschlossen und Bauverz\u00f6gerungen vermieden werden<\/li><li>Reduzierung negativer Umweltauswirkungen durch Ber\u00fccksichtigung \u00f6kologischer Effekte geologischer Eingriffe<\/li><\/ul><p class=\"translation-block\"><br>Durch Einhaltung dieser Prinzipien leisten ingenieurgeologische Untersuchungen einen zentralen Beitrag zur Planung und Umsetzung <strong>sicherer, stabiler und nachhaltiger Infrastruktur<\/strong> im Einklang mit beh\u00f6rdlichen Anforderungen.<\/p>\t\t\t\t\t\t\t\t<\/div>\n\t\t\t\t<\/div>\n\t\t\t\t<\/div>\n\t\t<div class=\"elementor-element elementor-element-0310b0c e-con-full e-flex e-con e-child\" data-id=\"0310b0c\" data-element_type=\"container\" data-settings=\"{&quot;ekit_has_onepagescroll_dot&quot;:&quot;yes&quot;}\">\n\t\t\t\t<div class=\"elementor-element elementor-element-b955e57 elementor-widget elementor-widget-image\" data-id=\"b955e57\" data-element_type=\"widget\" data-settings=\"{&quot;ekit_we_effect_on&quot;:&quot;none&quot;}\" data-widget_type=\"image.default\">\n\t\t\t\t<div class=\"elementor-widget-container\">\n\t\t\t\t\t\t\t\t\t\t\t\t\t\t\t<img loading=\"lazy\" decoding=\"async\" width=\"800\" height=\"450\" data-src=\"https:\/\/icp-geologen.de\/wp-content\/uploads\/2025\/07\/Ingenieurgeologie-media-4.jpg\" class=\"attachment-large size-large wp-image-1034 lazyload\" alt=\"\" data-srcset=\"https:\/\/icp-geologen.de\/wp-content\/uploads\/2025\/07\/Ingenieurgeologie-media-4.jpg 1000w, https:\/\/icp-geologen.de\/wp-content\/uploads\/2025\/07\/Ingenieurgeologie-media-4-300x169.jpg 300w, https:\/\/icp-geologen.de\/wp-content\/uploads\/2025\/07\/Ingenieurgeologie-media-4-768x432.jpg 768w, https:\/\/icp-geologen.de\/wp-content\/uploads\/2025\/07\/Ingenieurgeologie-media-4-18x10.jpg 18w\" data-sizes=\"(max-width: 800px) 100vw, 800px\" src=\"data:image\/gif;base64,R0lGODlhAQABAAAAACH5BAEKAAEALAAAAAABAAEAAAICTAEAOw==\" style=\"--smush-placeholder-width: 800px; --smush-placeholder-aspect-ratio: 800\/450;\" \/><noscript><img loading=\"lazy\" decoding=\"async\" width=\"800\" height=\"450\" src=\"https:\/\/icp-geologen.de\/wp-content\/uploads\/2025\/07\/Ingenieurgeologie-media-4.jpg\" class=\"attachment-large size-large wp-image-1034\" alt=\"\" srcset=\"https:\/\/icp-geologen.de\/wp-content\/uploads\/2025\/07\/Ingenieurgeologie-media-4.jpg 1000w, https:\/\/icp-geologen.de\/wp-content\/uploads\/2025\/07\/Ingenieurgeologie-media-4-300x169.jpg 300w, https:\/\/icp-geologen.de\/wp-content\/uploads\/2025\/07\/Ingenieurgeologie-media-4-768x432.jpg 768w, https:\/\/icp-geologen.de\/wp-content\/uploads\/2025\/07\/Ingenieurgeologie-media-4-18x10.jpg 18w\" sizes=\"(max-width: 800px) 100vw, 800px\" \/><\/noscript>\t\t\t\t\t\t\t\t\t\t\t\t\t\t\t<\/div>\n\t\t\t\t<\/div>\n\t\t\t\t<\/div>\n\t\t\t\t<\/div>\n\t\t\t\t\t<\/div>\n\t\t\t\t<\/div>\n\t\t\t\t<\/div>","protected":false},"excerpt":{"rendered":"<p>Engineering for a better tomorrow Ingenieurgeologie Ingenieurgeologie: Grundlagen f\u00fcr sicheres, stabiles und umweltbewusstes Bauen Typische T\u00e4tigkeitsbereiche Zentrale ingenieurgeologische Leistungen Ingenieurgeologie in Infrastrukturprojekten Die Ingenieurgeologie umfasst eine Vielzahl projektbezogener T\u00e4tigkeiten, die auf die spezifischen Herausforderungen unterschiedlicher Gel\u00e4ndeformen eingehen: B\u00f6schungs- und Hangstabilisierung: Sicherung der Standfestigkeit und Vermeidung von Erosion oder Rutschungen Talsperren\/D\u00e4mme: Bewertung der geologischen Rahmenbedingungen f\u00fcr [&hellip;]<\/p>","protected":false},"author":2,"featured_media":0,"parent":0,"menu_order":0,"comment_status":"closed","ping_status":"closed","template":"elementor_header_footer","meta":{"footnotes":""},"class_list":["post-1024","page","type-page","status-publish","hentry"],"_links":{"self":[{"href":"https:\/\/icp-geologen.de\/fr\/wp-json\/wp\/v2\/pages\/1024","targetHints":{"allow":["GET"]}}],"collection":[{"href":"https:\/\/icp-geologen.de\/fr\/wp-json\/wp\/v2\/pages"}],"about":[{"href":"https:\/\/icp-geologen.de\/fr\/wp-json\/wp\/v2\/types\/page"}],"author":[{"embeddable":true,"href":"https:\/\/icp-geologen.de\/fr\/wp-json\/wp\/v2\/users\/2"}],"replies":[{"embeddable":true,"href":"https:\/\/icp-geologen.de\/fr\/wp-json\/wp\/v2\/comments?post=1024"}],"version-history":[{"count":31,"href":"https:\/\/icp-geologen.de\/fr\/wp-json\/wp\/v2\/pages\/1024\/revisions"}],"predecessor-version":[{"id":1974,"href":"https:\/\/icp-geologen.de\/fr\/wp-json\/wp\/v2\/pages\/1024\/revisions\/1974"}],"wp:attachment":[{"href":"https:\/\/icp-geologen.de\/fr\/wp-json\/wp\/v2\/media?parent=1024"}],"curies":[{"name":"wp","href":"https:\/\/api.w.org\/{rel}","templated":true}]}}