{"id":1305,"date":"2025-08-06T06:18:59","date_gmt":"2025-08-06T06:18:59","guid":{"rendered":"https:\/\/stagging-site-test-wordpress.rz.mup-digital.com\/?page_id=1305"},"modified":"2025-09-22T03:22:27","modified_gmt":"2025-09-22T03:22:27","slug":"altlasten-umwelt","status":"publish","type":"page","link":"https:\/\/icp-geologen.de\/fr\/altlasten-umwelt\/","title":{"rendered":"Sites contamin\u00e9s \/ Environnement"},"content":{"rendered":"<div data-elementor-type=\"wp-page\" data-elementor-id=\"1305\" class=\"elementor elementor-1305\" data-elementor-post-type=\"page\">\n\t\t\t\t<div class=\"elementor-element elementor-element-82e925e e-flex e-con-boxed e-con e-parent\" data-id=\"82e925e\" data-element_type=\"container\" data-settings=\"{&quot;background_background&quot;:&quot;video&quot;,&quot;background_video_link&quot;:&quot;https:\\\/\\\/stagging-site-test-wordpress.rz.mup-digital.com\\\/wp-content\\\/uploads\\\/2025\\\/08\\\/Altlasten-Umwelt-images-1.mp4&quot;,&quot;background_privacy_mode&quot;:&quot;yes&quot;,&quot;ekit_has_onepagescroll_dot&quot;:&quot;yes&quot;}\">\n\t\t\t\t\t<div class=\"e-con-inner\">\n\t\t<div class=\"elementor-background-video-container elementor-hidden-mobile\" aria-hidden=\"true\">\n\t\t\t\t\t\t\t<video class=\"elementor-background-video-hosted\" autoplay muted playsinline loop><\/video>\n\t\t\t\t\t<\/div>\t\t<div class=\"elementor-element elementor-element-1922fea elementor-widget elementor-widget-heading\" data-id=\"1922fea\" data-element_type=\"widget\" data-settings=\"{&quot;ekit_we_effect_on&quot;:&quot;none&quot;}\" data-widget_type=\"heading.default\">\n\t\t\t\t<div class=\"elementor-widget-container\">\n\t\t\t\t\t<h4 class=\"elementor-heading-title elementor-size-default\">Engineering for a better tomorrow<\/h4>\t\t\t\t<\/div>\n\t\t\t\t<\/div>\n\t\t\t\t<div class=\"elementor-element elementor-element-496d11a elementor-widget elementor-widget-heading\" data-id=\"496d11a\" data-element_type=\"widget\" data-settings=\"{&quot;ekit_we_effect_on&quot;:&quot;none&quot;}\" data-widget_type=\"heading.default\">\n\t\t\t\t<div class=\"elementor-widget-container\">\n\t\t\t\t\t<h1 class=\"elementor-heading-title elementor-size-default\">Sites contamin\u00e9s \/ Environnement<\/h1>\t\t\t\t<\/div>\n\t\t\t\t<\/div>\n\t\t\t\t\t<\/div>\n\t\t\t\t<\/div>\n\t\t<div class=\"elementor-element elementor-element-70421f0 e-flex e-con-boxed e-con e-parent\" data-id=\"70421f0\" data-element_type=\"container\" data-settings=\"{&quot;background_background&quot;:&quot;classic&quot;,&quot;ekit_has_onepagescroll_dot&quot;:&quot;yes&quot;}\">\n\t\t\t\t\t<div class=\"e-con-inner\">\n\t\t\t\t<div class=\"elementor-element elementor-element-5e181ca elementor-widget elementor-widget-heading\" data-id=\"5e181ca\" data-element_type=\"widget\" data-settings=\"{&quot;ekit_we_effect_on&quot;:&quot;none&quot;}\" data-widget_type=\"heading.default\">\n\t\t\t\t<div class=\"elementor-widget-container\">\n\t\t\t\t\t<h2 class=\"elementor-heading-title elementor-size-default\">Bedeutung von Boden- und Grundwasserschutz in der Fl\u00e4chenentwicklung<\/h2>\t\t\t\t<\/div>\n\t\t\t\t<\/div>\n\t\t\t\t<div class=\"elementor-element elementor-element-c7f6381 e-n-tabs-mobile elementor-widget elementor-widget-n-tabs\" data-id=\"c7f6381\" data-element_type=\"widget\" data-settings=\"{&quot;tabs_justify_horizontal&quot;:&quot;center&quot;,&quot;horizontal_scroll&quot;:&quot;disable&quot;,&quot;ekit_we_effect_on&quot;:&quot;none&quot;}\" data-widget_type=\"nested-tabs.default\">\n\t\t\t\t<div class=\"elementor-widget-container\">\n\t\t\t\t\t\t\t<div class=\"e-n-tabs\" data-widget-number=\"209675137\" aria-label=\"Tabs. Open items with Enter or Space, close with Escape and navigate using the Arrow keys.\" data-no-translation-aria-label=\"\">\n\t\t\t<div class=\"e-n-tabs-heading\" role=\"tablist\">\n\t\t\t\t\t<button id=\"e-n-tab-title-2096751371\" data-tab-title-id=\"e-n-tab-title-2096751371\" class=\"e-n-tab-title\" aria-selected=\"true\" data-tab-index=\"1\" role=\"tab\" tabindex=\"0\" aria-controls=\"e-n-tab-content-2096751371\" style=\"--n-tabs-title-order: 1;\">\n\t\t\t\t\t\t<span class=\"e-n-tab-title-text\">\n\t\t\t\t\u00c9valuation des sites contamin\u00e9s\t\t\t<\/span>\n\t\t<\/button>\n\t\t\t\t<button id=\"e-n-tab-title-2096751372\" data-tab-title-id=\"e-n-tab-title-2096751372\" class=\"e-n-tab-title\" aria-selected=\"false\" data-tab-index=\"2\" role=\"tab\" tabindex=\"-1\" aria-controls=\"e-n-tab-content-2096751372\" style=\"--n-tabs-title-order: 2;\">\n\t\t\t\t\t\t<span class=\"e-n-tab-title-text\">\n\t\t\t\tTypes de sites contamin\u00e9s\t\t\t<\/span>\n\t\t<\/button>\n\t\t\t\t<button id=\"e-n-tab-title-2096751373\" data-tab-title-id=\"e-n-tab-title-2096751373\" class=\"e-n-tab-title\" aria-selected=\"false\" data-tab-index=\"3\" role=\"tab\" tabindex=\"-1\" aria-controls=\"e-n-tab-content-2096751373\" style=\"--n-tabs-title-order: 3;\">\n\t\t\t\t\t\t<span class=\"e-n-tab-title-text\">\n\t\t\t\tAnalyse des causes des sites contamin\u00e9s\t\t\t<\/span>\n\t\t<\/button>\n\t\t\t\t<button id=\"e-n-tab-title-2096751374\" data-tab-title-id=\"e-n-tab-title-2096751374\" class=\"e-n-tab-title\" aria-selected=\"false\" data-tab-index=\"4\" role=\"tab\" tabindex=\"-1\" aria-controls=\"e-n-tab-content-2096751374\" style=\"--n-tabs-title-order: 4;\">\n\t\t\t\t\t\t<span class=\"e-n-tab-title-text\">\n\t\t\t\tPrestations pour la prospection de sites contamin\u00e9s\t\t\t<\/span>\n\t\t<\/button>\n\t\t\t\t\t<\/div>\n\t\t\t<div class=\"e-n-tabs-content\">\n\t\t\t\t<div id=\"e-n-tab-content-2096751371\" role=\"tabpanel\" aria-labelledby=\"e-n-tab-title-2096751371\" data-tab-index=\"1\" style=\"--n-tabs-title-order: 1;\" class=\"e-active elementor-element elementor-element-7e2726d e-con-full e-flex e-con e-child\" data-id=\"7e2726d\" data-element_type=\"container\" data-settings=\"{&quot;ekit_has_onepagescroll_dot&quot;:&quot;yes&quot;}\">\n\t\t\t\t<div class=\"elementor-element elementor-element-7d873da elementor-widget elementor-widget-image\" data-id=\"7d873da\" data-element_type=\"widget\" data-settings=\"{&quot;ekit_we_effect_on&quot;:&quot;none&quot;}\" data-widget_type=\"image.default\">\n\t\t\t\t<div class=\"elementor-widget-container\">\n\t\t\t\t\t\t\t\t\t\t\t\t\t\t\t<img fetchpriority=\"high\" decoding=\"async\" width=\"800\" height=\"534\" src=\"https:\/\/icp-geologen.de\/wp-content\/uploads\/2025\/08\/Altlasten-Umwelt-images-4.jpg\" class=\"attachment-large size-large wp-image-1313\" alt=\"\" srcset=\"https:\/\/icp-geologen.de\/wp-content\/uploads\/2025\/08\/Altlasten-Umwelt-images-4.jpg 1000w, https:\/\/icp-geologen.de\/wp-content\/uploads\/2025\/08\/Altlasten-Umwelt-images-4-300x200.jpg 300w, https:\/\/icp-geologen.de\/wp-content\/uploads\/2025\/08\/Altlasten-Umwelt-images-4-768x512.jpg 768w, https:\/\/icp-geologen.de\/wp-content\/uploads\/2025\/08\/Altlasten-Umwelt-images-4-18x12.jpg 18w\" sizes=\"(max-width: 800px) 100vw, 800px\" \/>\t\t\t\t\t\t\t\t\t\t\t\t\t\t\t<\/div>\n\t\t\t\t<\/div>\n\t\t\t\t<div class=\"elementor-element elementor-element-0762380 para-color elementor-widget elementor-widget-text-editor\" data-id=\"0762380\" data-element_type=\"widget\" data-settings=\"{&quot;ekit_we_effect_on&quot;:&quot;none&quot;}\" data-widget_type=\"text-editor.default\">\n\t\t\t\t<div class=\"elementor-widget-container\">\n\t\t\t\t\t\t\t\t\t<p>Altlastenbewertungen sind essenziell zur Beurteilung von Risiken und Nutzungspotenzialen eines Grundst\u00fccks. Grundlage ist das Bundes-Bodenschutzgesetz (BBodSchG), das Altlasten als Standorte definiert, von denen Gefahren f\u00fcr Mensch, Wasser, Boden oder Umwelt durch sch\u00e4dliche Bodenver\u00e4nderungen oder schadstoffhaltige Stoffe ausgehen:<\/p><ul><li><strong>Gutachten mit Risikobewertung:<\/strong> Ausf\u00fchrliche Berichte zur Bewertung der Gef\u00e4hrdungslage unter Ber\u00fccksichtigung von Boden, Wasser, Luft und Vegetation<\/li><li><strong>Umwelttechnische Untersuchungen:<\/strong> Detaillierte Standortanalysen zur Ermittlung und Bewertung potenzieller Schadstoffbelastungen<\/li><li><strong>Altlastenberichte:<\/strong> Feststellung und Dokumentation von Belastungssachverhalten als Grundlage f\u00fcr Sanierungsentscheidungen<\/li><li><strong>Abfallklassifizierung:<\/strong> Bewertung der Bodenverwertbarkeit und Kl\u00e4rung der Entsorgungspflicht<\/li><\/ul>\t\t\t\t\t\t\t\t<\/div>\n\t\t\t\t<\/div>\n\t\t\t\t<\/div>\n\t\t<div id=\"e-n-tab-content-2096751372\" role=\"tabpanel\" aria-labelledby=\"e-n-tab-title-2096751372\" data-tab-index=\"2\" style=\"--n-tabs-title-order: 2;\" class=\"elementor-element elementor-element-4a5421e e-con-full e-flex e-con e-child\" data-id=\"4a5421e\" data-element_type=\"container\" data-settings=\"{&quot;ekit_has_onepagescroll_dot&quot;:&quot;yes&quot;}\">\n\t\t\t\t<div class=\"elementor-element elementor-element-ad9154f elementor-widget elementor-widget-image\" data-id=\"ad9154f\" data-element_type=\"widget\" data-settings=\"{&quot;ekit_we_effect_on&quot;:&quot;none&quot;}\" data-widget_type=\"image.default\">\n\t\t\t\t<div class=\"elementor-widget-container\">\n\t\t\t\t\t\t\t\t\t\t\t\t\t\t\t<img decoding=\"async\" width=\"800\" height=\"534\" data-src=\"https:\/\/icp-geologen.de\/wp-content\/uploads\/2025\/08\/Altlasten-Umwelt-images-3.jpg\" class=\"attachment-large size-large wp-image-1312 lazyload\" alt=\"\" data-srcset=\"https:\/\/icp-geologen.de\/wp-content\/uploads\/2025\/08\/Altlasten-Umwelt-images-3.jpg 1000w, https:\/\/icp-geologen.de\/wp-content\/uploads\/2025\/08\/Altlasten-Umwelt-images-3-300x200.jpg 300w, https:\/\/icp-geologen.de\/wp-content\/uploads\/2025\/08\/Altlasten-Umwelt-images-3-768x512.jpg 768w, https:\/\/icp-geologen.de\/wp-content\/uploads\/2025\/08\/Altlasten-Umwelt-images-3-18x12.jpg 18w\" data-sizes=\"(max-width: 800px) 100vw, 800px\" src=\"data:image\/gif;base64,R0lGODlhAQABAAAAACH5BAEKAAEALAAAAAABAAEAAAICTAEAOw==\" style=\"--smush-placeholder-width: 800px; --smush-placeholder-aspect-ratio: 800\/534;\" \/><noscript><img decoding=\"async\" width=\"800\" height=\"534\" src=\"https:\/\/icp-geologen.de\/wp-content\/uploads\/2025\/08\/Altlasten-Umwelt-images-3.jpg\" class=\"attachment-large size-large wp-image-1312\" alt=\"\" srcset=\"https:\/\/icp-geologen.de\/wp-content\/uploads\/2025\/08\/Altlasten-Umwelt-images-3.jpg 1000w, https:\/\/icp-geologen.de\/wp-content\/uploads\/2025\/08\/Altlasten-Umwelt-images-3-300x200.jpg 300w, https:\/\/icp-geologen.de\/wp-content\/uploads\/2025\/08\/Altlasten-Umwelt-images-3-768x512.jpg 768w, https:\/\/icp-geologen.de\/wp-content\/uploads\/2025\/08\/Altlasten-Umwelt-images-3-18x12.jpg 18w\" sizes=\"(max-width: 800px) 100vw, 800px\" \/><\/noscript>\t\t\t\t\t\t\t\t\t\t\t\t\t\t\t<\/div>\n\t\t\t\t<\/div>\n\t\t\t\t<div class=\"elementor-element elementor-element-b9a0b50 para-color elementor-widget elementor-widget-text-editor\" data-id=\"b9a0b50\" data-element_type=\"widget\" data-settings=\"{&quot;ekit_we_effect_on&quot;:&quot;none&quot;}\" data-widget_type=\"text-editor.default\">\n\t\t\t\t<div class=\"elementor-widget-container\">\n\t\t\t\t\t\t\t\t\t<p>Unsere Expert:innen untersuchen verschiedene Typen von Fl\u00e4chen mit typischen Kontaminationsrisiken \u2013 insbesondere solche mit Bezug zu Abfallbehandlung oder Gefahrstoffnutzung:<\/p><ul><li><strong>Stillgelegte Abfallentsorgungsanlagen:<\/strong> Fl\u00e4chen mit ehemals gelagerter, behandelter oder deponierter Abfallfracht<\/li><li><strong>Betriebsfl\u00e4chen stillgelegter Anlagen:<\/strong> Grundst\u00fccke mit fr\u00fcherem Umgang umweltgef\u00e4hrdender Stoffe<\/li><li><strong>Altlasten durch sch\u00e4dliche Bodenver\u00e4nderungen:<\/strong> Fl\u00e4chen, auf denen Schadstoffe zu einer Gef\u00e4hrdung der Umwelt gef\u00fchrt haben<\/li><\/ul>\t\t\t\t\t\t\t\t<\/div>\n\t\t\t\t<\/div>\n\t\t\t\t<\/div>\n\t\t<div id=\"e-n-tab-content-2096751373\" role=\"tabpanel\" aria-labelledby=\"e-n-tab-title-2096751373\" data-tab-index=\"3\" style=\"--n-tabs-title-order: 3;\" class=\"elementor-element elementor-element-c032d7e e-con-full e-flex e-con e-child\" data-id=\"c032d7e\" data-element_type=\"container\" data-settings=\"{&quot;ekit_has_onepagescroll_dot&quot;:&quot;yes&quot;}\">\n\t\t\t\t<div class=\"elementor-element elementor-element-82e05d2 elementor-widget elementor-widget-image\" data-id=\"82e05d2\" data-element_type=\"widget\" data-settings=\"{&quot;ekit_we_effect_on&quot;:&quot;none&quot;}\" data-widget_type=\"image.default\">\n\t\t\t\t<div class=\"elementor-widget-container\">\n\t\t\t\t\t\t\t\t\t\t\t\t\t\t\t<img decoding=\"async\" width=\"800\" height=\"532\" data-src=\"https:\/\/icp-geologen.de\/wp-content\/uploads\/2025\/08\/Altlasten-Umwelt-images-2.jpg\" class=\"attachment-large size-large wp-image-1311 lazyload\" alt=\"\" data-srcset=\"https:\/\/icp-geologen.de\/wp-content\/uploads\/2025\/08\/Altlasten-Umwelt-images-2.jpg 1000w, https:\/\/icp-geologen.de\/wp-content\/uploads\/2025\/08\/Altlasten-Umwelt-images-2-300x200.jpg 300w, https:\/\/icp-geologen.de\/wp-content\/uploads\/2025\/08\/Altlasten-Umwelt-images-2-768x511.jpg 768w, https:\/\/icp-geologen.de\/wp-content\/uploads\/2025\/08\/Altlasten-Umwelt-images-2-18x12.jpg 18w\" data-sizes=\"(max-width: 800px) 100vw, 800px\" src=\"data:image\/gif;base64,R0lGODlhAQABAAAAACH5BAEKAAEALAAAAAABAAEAAAICTAEAOw==\" style=\"--smush-placeholder-width: 800px; --smush-placeholder-aspect-ratio: 800\/532;\" \/><noscript><img decoding=\"async\" width=\"800\" height=\"532\" src=\"https:\/\/icp-geologen.de\/wp-content\/uploads\/2025\/08\/Altlasten-Umwelt-images-2.jpg\" class=\"attachment-large size-large wp-image-1311\" alt=\"\" srcset=\"https:\/\/icp-geologen.de\/wp-content\/uploads\/2025\/08\/Altlasten-Umwelt-images-2.jpg 1000w, https:\/\/icp-geologen.de\/wp-content\/uploads\/2025\/08\/Altlasten-Umwelt-images-2-300x200.jpg 300w, https:\/\/icp-geologen.de\/wp-content\/uploads\/2025\/08\/Altlasten-Umwelt-images-2-768x511.jpg 768w, https:\/\/icp-geologen.de\/wp-content\/uploads\/2025\/08\/Altlasten-Umwelt-images-2-18x12.jpg 18w\" sizes=\"(max-width: 800px) 100vw, 800px\" \/><\/noscript>\t\t\t\t\t\t\t\t\t\t\t\t\t\t\t<\/div>\n\t\t\t\t<\/div>\n\t\t\t\t<div class=\"elementor-element elementor-element-d3176e6 para-color elementor-widget elementor-widget-text-editor\" data-id=\"d3176e6\" data-element_type=\"widget\" data-settings=\"{&quot;ekit_we_effect_on&quot;:&quot;none&quot;}\" data-widget_type=\"text-editor.default\">\n\t\t\t\t<div class=\"elementor-widget-container\">\n\t\t\t\t\t\t\t\t\t<p>Verunreinigungen entstehen oft durch eine Vielzahl an Umwelt- und Fremdeinwirkungen \u2013 jede erfordert eine individuelle Analyse:<\/p><ul><li><strong>Unf\u00e4lle mit wassergef\u00e4hrdenden Stoffen:<\/strong> Ausgetretene Fl\u00fcssigkeiten oder Leckagen mit Belastungsfolgen f\u00fcr Boden und Grundwasser<\/li><li><strong>Fahrl\u00e4ssiger Umgang mit Gefahrstoffen:<\/strong> Unsachgem\u00e4\u00dfe Lagerung oder Entsorgung giftiger Materialien<\/li><li><strong>Besch\u00e4digte Anlagentechnik:<\/strong> Korrodierte Tanks, Leitungen oder Bauteile mit Leckagepotenzial<\/li><li><strong>Illegale Abfallablagerungen:<\/strong> Unkontrollierte Einbringung fester oder fl\u00fcssiger Abf\u00e4lle<\/li><li><strong>Kriegsbedingte Belastungen:<\/strong> Standorte mit Auswirkungen durch Bombenabw\u00fcrfe oder andere kriegsbedingte Einwirkungen<\/li><\/ul>\t\t\t\t\t\t\t\t<\/div>\n\t\t\t\t<\/div>\n\t\t\t\t<\/div>\n\t\t<div id=\"e-n-tab-content-2096751374\" role=\"tabpanel\" aria-labelledby=\"e-n-tab-title-2096751374\" data-tab-index=\"4\" style=\"--n-tabs-title-order: 4;\" class=\"elementor-element elementor-element-051c23b e-con-full e-flex e-con e-child\" data-id=\"051c23b\" data-element_type=\"container\" data-settings=\"{&quot;ekit_has_onepagescroll_dot&quot;:&quot;yes&quot;}\">\n\t\t\t\t<div class=\"elementor-element elementor-element-9a3c94f elementor-widget elementor-widget-image\" data-id=\"9a3c94f\" data-element_type=\"widget\" data-settings=\"{&quot;ekit_we_effect_on&quot;:&quot;none&quot;}\" data-widget_type=\"image.default\">\n\t\t\t\t<div class=\"elementor-widget-container\">\n\t\t\t\t\t\t\t\t\t\t\t\t\t\t\t<img loading=\"lazy\" decoding=\"async\" width=\"800\" height=\"450\" data-src=\"https:\/\/icp-geologen.de\/wp-content\/uploads\/2025\/08\/Altlasten-Umwelt-images-1.jpg\" class=\"attachment-large size-large wp-image-1310 lazyload\" alt=\"\" data-srcset=\"https:\/\/icp-geologen.de\/wp-content\/uploads\/2025\/08\/Altlasten-Umwelt-images-1.jpg 1000w, https:\/\/icp-geologen.de\/wp-content\/uploads\/2025\/08\/Altlasten-Umwelt-images-1-300x169.jpg 300w, https:\/\/icp-geologen.de\/wp-content\/uploads\/2025\/08\/Altlasten-Umwelt-images-1-768x432.jpg 768w, https:\/\/icp-geologen.de\/wp-content\/uploads\/2025\/08\/Altlasten-Umwelt-images-1-18x10.jpg 18w\" data-sizes=\"(max-width: 800px) 100vw, 800px\" src=\"data:image\/gif;base64,R0lGODlhAQABAAAAACH5BAEKAAEALAAAAAABAAEAAAICTAEAOw==\" style=\"--smush-placeholder-width: 800px; --smush-placeholder-aspect-ratio: 800\/450;\" \/><noscript><img loading=\"lazy\" decoding=\"async\" width=\"800\" height=\"450\" src=\"https:\/\/icp-geologen.de\/wp-content\/uploads\/2025\/08\/Altlasten-Umwelt-images-1.jpg\" class=\"attachment-large size-large wp-image-1310\" alt=\"\" srcset=\"https:\/\/icp-geologen.de\/wp-content\/uploads\/2025\/08\/Altlasten-Umwelt-images-1.jpg 1000w, https:\/\/icp-geologen.de\/wp-content\/uploads\/2025\/08\/Altlasten-Umwelt-images-1-300x169.jpg 300w, https:\/\/icp-geologen.de\/wp-content\/uploads\/2025\/08\/Altlasten-Umwelt-images-1-768x432.jpg 768w, https:\/\/icp-geologen.de\/wp-content\/uploads\/2025\/08\/Altlasten-Umwelt-images-1-18x10.jpg 18w\" sizes=\"(max-width: 800px) 100vw, 800px\" \/><\/noscript>\t\t\t\t\t\t\t\t\t\t\t\t\t\t\t<\/div>\n\t\t\t\t<\/div>\n\t\t\t\t<div class=\"elementor-element elementor-element-a9eb5cb para-color elementor-widget elementor-widget-text-editor\" data-id=\"a9eb5cb\" data-element_type=\"widget\" data-settings=\"{&quot;ekit_we_effect_on&quot;:&quot;none&quot;}\" data-widget_type=\"text-editor.default\">\n\t\t\t\t<div class=\"elementor-widget-container\">\n\t\t\t\t\t\t\t\t\t<p>Unser interdisziplin\u00e4res Team bietet ein umfassendes Leistungsspektrum zur Beurteilung, Dokumentation und Risikobew\u00e4ltigung kontaminierter Standorte:<\/p><ul><li><strong>Historische Recherchen:<\/strong> Untersuchung vergangener Nutzungen und Altlastenvorg\u00e4nge sowie deren langfristige Wirkungen<\/li><li><strong>Erkundungskonzepte:<\/strong> Ma\u00dfgeschneiderte Strategien f\u00fcr Orientierende und Detailuntersuchungen zur Erfassung von Schadstoffbelastungen<\/li><li><strong>Beh\u00f6rdenabstimmung:<\/strong> Koordination mit Aufsichts- und Genehmigungsbeh\u00f6rden sowie weiteren Projektbeteiligten<\/li><li><strong>Technische Erkundung:<\/strong> Untersuchung ehemaliger Deponien, Altstandorte und Tankstellen<\/li><li><strong>Probenahmen (Boden, Bodenluft, Wasser, Schl\u00e4mme):<\/strong> Entnahme und Analyse zur Bestimmung der Belastungssituation<\/li><li><strong>Gef\u00e4hrdungsabsch\u00e4tzungen:<\/strong> Bewertung potenzieller Risiken f\u00fcr Mensch und Umwelt<\/li><li><strong>Sanierungskonzepte:<\/strong> Entwicklung objektspezifischer Strategien zur Gefahrenabwehr und Fl\u00e4chensanierung<\/li><li><strong>Monitoring und Dokumentation:<\/strong> Laufende Begleitung, \u00dcberwachung und Berichterstattung im Rahmen der Erkundung und Sanierung<\/li><\/ul>\t\t\t\t\t\t\t\t<\/div>\n\t\t\t\t<\/div>\n\t\t\t\t<\/div>\n\t\t\t\t\t<\/div>\n\t\t<\/div>\n\t\t\t\t\t\t<\/div>\n\t\t\t\t<\/div>\n\t\t\t\t\t<\/div>\n\t\t\t\t<\/div>\n\t\t<div class=\"elementor-element elementor-element-cb8cb35 e-flex e-con-boxed e-con e-parent\" data-id=\"cb8cb35\" data-element_type=\"container\" data-settings=\"{&quot;ekit_has_onepagescroll_dot&quot;:&quot;yes&quot;}\">\n\t\t\t\t\t<div class=\"e-con-inner\">\n\t\t<div class=\"elementor-element elementor-element-b70aa69 e-con-full e-flex e-con e-child\" data-id=\"b70aa69\" data-element_type=\"container\" data-settings=\"{&quot;ekit_has_onepagescroll_dot&quot;:&quot;yes&quot;}\">\n\t\t<div class=\"elementor-element elementor-element-926619d e-con-full e-flex e-con e-child\" data-id=\"926619d\" data-element_type=\"container\" data-settings=\"{&quot;ekit_has_onepagescroll_dot&quot;:&quot;yes&quot;}\">\n\t\t\t\t<div class=\"elementor-element elementor-element-ddbea1f elementor-widget elementor-widget-heading\" data-id=\"ddbea1f\" data-element_type=\"widget\" data-settings=\"{&quot;ekit_we_effect_on&quot;:&quot;none&quot;}\" data-widget_type=\"heading.default\">\n\t\t\t\t<div class=\"elementor-widget-container\">\n\t\t\t\t\t<h4 class=\"elementor-heading-title elementor-size-default\">ICP INGENIEURE GmbH<\/h4>\t\t\t\t<\/div>\n\t\t\t\t<\/div>\n\t\t\t\t<div class=\"elementor-element elementor-element-6e27884 elementor-widget elementor-widget-heading\" data-id=\"6e27884\" data-element_type=\"widget\" data-settings=\"{&quot;ekit_we_effect_on&quot;:&quot;none&quot;}\" data-widget_type=\"heading.default\">\n\t\t\t\t<div class=\"elementor-widget-container\">\n\t\t\t\t\t<h2 class=\"elementor-heading-title elementor-size-default\">Sites contamin\u00e9s \/ Environnement<\/h2>\t\t\t\t<\/div>\n\t\t\t\t<\/div>\n\t\t\t\t<div class=\"elementor-element elementor-element-666ac3a para-color elementor-widget elementor-widget-text-editor\" data-id=\"666ac3a\" data-element_type=\"widget\" data-settings=\"{&quot;ekit_we_effect_on&quot;:&quot;none&quot;}\" data-widget_type=\"text-editor.default\">\n\t\t\t\t<div class=\"elementor-widget-container\">\n\t\t\t\t\t\t\t\t\t<p>Altlasten sind Standorte, an denen Boden, Wasser oder Luft durch gef\u00e4hrliche Stoffe verunreinigt wurden und die daher umwelttechnische Ma\u00dfnahmen zur Bewertung, Sicherung und Sanierung erfordern.<\/p><p>Boden- und Grundwasserschutz sind zentrale Themen in der Fl\u00e4chenentwicklung \u2013 insbesondere bei Verdachtsfl\u00e4chen. Viele Grundst\u00fccke mit hohem Entwicklungspotenzial werden aufgrund vermuteter oder bestehender Belastungen nicht genutzt.<\/p><p><strong>Die ICP Ingenieure GmbH bietet fundierte Analysen, Risikobewertungen und fachliche Begleitung<\/strong>, um diesen Herausforderungen zu begegnen. Ziel ist es, regulatorische Anforderungen zu erf\u00fcllen und die Fl\u00e4chennutzung optimal zu gestalten. Unsere Leistungen umfassen Gutachten, Sanierungsplanung sowie R\u00fcckbau- und Abbruchbegleitung zur Bew\u00e4ltigung und Minderung umwelttechnischer Risiken.<\/p><h5><strong>Weitere Aspekte der Altlastenerkundung<\/strong><\/h5><p class=\"translation-block\">Die Auswahl des geeigneten Vorgehens bei der Erkundung von Altlasten richtet sich nach grundlegenden Prinzipien, um <strong>Sicherheit, Wirtschaftlichkeit und Rechtskonformit\u00e4t<\/strong> sicherzustellen:<\/p><ul><li>Aussagekr\u00e4ftige Analysen zur Risikobewertung und zur Ableitung von Sanierungsma\u00dfnahmen<\/li><li>Kosteneffizienz durch gezielte, effektive Untersuchungsmethoden, die unn\u00f6tige Aufw\u00e4nde vermeiden<\/li><li>Zeitgerechte Umsetzung, um Verz\u00f6gerungen in der Fl\u00e4chenentwicklung zu verhindern und Umweltgefahren schnell zu begegnen<\/li><li>Einhaltung gesetzlicher Vorgaben auf kommunaler und bundesweiter Ebene, insbesondere gem\u00e4\u00df Bundes-Bodenschutzgesetz (BBodSchG)<\/li><\/ul><p><br \/>Durch die konsequente Anwendung dieser Grunds\u00e4tze sorgt die ICP Ingenieure GmbH daf\u00fcr, dass jede Altlastenerkundung zu einer <strong>sicheren, nachhaltigen und wirtschaftlichen Fl\u00e4chennutzung<\/strong> beitr\u00e4gt.<\/p>\t\t\t\t\t\t\t\t<\/div>\n\t\t\t\t<\/div>\n\t\t\t\t<\/div>\n\t\t<div class=\"elementor-element elementor-element-0310b0c e-con-full e-flex e-con e-child\" data-id=\"0310b0c\" data-element_type=\"container\" data-settings=\"{&quot;ekit_has_onepagescroll_dot&quot;:&quot;yes&quot;}\">\n\t\t\t\t<div class=\"elementor-element elementor-element-b955e57 elementor-widget elementor-widget-image\" data-id=\"b955e57\" data-element_type=\"widget\" data-settings=\"{&quot;ekit_we_effect_on&quot;:&quot;none&quot;}\" data-widget_type=\"image.default\">\n\t\t\t\t<div class=\"elementor-widget-container\">\n\t\t\t\t\t\t\t\t\t\t\t\t\t\t\t<img loading=\"lazy\" decoding=\"async\" width=\"800\" height=\"517\" data-src=\"https:\/\/icp-geologen.de\/wp-content\/uploads\/2025\/08\/Altlasten-Umwelt-images-5.jpg\" class=\"attachment-large size-large wp-image-1314 lazyload\" alt=\"\" data-srcset=\"https:\/\/icp-geologen.de\/wp-content\/uploads\/2025\/08\/Altlasten-Umwelt-images-5.jpg 1000w, https:\/\/icp-geologen.de\/wp-content\/uploads\/2025\/08\/Altlasten-Umwelt-images-5-300x194.jpg 300w, https:\/\/icp-geologen.de\/wp-content\/uploads\/2025\/08\/Altlasten-Umwelt-images-5-768x496.jpg 768w, https:\/\/icp-geologen.de\/wp-content\/uploads\/2025\/08\/Altlasten-Umwelt-images-5-18x12.jpg 18w\" data-sizes=\"(max-width: 800px) 100vw, 800px\" src=\"data:image\/gif;base64,R0lGODlhAQABAAAAACH5BAEKAAEALAAAAAABAAEAAAICTAEAOw==\" style=\"--smush-placeholder-width: 800px; --smush-placeholder-aspect-ratio: 800\/517;\" \/><noscript><img loading=\"lazy\" decoding=\"async\" width=\"800\" height=\"517\" src=\"https:\/\/icp-geologen.de\/wp-content\/uploads\/2025\/08\/Altlasten-Umwelt-images-5.jpg\" class=\"attachment-large size-large wp-image-1314\" alt=\"\" srcset=\"https:\/\/icp-geologen.de\/wp-content\/uploads\/2025\/08\/Altlasten-Umwelt-images-5.jpg 1000w, https:\/\/icp-geologen.de\/wp-content\/uploads\/2025\/08\/Altlasten-Umwelt-images-5-300x194.jpg 300w, https:\/\/icp-geologen.de\/wp-content\/uploads\/2025\/08\/Altlasten-Umwelt-images-5-768x496.jpg 768w, https:\/\/icp-geologen.de\/wp-content\/uploads\/2025\/08\/Altlasten-Umwelt-images-5-18x12.jpg 18w\" sizes=\"(max-width: 800px) 100vw, 800px\" \/><\/noscript>\t\t\t\t\t\t\t\t\t\t\t\t\t\t\t<\/div>\n\t\t\t\t<\/div>\n\t\t\t\t<\/div>\n\t\t\t\t<\/div>\n\t\t\t\t\t<\/div>\n\t\t\t\t<\/div>\n\t\t\t\t<\/div>","protected":false},"excerpt":{"rendered":"<p>Engineering for a better tomorrow Altlasten \/ Umwelt Bedeutung von Boden- und Grundwasserschutz in der Fl\u00e4chenentwicklung Altlastenbewertung Arten von Altlasten Ursachenuntersuchung von Altlasten Leistungen zur Altlastenerkundung Altlastenbewertungen sind essenziell zur Beurteilung von Risiken und Nutzungspotenzialen eines Grundst\u00fccks. Grundlage ist das Bundes-Bodenschutzgesetz (BBodSchG), das Altlasten als Standorte definiert, von denen Gefahren f\u00fcr Mensch, Wasser, Boden oder [&hellip;]<\/p>","protected":false},"author":2,"featured_media":0,"parent":0,"menu_order":0,"comment_status":"closed","ping_status":"closed","template":"elementor_header_footer","meta":{"footnotes":""},"class_list":["post-1305","page","type-page","status-publish","hentry"],"_links":{"self":[{"href":"https:\/\/icp-geologen.de\/fr\/wp-json\/wp\/v2\/pages\/1305","targetHints":{"allow":["GET"]}}],"collection":[{"href":"https:\/\/icp-geologen.de\/fr\/wp-json\/wp\/v2\/pages"}],"about":[{"href":"https:\/\/icp-geologen.de\/fr\/wp-json\/wp\/v2\/types\/page"}],"author":[{"embeddable":true,"href":"https:\/\/icp-geologen.de\/fr\/wp-json\/wp\/v2\/users\/2"}],"replies":[{"embeddable":true,"href":"https:\/\/icp-geologen.de\/fr\/wp-json\/wp\/v2\/comments?post=1305"}],"version-history":[{"count":34,"href":"https:\/\/icp-geologen.de\/fr\/wp-json\/wp\/v2\/pages\/1305\/revisions"}],"predecessor-version":[{"id":1986,"href":"https:\/\/icp-geologen.de\/fr\/wp-json\/wp\/v2\/pages\/1305\/revisions\/1986"}],"wp:attachment":[{"href":"https:\/\/icp-geologen.de\/fr\/wp-json\/wp\/v2\/media?parent=1305"}],"curies":[{"name":"wp","href":"https:\/\/api.w.org\/{rel}","templated":true}]}}