{"id":1350,"date":"2025-08-06T07:33:39","date_gmt":"2025-08-06T07:33:39","guid":{"rendered":"https:\/\/stagging-site-test-wordpress.rz.mup-digital.com\/?page_id=1350"},"modified":"2025-09-22T03:22:29","modified_gmt":"2025-09-22T03:22:29","slug":"ueberwachungen","status":"publish","type":"page","link":"https:\/\/icp-geologen.de\/fr\/ueberwachungen\/","title":{"rendered":"Surveillances"},"content":{"rendered":"<div data-elementor-type=\"wp-page\" data-elementor-id=\"1350\" class=\"elementor elementor-1350\" data-elementor-post-type=\"page\">\n\t\t\t\t<div class=\"elementor-element elementor-element-82e925e e-flex e-con-boxed e-con e-parent\" data-id=\"82e925e\" data-element_type=\"container\" data-settings=\"{&quot;background_background&quot;:&quot;video&quot;,&quot;background_video_link&quot;:&quot;https:\\\/\\\/stagging-site-test-wordpress.rz.mup-digital.com\\\/wp-content\\\/uploads\\\/2025\\\/08\\\/Surveillances-images-ICP-1.mp4&quot;,&quot;background_privacy_mode&quot;:&quot;yes&quot;,&quot;ekit_has_onepagescroll_dot&quot;:&quot;yes&quot;}\">\n\t\t\t\t\t<div class=\"e-con-inner\">\n\t\t<div class=\"elementor-background-video-container elementor-hidden-mobile\" aria-hidden=\"true\">\n\t\t\t\t\t\t\t<video class=\"elementor-background-video-hosted\" autoplay muted playsinline loop><\/video>\n\t\t\t\t\t<\/div>\t\t<div class=\"elementor-element elementor-element-1922fea elementor-widget elementor-widget-heading\" data-id=\"1922fea\" data-element_type=\"widget\" data-settings=\"{&quot;ekit_we_effect_on&quot;:&quot;none&quot;}\" data-widget_type=\"heading.default\">\n\t\t\t\t<div class=\"elementor-widget-container\">\n\t\t\t\t\t<h4 class=\"elementor-heading-title elementor-size-default\">Engineering for a better tomorrow<\/h4>\t\t\t\t<\/div>\n\t\t\t\t<\/div>\n\t\t\t\t<div class=\"elementor-element elementor-element-496d11a elementor-widget elementor-widget-heading\" data-id=\"496d11a\" data-element_type=\"widget\" data-settings=\"{&quot;ekit_we_effect_on&quot;:&quot;none&quot;}\" data-widget_type=\"heading.default\">\n\t\t\t\t<div class=\"elementor-widget-container\">\n\t\t\t\t\t<h1 class=\"elementor-heading-title elementor-size-default\">Surveillances<\/h1>\t\t\t\t<\/div>\n\t\t\t\t<\/div>\n\t\t\t\t\t<\/div>\n\t\t\t\t<\/div>\n\t\t<div class=\"elementor-element elementor-element-70421f0 e-flex e-con-boxed e-con e-parent\" data-id=\"70421f0\" data-element_type=\"container\" data-settings=\"{&quot;background_background&quot;:&quot;classic&quot;,&quot;ekit_has_onepagescroll_dot&quot;:&quot;yes&quot;}\">\n\t\t\t\t\t<div class=\"e-con-inner\">\n\t\t\t\t<div class=\"elementor-element elementor-element-5e181ca elementor-widget elementor-widget-heading\" data-id=\"5e181ca\" data-element_type=\"widget\" data-settings=\"{&quot;ekit_we_effect_on&quot;:&quot;none&quot;}\" data-widget_type=\"heading.default\">\n\t\t\t\t<div class=\"elementor-widget-container\">\n\t\t\t\t\t<h2 class=\"elementor-heading-title elementor-size-default\">Bedeutung geologischer \u00dcberwachung f\u00fcr die Risikobewertung<\/h2>\t\t\t\t<\/div>\n\t\t\t\t<\/div>\n\t\t\t\t<div class=\"elementor-element elementor-element-c7f6381 e-n-tabs-mobile elementor-widget elementor-widget-n-tabs\" data-id=\"c7f6381\" data-element_type=\"widget\" data-settings=\"{&quot;tabs_justify_horizontal&quot;:&quot;center&quot;,&quot;horizontal_scroll&quot;:&quot;disable&quot;,&quot;ekit_we_effect_on&quot;:&quot;none&quot;}\" data-widget_type=\"nested-tabs.default\">\n\t\t\t\t<div class=\"elementor-widget-container\">\n\t\t\t\t\t\t\t<div class=\"e-n-tabs\" data-widget-number=\"209675137\" aria-label=\"Onglets. Ouvrez des \u00e9l\u00e9ments avec Entrer ou Espace, fermez-les avec Echape et naviguez \u00e0 l&#039;aide des touches fl\u00e9ch\u00e9es.\" data-no-translation-aria-label=\"\">\n\t\t\t<div class=\"e-n-tabs-heading\" role=\"tablist\">\n\t\t\t\t\t<button id=\"e-n-tab-title-2096751371\" data-tab-title-id=\"e-n-tab-title-2096751371\" class=\"e-n-tab-title\" aria-selected=\"true\" data-tab-index=\"1\" role=\"tab\" tabindex=\"0\" aria-controls=\"e-n-tab-content-2096751371\" style=\"--n-tabs-title-order: 1;\">\n\t\t\t\t\t\t<span class=\"e-n-tab-title-text\">\n\t\t\t\tEssais de contr\u00f4le dans les travaux de terrassement\t\t\t<\/span>\n\t\t<\/button>\n\t\t\t\t<button id=\"e-n-tab-title-2096751372\" data-tab-title-id=\"e-n-tab-title-2096751372\" class=\"e-n-tab-title\" aria-selected=\"false\" data-tab-index=\"2\" role=\"tab\" tabindex=\"-1\" aria-controls=\"e-n-tab-content-2096751372\" style=\"--n-tabs-title-order: 2;\">\n\t\t\t\t\t\t<span class=\"e-n-tab-title-text\">\n\t\t\t\tMesures inclinom\u00e9triques verticales\t\t\t<\/span>\n\t\t<\/button>\n\t\t\t\t<button id=\"e-n-tab-title-2096751373\" data-tab-title-id=\"e-n-tab-title-2096751373\" class=\"e-n-tab-title\" aria-selected=\"false\" data-tab-index=\"3\" role=\"tab\" tabindex=\"-1\" aria-controls=\"e-n-tab-content-2096751373\" style=\"--n-tabs-title-order: 3;\">\n\t\t\t\t\t\t<span class=\"e-n-tab-title-text\">\n\t\t\t\tD\u00e9termination du degr\u00e9 de compactage\t\t\t<\/span>\n\t\t<\/button>\n\t\t\t\t\t<\/div>\n\t\t\t<div class=\"e-n-tabs-content\">\n\t\t\t\t<div id=\"e-n-tab-content-2096751371\" role=\"tabpanel\" aria-labelledby=\"e-n-tab-title-2096751371\" data-tab-index=\"1\" style=\"--n-tabs-title-order: 1;\" class=\"e-active elementor-element elementor-element-7e2726d e-con-full e-flex e-con e-child\" data-id=\"7e2726d\" data-element_type=\"container\" data-settings=\"{&quot;ekit_has_onepagescroll_dot&quot;:&quot;yes&quot;}\">\n\t\t\t\t<div class=\"elementor-element elementor-element-7d873da elementor-widget elementor-widget-image\" data-id=\"7d873da\" data-element_type=\"widget\" data-settings=\"{&quot;ekit_we_effect_on&quot;:&quot;none&quot;}\" data-widget_type=\"image.default\">\n\t\t\t\t<div class=\"elementor-widget-container\">\n\t\t\t\t\t\t\t\t\t\t\t\t\t\t\t<img fetchpriority=\"high\" decoding=\"async\" width=\"800\" height=\"534\" src=\"https:\/\/icp-geologen.de\/wp-content\/uploads\/2025\/08\/Surveillances-images-ICP-3.jpg\" class=\"attachment-large size-large wp-image-1347\" alt=\"\" srcset=\"https:\/\/icp-geologen.de\/wp-content\/uploads\/2025\/08\/Surveillances-images-ICP-3.jpg 1000w, https:\/\/icp-geologen.de\/wp-content\/uploads\/2025\/08\/Surveillances-images-ICP-3-300x200.jpg 300w, https:\/\/icp-geologen.de\/wp-content\/uploads\/2025\/08\/Surveillances-images-ICP-3-768x512.jpg 768w, https:\/\/icp-geologen.de\/wp-content\/uploads\/2025\/08\/Surveillances-images-ICP-3-18x12.jpg 18w\" sizes=\"(max-width: 800px) 100vw, 800px\" \/>\t\t\t\t\t\t\t\t\t\t\t\t\t\t\t<\/div>\n\t\t\t\t<\/div>\n\t\t\t\t<div class=\"elementor-element elementor-element-0762380 para-color elementor-widget elementor-widget-text-editor\" data-id=\"0762380\" data-element_type=\"widget\" data-settings=\"{&quot;ekit_we_effect_on&quot;:&quot;none&quot;}\" data-widget_type=\"text-editor.default\">\n\t\t\t\t<div class=\"elementor-widget-container\">\n\t\t\t\t\t\t\t\t\t<p>Unser Team f\u00fchrt umfassende \u00dcberwachungs- und Pr\u00fcfma\u00dfnahmen durch, um sicherzustellen, dass der Erdbau den geforderten technischen Standards entspricht:<\/p><ul><li><strong>Rammsondierungen (DPL, DPM, DPH):<\/strong> Durchf\u00fchrung nach DIN EN ISO 22476-2 zur Beurteilung der Lagerungsdichte<\/li><li><strong>Dynamische Plattendruckversuche:<\/strong> Nach TP-BF StB Teil 8.3 zur Pr\u00fcfung der Verdichtung unter dynamischer Belastung<\/li><li><strong>Statische Plattendruckversuche:<\/strong> Nach DIN 18134 mit Plattendurchmessern von 300 mm, 600 mm und 762 mm zur Ermittlung der Tragf\u00e4higkeit und Verdichtung<\/li><\/ul>\t\t\t\t\t\t\t\t<\/div>\n\t\t\t\t<\/div>\n\t\t\t\t<\/div>\n\t\t<div id=\"e-n-tab-content-2096751372\" role=\"tabpanel\" aria-labelledby=\"e-n-tab-title-2096751372\" data-tab-index=\"2\" style=\"--n-tabs-title-order: 2;\" class=\"elementor-element elementor-element-4a5421e e-con-full e-flex e-con e-child\" data-id=\"4a5421e\" data-element_type=\"container\" data-settings=\"{&quot;ekit_has_onepagescroll_dot&quot;:&quot;yes&quot;}\">\n\t\t\t\t<div class=\"elementor-element elementor-element-ad9154f elementor-widget elementor-widget-image\" data-id=\"ad9154f\" data-element_type=\"widget\" data-settings=\"{&quot;ekit_we_effect_on&quot;:&quot;none&quot;}\" data-widget_type=\"image.default\">\n\t\t\t\t<div class=\"elementor-widget-container\">\n\t\t\t\t\t\t\t\t\t\t\t\t\t\t\t<img decoding=\"async\" width=\"800\" height=\"534\" data-src=\"https:\/\/icp-geologen.de\/wp-content\/uploads\/2025\/08\/Surveillances-images-ICP-2.jpg\" class=\"attachment-large size-large wp-image-1346 lazyload\" alt=\"\" data-srcset=\"https:\/\/icp-geologen.de\/wp-content\/uploads\/2025\/08\/Surveillances-images-ICP-2.jpg 1000w, https:\/\/icp-geologen.de\/wp-content\/uploads\/2025\/08\/Surveillances-images-ICP-2-300x200.jpg 300w, https:\/\/icp-geologen.de\/wp-content\/uploads\/2025\/08\/Surveillances-images-ICP-2-768x512.jpg 768w, https:\/\/icp-geologen.de\/wp-content\/uploads\/2025\/08\/Surveillances-images-ICP-2-18x12.jpg 18w\" data-sizes=\"(max-width: 800px) 100vw, 800px\" src=\"data:image\/gif;base64,R0lGODlhAQABAAAAACH5BAEKAAEALAAAAAABAAEAAAICTAEAOw==\" style=\"--smush-placeholder-width: 800px; --smush-placeholder-aspect-ratio: 800\/534;\" \/><noscript><img decoding=\"async\" width=\"800\" height=\"534\" src=\"https:\/\/icp-geologen.de\/wp-content\/uploads\/2025\/08\/Surveillances-images-ICP-2.jpg\" class=\"attachment-large size-large wp-image-1346\" alt=\"\" srcset=\"https:\/\/icp-geologen.de\/wp-content\/uploads\/2025\/08\/Surveillances-images-ICP-2.jpg 1000w, https:\/\/icp-geologen.de\/wp-content\/uploads\/2025\/08\/Surveillances-images-ICP-2-300x200.jpg 300w, https:\/\/icp-geologen.de\/wp-content\/uploads\/2025\/08\/Surveillances-images-ICP-2-768x512.jpg 768w, https:\/\/icp-geologen.de\/wp-content\/uploads\/2025\/08\/Surveillances-images-ICP-2-18x12.jpg 18w\" sizes=\"(max-width: 800px) 100vw, 800px\" \/><\/noscript>\t\t\t\t\t\t\t\t\t\t\t\t\t\t\t<\/div>\n\t\t\t\t<\/div>\n\t\t\t\t<div class=\"elementor-element elementor-element-b9a0b50 para-color elementor-widget elementor-widget-text-editor\" data-id=\"b9a0b50\" data-element_type=\"widget\" data-settings=\"{&quot;ekit_we_effect_on&quot;:&quot;none&quot;}\" data-widget_type=\"text-editor.default\">\n\t\t\t\t<div class=\"elementor-widget-container\">\n\t\t\t\t\t\t\t\t\t<p class=\"translation-block\">Unsere Fachleute f\u00fchren pr\u00e4zise vertikale Inklinometermessungen durch, um <strong>Bodenbewegungen zu erfassen<\/strong> und die <strong>langfristige Standsicherheit<\/strong> zu gew\u00e4hrleisten:<\/p><ul><li><strong>\u00dcberwachung horizontaler Bewegungen:<\/strong> Erfassung von Querbewegungen unterhalb der Oberfl\u00e4che in verschiedenen Tiefenlagen<\/li><li><strong>Boden\u00fcberwachung:<\/strong> Detektion potenzieller Verlagerungen in rutschgef\u00e4hrdeten oder setzungsempfindlichen Bereichen<\/li><li><strong>Beweissicherung:<\/strong> Dokumentation von Bodenverschiebungen zur rechtlichen Absicherung bei Geb\u00e4udesch\u00e4den oder Gel\u00e4ndeinstabilit\u00e4ten<\/li><\/ul>\t\t\t\t\t\t\t\t<\/div>\n\t\t\t\t<\/div>\n\t\t\t\t<\/div>\n\t\t<div id=\"e-n-tab-content-2096751373\" role=\"tabpanel\" aria-labelledby=\"e-n-tab-title-2096751373\" data-tab-index=\"3\" style=\"--n-tabs-title-order: 3;\" class=\"elementor-element elementor-element-c032d7e e-con-full e-flex e-con e-child\" data-id=\"c032d7e\" data-element_type=\"container\" data-settings=\"{&quot;ekit_has_onepagescroll_dot&quot;:&quot;yes&quot;}\">\n\t\t\t\t<div class=\"elementor-element elementor-element-82e05d2 elementor-widget elementor-widget-image\" data-id=\"82e05d2\" data-element_type=\"widget\" data-settings=\"{&quot;ekit_we_effect_on&quot;:&quot;none&quot;}\" data-widget_type=\"image.default\">\n\t\t\t\t<div class=\"elementor-widget-container\">\n\t\t\t\t\t\t\t\t\t\t\t\t\t\t\t<img decoding=\"async\" width=\"800\" height=\"534\" data-src=\"https:\/\/icp-geologen.de\/wp-content\/uploads\/2025\/08\/Surveillances-images-ICP-1.jpg\" class=\"attachment-large size-large wp-image-1345 lazyload\" alt=\"\" data-srcset=\"https:\/\/icp-geologen.de\/wp-content\/uploads\/2025\/08\/Surveillances-images-ICP-1.jpg 1000w, https:\/\/icp-geologen.de\/wp-content\/uploads\/2025\/08\/Surveillances-images-ICP-1-300x200.jpg 300w, https:\/\/icp-geologen.de\/wp-content\/uploads\/2025\/08\/Surveillances-images-ICP-1-768x512.jpg 768w, https:\/\/icp-geologen.de\/wp-content\/uploads\/2025\/08\/Surveillances-images-ICP-1-18x12.jpg 18w\" data-sizes=\"(max-width: 800px) 100vw, 800px\" src=\"data:image\/gif;base64,R0lGODlhAQABAAAAACH5BAEKAAEALAAAAAABAAEAAAICTAEAOw==\" style=\"--smush-placeholder-width: 800px; --smush-placeholder-aspect-ratio: 800\/534;\" \/><noscript><img decoding=\"async\" width=\"800\" height=\"534\" src=\"https:\/\/icp-geologen.de\/wp-content\/uploads\/2025\/08\/Surveillances-images-ICP-1.jpg\" class=\"attachment-large size-large wp-image-1345\" alt=\"\" srcset=\"https:\/\/icp-geologen.de\/wp-content\/uploads\/2025\/08\/Surveillances-images-ICP-1.jpg 1000w, https:\/\/icp-geologen.de\/wp-content\/uploads\/2025\/08\/Surveillances-images-ICP-1-300x200.jpg 300w, https:\/\/icp-geologen.de\/wp-content\/uploads\/2025\/08\/Surveillances-images-ICP-1-768x512.jpg 768w, https:\/\/icp-geologen.de\/wp-content\/uploads\/2025\/08\/Surveillances-images-ICP-1-18x12.jpg 18w\" sizes=\"(max-width: 800px) 100vw, 800px\" \/><\/noscript>\t\t\t\t\t\t\t\t\t\t\t\t\t\t\t<\/div>\n\t\t\t\t<\/div>\n\t\t\t\t<div class=\"elementor-element elementor-element-d3176e6 para-color elementor-widget elementor-widget-text-editor\" data-id=\"d3176e6\" data-element_type=\"widget\" data-settings=\"{&quot;ekit_we_effect_on&quot;:&quot;none&quot;}\" data-widget_type=\"text-editor.default\">\n\t\t\t\t<div class=\"elementor-widget-container\">\n\t\t\t\t\t\t\t\t\t<p class=\"translation-block\">Zur pr\u00e4zisen Bewertung der Bodenverdichtung setzen wir <strong>verschiedene Verfahren<\/strong> ein \u2013 angepasst an Baugrund, Projektphase und Pr\u00fcfumfeld:<\/p><p><strong>Direkte Methoden:<\/strong><\/p><ul><li><strong>Dichtemessungen nach DIN 18125<\/strong><\/li><li><strong>Stechzylinder-Verfahren:<\/strong> F\u00fcr exakte Probenentnahme und Verdichtungsbestimmung<\/li><li><strong>Densitometer-\/Ballonverfahren:<\/strong>\u00a0Verfahren zur Ermittlung von Dichte und Verdichtungsgrad<\/li><li><strong>Sandersatzverfahren:<\/strong> Ermittlung des Verdichtungsgrads durch Volumenvergleich mit eingestreutem Sand<\/li><li><strong>Bentonitersatzverfahren:<\/strong> Alternative Methode zur Bestimmung der Bodenverdichtung mit Bentonit als Ersatzmaterial<\/li><li><strong>Proctorversuche nach DIN 18127:<\/strong> Laboruntersuchungen zur Verdichtungsbewertung mit Stampft\u00f6pfen in verschiedenen Gr\u00f6\u00dfen (100 mm, 150 mm, 250 mm)<\/li><\/ul>\t\t\t\t\t\t\t\t<\/div>\n\t\t\t\t<\/div>\n\t\t\t\t<\/div>\n\t\t\t\t\t<\/div>\n\t\t<\/div>\n\t\t\t\t\t\t<\/div>\n\t\t\t\t<\/div>\n\t\t\t\t\t<\/div>\n\t\t\t\t<\/div>\n\t\t<div class=\"elementor-element elementor-element-cb8cb35 e-flex e-con-boxed e-con e-parent\" data-id=\"cb8cb35\" data-element_type=\"container\" data-settings=\"{&quot;ekit_has_onepagescroll_dot&quot;:&quot;yes&quot;}\">\n\t\t\t\t\t<div class=\"e-con-inner\">\n\t\t<div class=\"elementor-element elementor-element-b70aa69 e-con-full e-flex e-con e-child\" data-id=\"b70aa69\" data-element_type=\"container\" data-settings=\"{&quot;ekit_has_onepagescroll_dot&quot;:&quot;yes&quot;}\">\n\t\t<div class=\"elementor-element elementor-element-926619d e-con-full e-flex e-con e-child\" data-id=\"926619d\" data-element_type=\"container\" data-settings=\"{&quot;ekit_has_onepagescroll_dot&quot;:&quot;yes&quot;}\">\n\t\t\t\t<div class=\"elementor-element elementor-element-ddbea1f elementor-widget elementor-widget-heading\" data-id=\"ddbea1f\" data-element_type=\"widget\" data-settings=\"{&quot;ekit_we_effect_on&quot;:&quot;none&quot;}\" data-widget_type=\"heading.default\">\n\t\t\t\t<div class=\"elementor-widget-container\">\n\t\t\t\t\t<h4 class=\"elementor-heading-title elementor-size-default\">ICP INGENIEURE GmbH<\/h4>\t\t\t\t<\/div>\n\t\t\t\t<\/div>\n\t\t\t\t<div class=\"elementor-element elementor-element-6e27884 elementor-widget elementor-widget-heading\" data-id=\"6e27884\" data-element_type=\"widget\" data-settings=\"{&quot;ekit_we_effect_on&quot;:&quot;none&quot;}\" data-widget_type=\"heading.default\">\n\t\t\t\t<div class=\"elementor-widget-container\">\n\t\t\t\t\t<h2 class=\"elementor-heading-title elementor-size-default\">Surveillances<\/h2>\t\t\t\t<\/div>\n\t\t\t\t<\/div>\n\t\t\t\t<div class=\"elementor-element elementor-element-666ac3a para-color elementor-widget elementor-widget-text-editor\" data-id=\"666ac3a\" data-element_type=\"widget\" data-settings=\"{&quot;ekit_we_effect_on&quot;:&quot;none&quot;}\" data-widget_type=\"text-editor.default\">\n\t\t\t\t<div class=\"elementor-widget-container\">\n\t\t\t\t\t\t\t\t\t<p>\u00dcberwachungen umfassen die systematische Kontrolle geologischer Ver\u00e4nderungen und Umweltbedingungen \u2013 sie liefern entscheidende Daten zur fr\u00fchzeitigen Risikobewertung und zur langfristigen Sicherung von Bauvorhaben.<\/p><p>Fachgerechter Erdbau und tragf\u00e4hige Gr\u00fcndungen sind essenziell f\u00fcr die Standsicherheit und Dauerhaftigkeit von Bauprojekten. Werden sie unsachgem\u00e4\u00df ausgef\u00fchrt, entstehen erhebliche Risiken f\u00fcr Bauwerke und Infrastruktur.<\/p><p>Die <strong>ICP Ingenieure GmbH<\/strong> begleitet Bauprojekte mit umfassender Beratung und \u00dcberwachungsleistungen \u2013 von der Planungsphase bis zur Umsetzung. Im Fokus stehen Ma\u00dfnahmen zur Qualit\u00e4tssicherung, insbesondere die Verdichtungskontrolle im Erd- und Stra\u00dfenbau. Wir setzen auf direkte und indirekte Messmethoden, um die Einhaltung technischer Standards und bew\u00e4hrter Verfahren sicherzustellen.<\/p><h5>Weitere Aspekte der \u00dcberwachungen im Erdbau<\/h5><p>Die Auswahl geeigneter \u00dcberwachungsmethoden im Erdbau erfolgt nach zentralen Prinzipien, um Sicherheit, Qualit\u00e4t und Effizienz zu gew\u00e4hrleisten:<\/p><ul><li>Aussagekr\u00e4ftige Analysen zur Beurteilung der Verdichtung und Stabilit\u00e4t des Baugrunds<\/li><li>Wirtschaftlichkeit durch gezielte Auswahl effizienter Pr\u00fcfverfahren mit verl\u00e4sslichen Ergebnissen bei vertretbarem Aufwand<\/li><li>Termingerechte und pr\u00e4zise Durchf\u00fchrung zur Sicherstellung reibungsloser Bauabl\u00e4ufe<\/li><li>Umwelt- und qualit\u00e4tsbewusstes Handeln zur Vermeidung von Bausch\u00e4den und Beeintr\u00e4chtigungen im Umfeld<\/li><\/ul><p><br \/>Durch diese Prinzipien stellt die ICP Ingenieure GmbH sicher, dass jede \u00dcberwachungsma\u00dfnahme im Erdbau einen messbaren Beitrag zur Projektsicherheit und Nachhaltigkeit leistet.<\/p>\t\t\t\t\t\t\t\t<\/div>\n\t\t\t\t<\/div>\n\t\t\t\t<\/div>\n\t\t<div class=\"elementor-element elementor-element-0310b0c e-con-full e-flex e-con e-child\" data-id=\"0310b0c\" data-element_type=\"container\" data-settings=\"{&quot;ekit_has_onepagescroll_dot&quot;:&quot;yes&quot;}\">\n\t\t\t\t<div class=\"elementor-element elementor-element-b955e57 elementor-widget elementor-widget-image\" data-id=\"b955e57\" data-element_type=\"widget\" data-settings=\"{&quot;ekit_we_effect_on&quot;:&quot;none&quot;}\" data-widget_type=\"image.default\">\n\t\t\t\t<div class=\"elementor-widget-container\">\n\t\t\t\t\t\t\t\t\t\t\t\t\t\t\t<img loading=\"lazy\" decoding=\"async\" width=\"800\" height=\"422\" data-src=\"https:\/\/icp-geologen.de\/wp-content\/uploads\/2025\/08\/Surveillances-images-ICP-4.jpg\" class=\"attachment-large size-large wp-image-1348 lazyload\" alt=\"\" data-srcset=\"https:\/\/icp-geologen.de\/wp-content\/uploads\/2025\/08\/Surveillances-images-ICP-4.jpg 1000w, https:\/\/icp-geologen.de\/wp-content\/uploads\/2025\/08\/Surveillances-images-ICP-4-300x158.jpg 300w, https:\/\/icp-geologen.de\/wp-content\/uploads\/2025\/08\/Surveillances-images-ICP-4-768x405.jpg 768w, https:\/\/icp-geologen.de\/wp-content\/uploads\/2025\/08\/Surveillances-images-ICP-4-18x9.jpg 18w\" data-sizes=\"(max-width: 800px) 100vw, 800px\" src=\"data:image\/gif;base64,R0lGODlhAQABAAAAACH5BAEKAAEALAAAAAABAAEAAAICTAEAOw==\" style=\"--smush-placeholder-width: 800px; --smush-placeholder-aspect-ratio: 800\/422;\" \/><noscript><img loading=\"lazy\" decoding=\"async\" width=\"800\" height=\"422\" src=\"https:\/\/icp-geologen.de\/wp-content\/uploads\/2025\/08\/Surveillances-images-ICP-4.jpg\" class=\"attachment-large size-large wp-image-1348\" alt=\"\" srcset=\"https:\/\/icp-geologen.de\/wp-content\/uploads\/2025\/08\/Surveillances-images-ICP-4.jpg 1000w, https:\/\/icp-geologen.de\/wp-content\/uploads\/2025\/08\/Surveillances-images-ICP-4-300x158.jpg 300w, https:\/\/icp-geologen.de\/wp-content\/uploads\/2025\/08\/Surveillances-images-ICP-4-768x405.jpg 768w, https:\/\/icp-geologen.de\/wp-content\/uploads\/2025\/08\/Surveillances-images-ICP-4-18x9.jpg 18w\" sizes=\"(max-width: 800px) 100vw, 800px\" \/><\/noscript>\t\t\t\t\t\t\t\t\t\t\t\t\t\t\t<\/div>\n\t\t\t\t<\/div>\n\t\t\t\t<\/div>\n\t\t\t\t<\/div>\n\t\t\t\t\t<\/div>\n\t\t\t\t<\/div>\n\t\t\t\t<\/div>","protected":false},"excerpt":{"rendered":"<p>Engineering for a better tomorrow \u00dcberwachungen Bedeutung geologischer \u00dcberwachung f\u00fcr die Risikobewertung Kontrollpr\u00fcfungen im Erdbau Vertikale Inklinometermessungen Bestimmung des Verdichtungsgrads Unser Team f\u00fchrt umfassende \u00dcberwachungs- und Pr\u00fcfma\u00dfnahmen durch, um sicherzustellen, dass der Erdbau den geforderten technischen Standards entspricht: Rammsondierungen (DPL, DPM, DPH): Durchf\u00fchrung nach DIN EN ISO 22476-2 zur Beurteilung der Lagerungsdichte Dynamische Plattendruckversuche: Nach [&hellip;]<\/p>","protected":false},"author":2,"featured_media":0,"parent":0,"menu_order":0,"comment_status":"closed","ping_status":"closed","template":"elementor_header_footer","meta":{"footnotes":""},"class_list":["post-1350","page","type-page","status-publish","hentry"],"_links":{"self":[{"href":"https:\/\/icp-geologen.de\/fr\/wp-json\/wp\/v2\/pages\/1350","targetHints":{"allow":["GET"]}}],"collection":[{"href":"https:\/\/icp-geologen.de\/fr\/wp-json\/wp\/v2\/pages"}],"about":[{"href":"https:\/\/icp-geologen.de\/fr\/wp-json\/wp\/v2\/types\/page"}],"author":[{"embeddable":true,"href":"https:\/\/icp-geologen.de\/fr\/wp-json\/wp\/v2\/users\/2"}],"replies":[{"embeddable":true,"href":"https:\/\/icp-geologen.de\/fr\/wp-json\/wp\/v2\/comments?post=1350"}],"version-history":[{"count":37,"href":"https:\/\/icp-geologen.de\/fr\/wp-json\/wp\/v2\/pages\/1350\/revisions"}],"predecessor-version":[{"id":1989,"href":"https:\/\/icp-geologen.de\/fr\/wp-json\/wp\/v2\/pages\/1350\/revisions\/1989"}],"wp:attachment":[{"href":"https:\/\/icp-geologen.de\/fr\/wp-json\/wp\/v2\/media?parent=1350"}],"curies":[{"name":"wp","href":"https:\/\/api.w.org\/{rel}","templated":true}]}}