{"id":1368,"date":"2025-08-07T04:50:12","date_gmt":"2025-08-07T04:50:12","guid":{"rendered":"https:\/\/stagging-site-test-wordpress.rz.mup-digital.com\/?page_id=1368"},"modified":"2025-09-22T03:22:30","modified_gmt":"2025-09-22T03:22:30","slug":"bodenmechanik","status":"publish","type":"page","link":"https:\/\/icp-geologen.de\/fr\/bodenmechanik\/","title":{"rendered":"M\u00e9canique des sols"},"content":{"rendered":"<div data-elementor-type=\"wp-page\" data-elementor-id=\"1368\" class=\"elementor elementor-1368\" data-elementor-post-type=\"page\">\n\t\t\t\t<div class=\"elementor-element elementor-element-82e925e e-flex e-con-boxed e-con e-parent\" data-id=\"82e925e\" data-element_type=\"container\" data-settings=\"{&quot;background_background&quot;:&quot;video&quot;,&quot;background_video_link&quot;:&quot;https:\\\/\\\/stagging-site-test-wordpress.rz.mup-digital.com\\\/wp-content\\\/uploads\\\/2025\\\/08\\\/soil-mechanics-images-1.mp4&quot;,&quot;background_privacy_mode&quot;:&quot;yes&quot;,&quot;ekit_has_onepagescroll_dot&quot;:&quot;yes&quot;}\">\n\t\t\t\t\t<div class=\"e-con-inner\">\n\t\t<div class=\"elementor-background-video-container elementor-hidden-mobile\" aria-hidden=\"true\">\n\t\t\t\t\t\t\t<video class=\"elementor-background-video-hosted\" autoplay muted playsinline loop><\/video>\n\t\t\t\t\t<\/div>\t\t<div class=\"elementor-element elementor-element-1922fea elementor-widget elementor-widget-heading\" data-id=\"1922fea\" data-element_type=\"widget\" data-settings=\"{&quot;ekit_we_effect_on&quot;:&quot;none&quot;}\" data-widget_type=\"heading.default\">\n\t\t\t\t<div class=\"elementor-widget-container\">\n\t\t\t\t\t<h4 class=\"elementor-heading-title elementor-size-default\">Engineering for a better tomorrow<\/h4>\t\t\t\t<\/div>\n\t\t\t\t<\/div>\n\t\t\t\t<div class=\"elementor-element elementor-element-496d11a elementor-widget elementor-widget-heading\" data-id=\"496d11a\" data-element_type=\"widget\" data-settings=\"{&quot;ekit_we_effect_on&quot;:&quot;none&quot;}\" data-widget_type=\"heading.default\">\n\t\t\t\t<div class=\"elementor-widget-container\">\n\t\t\t\t\t<h1 class=\"elementor-heading-title elementor-size-default\">M\u00e9canique des sols<\/h1>\t\t\t\t<\/div>\n\t\t\t\t<\/div>\n\t\t\t\t\t<\/div>\n\t\t\t\t<\/div>\n\t\t<div class=\"elementor-element elementor-element-70421f0 e-flex e-con-boxed e-con e-parent\" data-id=\"70421f0\" data-element_type=\"container\" data-settings=\"{&quot;background_background&quot;:&quot;classic&quot;,&quot;ekit_has_onepagescroll_dot&quot;:&quot;yes&quot;}\">\n\t\t\t\t\t<div class=\"e-con-inner\">\n\t\t\t\t<div class=\"elementor-element elementor-element-5e181ca elementor-widget elementor-widget-heading\" data-id=\"5e181ca\" data-element_type=\"widget\" data-settings=\"{&quot;ekit_we_effect_on&quot;:&quot;none&quot;}\" data-widget_type=\"heading.default\">\n\t\t\t\t<div class=\"elementor-widget-container\">\n\t\t\t\t\t<h2 class=\"elementor-heading-title elementor-size-default\">Bodenmechanik und ihre Bedeutung f\u00fcr Bauprojekte<\/h2>\t\t\t\t<\/div>\n\t\t\t\t<\/div>\n\t\t\t\t<div class=\"elementor-element elementor-element-c7f6381 e-n-tabs-mobile elementor-widget elementor-widget-n-tabs\" data-id=\"c7f6381\" data-element_type=\"widget\" data-settings=\"{&quot;tabs_justify_horizontal&quot;:&quot;center&quot;,&quot;horizontal_scroll&quot;:&quot;disable&quot;,&quot;ekit_we_effect_on&quot;:&quot;none&quot;}\" data-widget_type=\"nested-tabs.default\">\n\t\t\t\t<div class=\"elementor-widget-container\">\n\t\t\t\t\t\t\t<div class=\"e-n-tabs\" data-widget-number=\"209675137\" aria-label=\"Onglets. Ouvrez des \u00e9l\u00e9ments avec Entrer ou Espace, fermez-les avec Echape et naviguez \u00e0 l&#039;aide des touches fl\u00e9ch\u00e9es.\" data-no-translation-aria-label=\"\">\n\t\t\t<div class=\"e-n-tabs-heading\" role=\"tablist\">\n\t\t\t\t\t<button id=\"e-n-tab-title-2096751371\" data-tab-title-id=\"e-n-tab-title-2096751371\" class=\"e-n-tab-title\" aria-selected=\"true\" data-tab-index=\"1\" role=\"tab\" tabindex=\"0\" aria-controls=\"e-n-tab-content-2096751371\" style=\"--n-tabs-title-order: 1;\">\n\t\t\t\t\t\t<span class=\"e-n-tab-title-text\">\n\t\t\t\tEssais standard de m\u00e9canique des sols\t\t\t<\/span>\n\t\t<\/button>\n\t\t\t\t<button id=\"e-n-tab-title-2096751372\" data-tab-title-id=\"e-n-tab-title-2096751372\" class=\"e-n-tab-title\" aria-selected=\"false\" data-tab-index=\"2\" role=\"tab\" tabindex=\"-1\" aria-controls=\"e-n-tab-content-2096751372\" style=\"--n-tabs-title-order: 2;\">\n\t\t\t\t\t\t<span class=\"e-n-tab-title-text\">\n\t\t\t\tEssais \u00e9largis sur le comportement du sol\t\t\t<\/span>\n\t\t<\/button>\n\t\t\t\t<button id=\"e-n-tab-title-2096751373\" data-tab-title-id=\"e-n-tab-title-2096751373\" class=\"e-n-tab-title\" aria-selected=\"false\" data-tab-index=\"3\" role=\"tab\" tabindex=\"-1\" aria-controls=\"e-n-tab-content-2096751373\" style=\"--n-tabs-title-order: 3;\">\n\t\t\t\t\t\t<span class=\"e-n-tab-title-text\">\n\t\t\t\tCaract\u00e9ristiques du sol et limites de consistance\t\t\t<\/span>\n\t\t<\/button>\n\t\t\t\t<button id=\"e-n-tab-title-2096751374\" data-tab-title-id=\"e-n-tab-title-2096751374\" class=\"e-n-tab-title\" aria-selected=\"false\" data-tab-index=\"4\" role=\"tab\" tabindex=\"-1\" aria-controls=\"e-n-tab-content-2096751374\" style=\"--n-tabs-title-order: 4;\">\n\t\t\t\t\t\t<span class=\"e-n-tab-title-text\">\n\t\t\t\tTests de classification et d'aptitude\t\t\t<\/span>\n\t\t<\/button>\n\t\t\t\t\t<\/div>\n\t\t\t<div class=\"e-n-tabs-content\">\n\t\t\t\t<div id=\"e-n-tab-content-2096751371\" role=\"tabpanel\" aria-labelledby=\"e-n-tab-title-2096751371\" data-tab-index=\"1\" style=\"--n-tabs-title-order: 1;\" class=\"e-active elementor-element elementor-element-7e2726d e-con-full e-flex e-con e-child\" data-id=\"7e2726d\" data-element_type=\"container\" data-settings=\"{&quot;ekit_has_onepagescroll_dot&quot;:&quot;yes&quot;}\">\n\t\t\t\t<div class=\"elementor-element elementor-element-7d873da elementor-widget elementor-widget-image\" data-id=\"7d873da\" data-element_type=\"widget\" data-settings=\"{&quot;ekit_we_effect_on&quot;:&quot;none&quot;}\" data-widget_type=\"image.default\">\n\t\t\t\t<div class=\"elementor-widget-container\">\n\t\t\t\t\t\t\t\t\t\t\t\t\t\t\t<img fetchpriority=\"high\" decoding=\"async\" width=\"800\" height=\"314\" src=\"https:\/\/icp-geologen.de\/wp-content\/uploads\/2025\/08\/soil-mechanics-images-4.jpg\" class=\"attachment-large size-large wp-image-1396\" alt=\"\" srcset=\"https:\/\/icp-geologen.de\/wp-content\/uploads\/2025\/08\/soil-mechanics-images-4.jpg 1000w, https:\/\/icp-geologen.de\/wp-content\/uploads\/2025\/08\/soil-mechanics-images-4-300x118.jpg 300w, https:\/\/icp-geologen.de\/wp-content\/uploads\/2025\/08\/soil-mechanics-images-4-768x302.jpg 768w, https:\/\/icp-geologen.de\/wp-content\/uploads\/2025\/08\/soil-mechanics-images-4-18x7.jpg 18w\" sizes=\"(max-width: 800px) 100vw, 800px\" \/>\t\t\t\t\t\t\t\t\t\t\t\t\t\t\t<\/div>\n\t\t\t\t<\/div>\n\t\t\t\t<div class=\"elementor-element elementor-element-0762380 para-color elementor-widget elementor-widget-text-editor\" data-id=\"0762380\" data-element_type=\"widget\" data-settings=\"{&quot;ekit_we_effect_on&quot;:&quot;none&quot;}\" data-widget_type=\"text-editor.default\">\n\t\t\t\t<div class=\"elementor-widget-container\">\n\t\t\t\t\t\t\t\t\t<p>Unser Labor f\u00fchrt eine Vielzahl normgerechter Standardpr\u00fcfungen durch, um die grundlegenden Eigenschaften des Bodens zu bestimmen \u2013 essenziell f\u00fcr Eignungsbewertungen:<\/p><ul><li><strong>Korngr\u00f6\u00dfenverteilung:<\/strong><ul><li>Nach DIN EN ISO 17892-4 oder DIN EN 933-1<\/li><li>Verfahren: Nass-\/Trockensiebung, Sedimentation, kombinierte Sieb-\/Schl\u00e4mmanalyse<\/li><\/ul><\/li><li><strong>Proctorversuche (nach DIN 18127):<\/strong><ul><li>Durchf\u00fchrung mit verschiedenen Stampftopfgr\u00f6\u00dfen (100 mm, 150 mm, 250 mm)<\/li><\/ul><\/li><li><strong>\u00d6dometerversuch:<\/strong><ul><li>Nach Schulze\/Muhs zur Bestimmung des Setzungs- und Konsolidationsverhaltens von B\u00f6den<\/li><\/ul><\/li><\/ul>\t\t\t\t\t\t\t\t<\/div>\n\t\t\t\t<\/div>\n\t\t\t\t<\/div>\n\t\t<div id=\"e-n-tab-content-2096751372\" role=\"tabpanel\" aria-labelledby=\"e-n-tab-title-2096751372\" data-tab-index=\"2\" style=\"--n-tabs-title-order: 2;\" class=\"elementor-element elementor-element-4a5421e e-con-full e-flex e-con e-child\" data-id=\"4a5421e\" data-element_type=\"container\" data-settings=\"{&quot;ekit_has_onepagescroll_dot&quot;:&quot;yes&quot;}\">\n\t\t\t\t<div class=\"elementor-element elementor-element-ad9154f elementor-widget elementor-widget-image\" data-id=\"ad9154f\" data-element_type=\"widget\" data-settings=\"{&quot;ekit_we_effect_on&quot;:&quot;none&quot;}\" data-widget_type=\"image.default\">\n\t\t\t\t<div class=\"elementor-widget-container\">\n\t\t\t\t\t\t\t\t\t\t\t\t\t\t\t<img decoding=\"async\" width=\"800\" height=\"534\" data-src=\"https:\/\/icp-geologen.de\/wp-content\/uploads\/2025\/08\/soil-mechanics-images-3.jpg\" class=\"attachment-large size-large wp-image-1395 lazyload\" alt=\"\" data-srcset=\"https:\/\/icp-geologen.de\/wp-content\/uploads\/2025\/08\/soil-mechanics-images-3.jpg 1000w, https:\/\/icp-geologen.de\/wp-content\/uploads\/2025\/08\/soil-mechanics-images-3-300x200.jpg 300w, https:\/\/icp-geologen.de\/wp-content\/uploads\/2025\/08\/soil-mechanics-images-3-768x512.jpg 768w, https:\/\/icp-geologen.de\/wp-content\/uploads\/2025\/08\/soil-mechanics-images-3-18x12.jpg 18w\" data-sizes=\"(max-width: 800px) 100vw, 800px\" src=\"data:image\/gif;base64,R0lGODlhAQABAAAAACH5BAEKAAEALAAAAAABAAEAAAICTAEAOw==\" style=\"--smush-placeholder-width: 800px; --smush-placeholder-aspect-ratio: 800\/534;\" \/><noscript><img decoding=\"async\" width=\"800\" height=\"534\" src=\"https:\/\/icp-geologen.de\/wp-content\/uploads\/2025\/08\/soil-mechanics-images-3.jpg\" class=\"attachment-large size-large wp-image-1395\" alt=\"\" srcset=\"https:\/\/icp-geologen.de\/wp-content\/uploads\/2025\/08\/soil-mechanics-images-3.jpg 1000w, https:\/\/icp-geologen.de\/wp-content\/uploads\/2025\/08\/soil-mechanics-images-3-300x200.jpg 300w, https:\/\/icp-geologen.de\/wp-content\/uploads\/2025\/08\/soil-mechanics-images-3-768x512.jpg 768w, https:\/\/icp-geologen.de\/wp-content\/uploads\/2025\/08\/soil-mechanics-images-3-18x12.jpg 18w\" sizes=\"(max-width: 800px) 100vw, 800px\" \/><\/noscript>\t\t\t\t\t\t\t\t\t\t\t\t\t\t\t<\/div>\n\t\t\t\t<\/div>\n\t\t\t\t<div class=\"elementor-element elementor-element-b9a0b50 para-color elementor-widget elementor-widget-text-editor\" data-id=\"b9a0b50\" data-element_type=\"widget\" data-settings=\"{&quot;ekit_we_effect_on&quot;:&quot;none&quot;}\" data-widget_type=\"text-editor.default\">\n\t\t\t\t<div class=\"elementor-widget-container\">\n\t\t\t\t\t\t\t\t\t<p>Spezielle Pr\u00fcfungen zur Analyse des Bodenverhaltens unter komplexen Bedingungen \u2013 zur Beurteilung der Gr\u00fcndungssicherheit und Baugrundstabilit\u00e4t:<\/p><ul><li><strong>Rahmenscherversuch (nach DIN EN ISO 17892-10):<\/strong><ul><li>Durchf\u00fchrung f\u00fcr bindige und nichtbindige B\u00f6den zur Ermittlung der Scherfestigkeit<\/li><\/ul><\/li><li><strong>Durchl\u00e4ssigkeitsbeiwertbestimmung:<\/strong><ul><li>Nach DIN EN ISO 17892-11 mit variablem hydraulischem Gef\u00e4lle zur Ermittlung der Wasserdurchl\u00e4ssigkeit<\/li><\/ul><\/li><li><strong>Gl\u00fchverlustbestimmung (nach DIN 18128):<\/strong><ul><li>Ermittlung des Massenverlusts beim Erhitzen \u2013 relevant f\u00fcr organische Bestandteile<\/li><\/ul><\/li><\/ul>\t\t\t\t\t\t\t\t<\/div>\n\t\t\t\t<\/div>\n\t\t\t\t<\/div>\n\t\t<div id=\"e-n-tab-content-2096751373\" role=\"tabpanel\" aria-labelledby=\"e-n-tab-title-2096751373\" data-tab-index=\"3\" style=\"--n-tabs-title-order: 3;\" class=\"elementor-element elementor-element-c032d7e e-con-full e-flex e-con e-child\" data-id=\"c032d7e\" data-element_type=\"container\" data-settings=\"{&quot;ekit_has_onepagescroll_dot&quot;:&quot;yes&quot;}\">\n\t\t\t\t<div class=\"elementor-element elementor-element-82e05d2 elementor-widget elementor-widget-image\" data-id=\"82e05d2\" data-element_type=\"widget\" data-settings=\"{&quot;ekit_we_effect_on&quot;:&quot;none&quot;}\" data-widget_type=\"image.default\">\n\t\t\t\t<div class=\"elementor-widget-container\">\n\t\t\t\t\t\t\t\t\t\t\t\t\t\t\t<img decoding=\"async\" width=\"800\" height=\"534\" data-src=\"https:\/\/icp-geologen.de\/wp-content\/uploads\/2025\/08\/soil-mechanics-images-2.jpg\" class=\"attachment-large size-large wp-image-1394 lazyload\" alt=\"\" data-srcset=\"https:\/\/icp-geologen.de\/wp-content\/uploads\/2025\/08\/soil-mechanics-images-2.jpg 1000w, https:\/\/icp-geologen.de\/wp-content\/uploads\/2025\/08\/soil-mechanics-images-2-300x200.jpg 300w, https:\/\/icp-geologen.de\/wp-content\/uploads\/2025\/08\/soil-mechanics-images-2-768x512.jpg 768w, https:\/\/icp-geologen.de\/wp-content\/uploads\/2025\/08\/soil-mechanics-images-2-18x12.jpg 18w\" data-sizes=\"(max-width: 800px) 100vw, 800px\" src=\"data:image\/gif;base64,R0lGODlhAQABAAAAACH5BAEKAAEALAAAAAABAAEAAAICTAEAOw==\" style=\"--smush-placeholder-width: 800px; --smush-placeholder-aspect-ratio: 800\/534;\" \/><noscript><img decoding=\"async\" width=\"800\" height=\"534\" src=\"https:\/\/icp-geologen.de\/wp-content\/uploads\/2025\/08\/soil-mechanics-images-2.jpg\" class=\"attachment-large size-large wp-image-1394\" alt=\"\" srcset=\"https:\/\/icp-geologen.de\/wp-content\/uploads\/2025\/08\/soil-mechanics-images-2.jpg 1000w, https:\/\/icp-geologen.de\/wp-content\/uploads\/2025\/08\/soil-mechanics-images-2-300x200.jpg 300w, https:\/\/icp-geologen.de\/wp-content\/uploads\/2025\/08\/soil-mechanics-images-2-768x512.jpg 768w, https:\/\/icp-geologen.de\/wp-content\/uploads\/2025\/08\/soil-mechanics-images-2-18x12.jpg 18w\" sizes=\"(max-width: 800px) 100vw, 800px\" \/><\/noscript>\t\t\t\t\t\t\t\t\t\t\t\t\t\t\t<\/div>\n\t\t\t\t<\/div>\n\t\t\t\t<div class=\"elementor-element elementor-element-d3176e6 para-color elementor-widget elementor-widget-text-editor\" data-id=\"d3176e6\" data-element_type=\"widget\" data-settings=\"{&quot;ekit_we_effect_on&quot;:&quot;none&quot;}\" data-widget_type=\"text-editor.default\">\n\t\t\t\t<div class=\"elementor-widget-container\">\n\t\t\t\t\t\t\t\t\t<p>Unser Labor ermittelt relevante Kennwerte und Konsistenzgrenzen, die das Bodenverhalten im Bau beeinflussen:<\/p><ul><li><strong>Korndichtemessung:<\/strong><ul><li>Mit Kapillarpyknometern nach DIN EN ISO 17892-3<\/li><\/ul><\/li><li><strong>Wassergehaltsbestimmung:<\/strong><ul><li>Nach DIN EN ISO 17892-1 zur Ermittlung der Feuchteverh\u00e4ltnisse<\/li><\/ul><\/li><li><strong>Konsistenzgrenzen:<\/strong><ul><li>Nach DIN 18122 zur Bewertung des Zustands bindiger B\u00f6den<\/li><\/ul><\/li><li><strong>Schrumpfgrenze (nach DIN 18122-2):<\/strong><ul><li>Beurteilung des Trocknungs- und Schwundverhaltens bindiger B\u00f6den<\/li><\/ul><\/li><\/ul>\t\t\t\t\t\t\t\t<\/div>\n\t\t\t\t<\/div>\n\t\t\t\t<\/div>\n\t\t<div id=\"e-n-tab-content-2096751374\" role=\"tabpanel\" aria-labelledby=\"e-n-tab-title-2096751374\" data-tab-index=\"4\" style=\"--n-tabs-title-order: 4;\" class=\"elementor-element elementor-element-051c23b e-con-full e-flex e-con e-child\" data-id=\"051c23b\" data-element_type=\"container\" data-settings=\"{&quot;ekit_has_onepagescroll_dot&quot;:&quot;yes&quot;}\">\n\t\t\t\t<div class=\"elementor-element elementor-element-9a3c94f elementor-widget elementor-widget-image\" data-id=\"9a3c94f\" data-element_type=\"widget\" data-settings=\"{&quot;ekit_we_effect_on&quot;:&quot;none&quot;}\" data-widget_type=\"image.default\">\n\t\t\t\t<div class=\"elementor-widget-container\">\n\t\t\t\t\t\t\t\t\t\t\t\t\t\t\t<img loading=\"lazy\" decoding=\"async\" width=\"800\" height=\"534\" data-src=\"https:\/\/icp-geologen.de\/wp-content\/uploads\/2025\/08\/soil-mechanics-images-1.jpg\" class=\"attachment-large size-large wp-image-1393 lazyload\" alt=\"\" data-srcset=\"https:\/\/icp-geologen.de\/wp-content\/uploads\/2025\/08\/soil-mechanics-images-1.jpg 1000w, https:\/\/icp-geologen.de\/wp-content\/uploads\/2025\/08\/soil-mechanics-images-1-300x200.jpg 300w, https:\/\/icp-geologen.de\/wp-content\/uploads\/2025\/08\/soil-mechanics-images-1-768x512.jpg 768w, https:\/\/icp-geologen.de\/wp-content\/uploads\/2025\/08\/soil-mechanics-images-1-18x12.jpg 18w\" data-sizes=\"(max-width: 800px) 100vw, 800px\" src=\"data:image\/gif;base64,R0lGODlhAQABAAAAACH5BAEKAAEALAAAAAABAAEAAAICTAEAOw==\" style=\"--smush-placeholder-width: 800px; --smush-placeholder-aspect-ratio: 800\/534;\" \/><noscript><img loading=\"lazy\" decoding=\"async\" width=\"800\" height=\"534\" src=\"https:\/\/icp-geologen.de\/wp-content\/uploads\/2025\/08\/soil-mechanics-images-1.jpg\" class=\"attachment-large size-large wp-image-1393\" alt=\"\" srcset=\"https:\/\/icp-geologen.de\/wp-content\/uploads\/2025\/08\/soil-mechanics-images-1.jpg 1000w, https:\/\/icp-geologen.de\/wp-content\/uploads\/2025\/08\/soil-mechanics-images-1-300x200.jpg 300w, https:\/\/icp-geologen.de\/wp-content\/uploads\/2025\/08\/soil-mechanics-images-1-768x512.jpg 768w, https:\/\/icp-geologen.de\/wp-content\/uploads\/2025\/08\/soil-mechanics-images-1-18x12.jpg 18w\" sizes=\"(max-width: 800px) 100vw, 800px\" \/><\/noscript>\t\t\t\t\t\t\t\t\t\t\t\t\t\t\t<\/div>\n\t\t\t\t<\/div>\n\t\t\t\t<div class=\"elementor-element elementor-element-a9eb5cb para-color elementor-widget elementor-widget-text-editor\" data-id=\"a9eb5cb\" data-element_type=\"widget\" data-settings=\"{&quot;ekit_we_effect_on&quot;:&quot;none&quot;}\" data-widget_type=\"text-editor.default\">\n\t\t\t\t<div class=\"elementor-widget-container\">\n\t\t\t\t\t\t\t\t\t<p>Zur Auswahl geeigneter Baustoffe und Verfahren f\u00fchren wir Klassifizierungs- und Eignungspr\u00fcfungen durch:<\/p><ul><li><strong>Klassifizierung von grob rezyklierten Gesteinsk\u00f6rnungen (nach DIN EN 933-11):<\/strong><ul><li>Bewertung der Qualit\u00e4t rezyklierter Baustoffe f\u00fcr den Baueinsatz<\/li><\/ul><\/li><li><strong>Wasserdurchl\u00e4ssigkeitspr\u00fcfung (nach DIN 18035):<\/strong><ul><li>Eignungspr\u00fcfung f\u00fcr den Einbau in Sportplatzbau und Infrastrukturma\u00dfnahmen<\/li><\/ul><\/li><li><strong>Eignungspr\u00fcfung zur Bodenverbesserung mit Bindemitteln:<\/strong><ul><li>Nach TP BF-StB Teil B 11.3 zur Bewertung der Wirksamkeit von Bodenverbesserungsma\u00dfnahmen<\/li><\/ul><\/li><\/ul>\t\t\t\t\t\t\t\t<\/div>\n\t\t\t\t<\/div>\n\t\t\t\t<\/div>\n\t\t\t\t\t<\/div>\n\t\t<\/div>\n\t\t\t\t\t\t<\/div>\n\t\t\t\t<\/div>\n\t\t\t\t\t<\/div>\n\t\t\t\t<\/div>\n\t\t<div class=\"elementor-element elementor-element-cb8cb35 e-flex e-con-boxed e-con e-parent\" data-id=\"cb8cb35\" data-element_type=\"container\" data-settings=\"{&quot;ekit_has_onepagescroll_dot&quot;:&quot;yes&quot;}\">\n\t\t\t\t\t<div class=\"e-con-inner\">\n\t\t<div class=\"elementor-element elementor-element-b70aa69 e-con-full e-flex e-con e-child\" data-id=\"b70aa69\" data-element_type=\"container\" data-settings=\"{&quot;ekit_has_onepagescroll_dot&quot;:&quot;yes&quot;}\">\n\t\t<div class=\"elementor-element elementor-element-926619d e-con-full e-flex e-con e-child\" data-id=\"926619d\" data-element_type=\"container\" data-settings=\"{&quot;ekit_has_onepagescroll_dot&quot;:&quot;yes&quot;}\">\n\t\t\t\t<div class=\"elementor-element elementor-element-ddbea1f elementor-widget elementor-widget-heading\" data-id=\"ddbea1f\" data-element_type=\"widget\" data-settings=\"{&quot;ekit_we_effect_on&quot;:&quot;none&quot;}\" data-widget_type=\"heading.default\">\n\t\t\t\t<div class=\"elementor-widget-container\">\n\t\t\t\t\t<h4 class=\"elementor-heading-title elementor-size-default\">ICP INGENIEURE GmbH<\/h4>\t\t\t\t<\/div>\n\t\t\t\t<\/div>\n\t\t\t\t<div class=\"elementor-element elementor-element-6e27884 elementor-widget elementor-widget-heading\" data-id=\"6e27884\" data-element_type=\"widget\" data-settings=\"{&quot;ekit_we_effect_on&quot;:&quot;none&quot;}\" data-widget_type=\"heading.default\">\n\t\t\t\t<div class=\"elementor-widget-container\">\n\t\t\t\t\t<h2 class=\"elementor-heading-title elementor-size-default\">M\u00e9canique des sols<\/h2>\t\t\t\t<\/div>\n\t\t\t\t<\/div>\n\t\t\t\t<div class=\"elementor-element elementor-element-666ac3a para-color elementor-widget elementor-widget-text-editor\" data-id=\"666ac3a\" data-element_type=\"widget\" data-settings=\"{&quot;ekit_we_effect_on&quot;:&quot;none&quot;}\" data-widget_type=\"text-editor.default\">\n\t\t\t\t<div class=\"elementor-widget-container\">\n\t\t\t\t\t\t\t\t\t<p>Die Bodenmechanik untersucht die Eigenschaften und das Verhalten von B\u00f6den unter verschiedenen Bedingungen \u2013 eine entscheidende Grundlage zur Beurteilung der Tragf\u00e4higkeit und Stabilit\u00e4t von Baugrund f\u00fcr Ingenieur- und Bauprojekte.<\/p><p>Die <strong>ICP Ingenieure GmbH\u00a0<\/strong>betreibt ein eigenes hochmodernes bodenmechanisches Labor, in dem unser Expertenteam eine Vielzahl standardisierter Pr\u00fcfverfahren durchf\u00fchrt \u2013 zur Klassifizierung von B\u00f6den sowie zur Analyse von Festigkeit und Verformungsverhalten. Diese Pr\u00fcfungen sind essenziell, um die Eignung von B\u00f6den f\u00fcr Bauvorhaben zu beurteilen und die Stabilit\u00e4t von Gr\u00fcndungen sicherzustellen.<\/p><p>Unser Labor arbeitet nach h\u00f6chsten Qualit\u00e4tsstandards und liefert pr\u00e4zise, verl\u00e4ssliche Ergebnisse, die als Grundlage f\u00fcr wichtige Projektentscheidungen dienen.<\/p><p><strong>Weitere Aspekte der bodenmechanischen Untersuchungen<\/strong><\/p><p class=\"translation-block\">Die Auswahl geeigneter Pr\u00fcfmethoden erfolgt nach zentralen Kriterien, um <strong>verl\u00e4ssliche, umfassende und wirtschaftliche Ergebnisse<\/strong> zu gew\u00e4hrleisten:<\/p><ul><li>Fundierte Erkenntnisse \u00fcber bodenmechanische Eigenschaften als Grundlage f\u00fcr Gr\u00fcndungs- und Bauplanungen<\/li><li>Wirtschaftlichkeit durch projektspezifische Auswahl geeigneter Pr\u00fcfverfahren, ohne unn\u00f6tige Kosten<\/li><li>Termingerechte Durchf\u00fchrung zur Vermeidung von Verz\u00f6gerungen im Bauablauf<\/li><li>Einhaltung geltender Normen und Vorschriften auf nationaler und internationaler Ebene zur Gew\u00e4hrleistung belastbarer Daten<\/li><\/ul><p><strong><br \/><\/strong>Das Labor der <strong>ICP Ingenieure GmbH<\/strong>\u00a0stellt sicher, dass jedes Projekt mit pr\u00e4zisen, aussagekr\u00e4ftigen und normgerechten Bodendaten unterlegt ist \u2013 f\u00fcr fundierte Entscheidungen und sichere Bauwerksplanungen.<\/p>\t\t\t\t\t\t\t\t<\/div>\n\t\t\t\t<\/div>\n\t\t\t\t<\/div>\n\t\t<div class=\"elementor-element elementor-element-0310b0c e-con-full e-flex e-con e-child\" data-id=\"0310b0c\" data-element_type=\"container\" data-settings=\"{&quot;ekit_has_onepagescroll_dot&quot;:&quot;yes&quot;}\">\n\t\t\t\t<div class=\"elementor-element elementor-element-b955e57 elementor-widget elementor-widget-image\" data-id=\"b955e57\" data-element_type=\"widget\" data-settings=\"{&quot;ekit_we_effect_on&quot;:&quot;none&quot;}\" data-widget_type=\"image.default\">\n\t\t\t\t<div class=\"elementor-widget-container\">\n\t\t\t\t\t\t\t\t\t\t\t\t\t\t\t<img loading=\"lazy\" decoding=\"async\" width=\"800\" height=\"534\" data-src=\"https:\/\/icp-geologen.de\/wp-content\/uploads\/2025\/08\/soil-mechanics-images-5.jpg\" class=\"attachment-large size-large wp-image-1397 lazyload\" alt=\"\" data-srcset=\"https:\/\/icp-geologen.de\/wp-content\/uploads\/2025\/08\/soil-mechanics-images-5.jpg 1000w, https:\/\/icp-geologen.de\/wp-content\/uploads\/2025\/08\/soil-mechanics-images-5-300x200.jpg 300w, https:\/\/icp-geologen.de\/wp-content\/uploads\/2025\/08\/soil-mechanics-images-5-768x512.jpg 768w, https:\/\/icp-geologen.de\/wp-content\/uploads\/2025\/08\/soil-mechanics-images-5-18x12.jpg 18w\" data-sizes=\"(max-width: 800px) 100vw, 800px\" src=\"data:image\/gif;base64,R0lGODlhAQABAAAAACH5BAEKAAEALAAAAAABAAEAAAICTAEAOw==\" style=\"--smush-placeholder-width: 800px; --smush-placeholder-aspect-ratio: 800\/534;\" \/><noscript><img loading=\"lazy\" decoding=\"async\" width=\"800\" height=\"534\" src=\"https:\/\/icp-geologen.de\/wp-content\/uploads\/2025\/08\/soil-mechanics-images-5.jpg\" class=\"attachment-large size-large wp-image-1397\" alt=\"\" srcset=\"https:\/\/icp-geologen.de\/wp-content\/uploads\/2025\/08\/soil-mechanics-images-5.jpg 1000w, https:\/\/icp-geologen.de\/wp-content\/uploads\/2025\/08\/soil-mechanics-images-5-300x200.jpg 300w, https:\/\/icp-geologen.de\/wp-content\/uploads\/2025\/08\/soil-mechanics-images-5-768x512.jpg 768w, https:\/\/icp-geologen.de\/wp-content\/uploads\/2025\/08\/soil-mechanics-images-5-18x12.jpg 18w\" sizes=\"(max-width: 800px) 100vw, 800px\" \/><\/noscript>\t\t\t\t\t\t\t\t\t\t\t\t\t\t\t<\/div>\n\t\t\t\t<\/div>\n\t\t\t\t<\/div>\n\t\t\t\t<\/div>\n\t\t\t\t\t<\/div>\n\t\t\t\t<\/div>\n\t\t\t\t<\/div>","protected":false},"excerpt":{"rendered":"<p>Engineering for a better tomorrow Bodenmechanik Bodenmechanik und ihre Bedeutung f\u00fcr Bauprojekte Standardversuche der Bodenmechanik Erweiterte Versuche zum Bodenverhalten Bodenkennwerte und Konsistenzgrenzen Klassifizierungs- und Eignungspr\u00fcfungen Unser Labor f\u00fchrt eine Vielzahl normgerechter Standardpr\u00fcfungen durch, um die grundlegenden Eigenschaften des Bodens zu bestimmen \u2013 essenziell f\u00fcr Eignungsbewertungen: Korngr\u00f6\u00dfenverteilung: Nach DIN EN ISO 17892-4 oder DIN EN 933-1 [&hellip;]<\/p>","protected":false},"author":2,"featured_media":0,"parent":0,"menu_order":0,"comment_status":"closed","ping_status":"closed","template":"elementor_header_footer","meta":{"footnotes":""},"class_list":["post-1368","page","type-page","status-publish","hentry"],"_links":{"self":[{"href":"https:\/\/icp-geologen.de\/fr\/wp-json\/wp\/v2\/pages\/1368","targetHints":{"allow":["GET"]}}],"collection":[{"href":"https:\/\/icp-geologen.de\/fr\/wp-json\/wp\/v2\/pages"}],"about":[{"href":"https:\/\/icp-geologen.de\/fr\/wp-json\/wp\/v2\/types\/page"}],"author":[{"embeddable":true,"href":"https:\/\/icp-geologen.de\/fr\/wp-json\/wp\/v2\/users\/2"}],"replies":[{"embeddable":true,"href":"https:\/\/icp-geologen.de\/fr\/wp-json\/wp\/v2\/comments?post=1368"}],"version-history":[{"count":28,"href":"https:\/\/icp-geologen.de\/fr\/wp-json\/wp\/v2\/pages\/1368\/revisions"}],"predecessor-version":[{"id":1992,"href":"https:\/\/icp-geologen.de\/fr\/wp-json\/wp\/v2\/pages\/1368\/revisions\/1992"}],"wp:attachment":[{"href":"https:\/\/icp-geologen.de\/fr\/wp-json\/wp\/v2\/media?parent=1368"}],"curies":[{"name":"wp","href":"https:\/\/api.w.org\/{rel}","templated":true}]}}