{"id":1463,"date":"2025-08-15T07:29:26","date_gmt":"2025-08-15T07:29:26","guid":{"rendered":"https:\/\/stagging-site-test-wordpress.rz.mup-digital.com\/?page_id=1463"},"modified":"2025-09-22T03:22:26","modified_gmt":"2025-09-22T03:22:26","slug":"gebaeudeschadstoffkataster","status":"publish","type":"page","link":"https:\/\/icp-geologen.de\/fr\/gebaeudeschadstoffkataster\/","title":{"rendered":"Cadastre des polluants dans les b\u00e2timents"},"content":{"rendered":"<div data-elementor-type=\"wp-page\" data-elementor-id=\"1463\" class=\"elementor elementor-1463\" data-elementor-post-type=\"page\">\n\t\t\t\t<div class=\"elementor-element elementor-element-82e925e e-flex e-con-boxed e-con e-parent\" data-id=\"82e925e\" data-element_type=\"container\" data-settings=\"{&quot;background_background&quot;:&quot;video&quot;,&quot;background_video_link&quot;:&quot;https:\\\/\\\/stagging-site-test-wordpress.rz.mup-digital.com\\\/wp-content\\\/uploads\\\/2025\\\/08\\\/building-pollutant-cover.mp4&quot;,&quot;background_privacy_mode&quot;:&quot;yes&quot;,&quot;ekit_has_onepagescroll_dot&quot;:&quot;yes&quot;}\">\n\t\t\t\t\t<div class=\"e-con-inner\">\n\t\t<div class=\"elementor-background-video-container elementor-hidden-mobile\" aria-hidden=\"true\">\n\t\t\t\t\t\t\t<video class=\"elementor-background-video-hosted\" autoplay muted playsinline loop><\/video>\n\t\t\t\t\t<\/div>\t\t<div class=\"elementor-element elementor-element-1922fea elementor-widget elementor-widget-heading\" data-id=\"1922fea\" data-element_type=\"widget\" data-settings=\"{&quot;ekit_we_effect_on&quot;:&quot;none&quot;}\" data-widget_type=\"heading.default\">\n\t\t\t\t<div class=\"elementor-widget-container\">\n\t\t\t\t\t<h4 class=\"elementor-heading-title elementor-size-default\">Engineering for a better tomorrow<\/h4>\t\t\t\t<\/div>\n\t\t\t\t<\/div>\n\t\t\t\t<div class=\"elementor-element elementor-element-496d11a elementor-widget elementor-widget-heading\" data-id=\"496d11a\" data-element_type=\"widget\" data-settings=\"{&quot;ekit_we_effect_on&quot;:&quot;none&quot;}\" data-widget_type=\"heading.default\">\n\t\t\t\t<div class=\"elementor-widget-container\">\n\t\t\t\t\t<h1 class=\"elementor-heading-title elementor-size-default\">Cadastre des polluants dans les b\u00e2timents<\/h1>\t\t\t\t<\/div>\n\t\t\t\t<\/div>\n\t\t\t\t\t<\/div>\n\t\t\t\t<\/div>\n\t\t<div class=\"elementor-element elementor-element-70421f0 e-flex e-con-boxed e-con e-parent\" data-id=\"70421f0\" data-element_type=\"container\" data-settings=\"{&quot;background_background&quot;:&quot;classic&quot;,&quot;ekit_has_onepagescroll_dot&quot;:&quot;yes&quot;}\">\n\t\t\t\t\t<div class=\"e-con-inner\">\n\t\t\t\t<div class=\"elementor-element elementor-element-5e181ca elementor-widget elementor-widget-heading\" data-id=\"5e181ca\" data-element_type=\"widget\" data-settings=\"{&quot;ekit_we_effect_on&quot;:&quot;none&quot;}\" data-widget_type=\"heading.default\">\n\t\t\t\t<div class=\"elementor-widget-container\">\n\t\t\t\t\t<h2 class=\"elementor-heading-title elementor-size-default\">Fachgerechte Geb\u00e4udebegehungen und Schadstoffkataster f\u00fcr sichere Umnutzung<\/h2>\t\t\t\t<\/div>\n\t\t\t\t<\/div>\n\t\t\t\t<div class=\"elementor-element elementor-element-c7f6381 e-n-tabs-mobile elementor-widget elementor-widget-n-tabs\" data-id=\"c7f6381\" data-element_type=\"widget\" data-settings=\"{&quot;tabs_justify_horizontal&quot;:&quot;center&quot;,&quot;horizontal_scroll&quot;:&quot;disable&quot;,&quot;ekit_we_effect_on&quot;:&quot;none&quot;}\" data-widget_type=\"nested-tabs.default\">\n\t\t\t\t<div class=\"elementor-widget-container\">\n\t\t\t\t\t\t\t<div class=\"e-n-tabs\" data-widget-number=\"209675137\" aria-label=\"Tabs. Open items with Enter or Space, close with Escape and navigate using the Arrow keys.\">\n\t\t\t<div class=\"e-n-tabs-heading\" role=\"tablist\">\n\t\t\t\t\t<button id=\"e-n-tab-title-2096751371\" data-tab-title-id=\"e-n-tab-title-2096751371\" class=\"e-n-tab-title\" aria-selected=\"true\" data-tab-index=\"1\" role=\"tab\" tabindex=\"0\" aria-controls=\"e-n-tab-content-2096751371\" style=\"--n-tabs-title-order: 1;\">\n\t\t\t\t\t\t<span class=\"e-n-tab-title-text\">\n\t\t\t\tInspection des b\u00e2timents et inventaire des polluants\t\t\t<\/span>\n\t\t<\/button>\n\t\t\t\t<button id=\"e-n-tab-title-2096751372\" data-tab-title-id=\"e-n-tab-title-2096751372\" class=\"e-n-tab-title\" aria-selected=\"false\" data-tab-index=\"2\" role=\"tab\" tabindex=\"-1\" aria-controls=\"e-n-tab-content-2096751372\" style=\"--n-tabs-title-order: 2;\">\n\t\t\t\t\t\t<span class=\"e-n-tab-title-text\">\n\t\t\t\tRecensement et \u00e9valuation des polluants typiques des b\u00e2timents\t\t\t<\/span>\n\t\t<\/button>\n\t\t\t\t<button id=\"e-n-tab-title-2096751373\" data-tab-title-id=\"e-n-tab-title-2096751373\" class=\"e-n-tab-title\" aria-selected=\"false\" data-tab-index=\"3\" role=\"tab\" tabindex=\"-1\" aria-controls=\"e-n-tab-content-2096751373\" style=\"--n-tabs-title-order: 3;\">\n\t\t\t\t\t\t<span class=\"e-n-tab-title-text\">\n\t\t\t\tPlanification et accompagnement de la d\u00e9construction et de la r\u00e9habilitation\t\t\t<\/span>\n\t\t<\/button>\n\t\t\t\t<button id=\"e-n-tab-title-2096751374\" data-tab-title-id=\"e-n-tab-title-2096751374\" class=\"e-n-tab-title\" aria-selected=\"false\" data-tab-index=\"4\" role=\"tab\" tabindex=\"-1\" aria-controls=\"e-n-tab-content-2096751374\" style=\"--n-tabs-title-order: 4;\">\n\t\t\t\t\t\t<span class=\"e-n-tab-title-text\">\n\t\t\t\tDirection des travaux, contr\u00f4le et documentation\t\t\t<\/span>\n\t\t<\/button>\n\t\t\t\t\t<\/div>\n\t\t\t<div class=\"e-n-tabs-content\">\n\t\t\t\t<div id=\"e-n-tab-content-2096751371\" role=\"tabpanel\" aria-labelledby=\"e-n-tab-title-2096751371\" data-tab-index=\"1\" style=\"--n-tabs-title-order: 1;\" class=\"e-active elementor-element elementor-element-7e2726d e-con-full e-flex e-con e-child\" data-id=\"7e2726d\" data-element_type=\"container\" data-settings=\"{&quot;ekit_has_onepagescroll_dot&quot;:&quot;yes&quot;}\">\n\t\t\t\t<div class=\"elementor-element elementor-element-7d873da elementor-widget elementor-widget-image\" data-id=\"7d873da\" data-element_type=\"widget\" data-settings=\"{&quot;ekit_we_effect_on&quot;:&quot;none&quot;}\" data-widget_type=\"image.default\">\n\t\t\t\t<div class=\"elementor-widget-container\">\n\t\t\t\t\t\t\t\t\t\t\t\t\t\t\t<img fetchpriority=\"high\" decoding=\"async\" width=\"800\" height=\"450\" src=\"https:\/\/icp-geologen.de\/wp-content\/uploads\/2025\/08\/building-pollutant-2.jpg\" class=\"attachment-large size-large wp-image-1466\" alt=\"\" srcset=\"https:\/\/icp-geologen.de\/wp-content\/uploads\/2025\/08\/building-pollutant-2.jpg 1000w, https:\/\/icp-geologen.de\/wp-content\/uploads\/2025\/08\/building-pollutant-2-300x169.jpg 300w, https:\/\/icp-geologen.de\/wp-content\/uploads\/2025\/08\/building-pollutant-2-768x432.jpg 768w, https:\/\/icp-geologen.de\/wp-content\/uploads\/2025\/08\/building-pollutant-2-18x10.jpg 18w\" sizes=\"(max-width: 800px) 100vw, 800px\" \/>\t\t\t\t\t\t\t\t\t\t\t\t\t\t\t<\/div>\n\t\t\t\t<\/div>\n\t\t\t\t<div class=\"elementor-element elementor-element-0762380 para-color elementor-widget elementor-widget-text-editor\" data-id=\"0762380\" data-element_type=\"widget\" data-settings=\"{&quot;ekit_we_effect_on&quot;:&quot;none&quot;}\" data-widget_type=\"text-editor.default\">\n\t\t\t\t<div class=\"elementor-widget-container\">\n\t\t\t\t\t\t\t\t\t<p><strong>Geb\u00e4udebegehung:<\/strong> Vor-Ort-Untersuchung durch zertifizierte Fachgutachter mit Fokus auf verd\u00e4chtige Bauteile<\/p><p><strong>Probenahme:<\/strong> Materialentnahme zur Laboranalyse bei Verdacht auf Schadstoffe<\/p><p><strong>Bericht zum Schadstoffkataster:<\/strong><\/p><ul><li>Historie und Nutzungsgeschichte des Geb\u00e4udes<\/li><li>Bauweise und technische Installationen<\/li><li>Beschreibung und Bewertung der Schadstoffe<\/li><li>Empfehlungen zu R\u00fcckbau, Arbeitsschutz, Entsorgung<\/li><li>Mengenabsch\u00e4tzungen f\u00fcr belastete Materialien<\/li><\/ul><p><strong><br \/>Dokumentation:<\/strong> Lagepl\u00e4ne, Protokolle und Fotodokumentation<\/p>\t\t\t\t\t\t\t\t<\/div>\n\t\t\t\t<\/div>\n\t\t\t\t<\/div>\n\t\t<div id=\"e-n-tab-content-2096751372\" role=\"tabpanel\" aria-labelledby=\"e-n-tab-title-2096751372\" data-tab-index=\"2\" style=\"--n-tabs-title-order: 2;\" class=\"elementor-element elementor-element-4a5421e e-con-full e-flex e-con e-child\" data-id=\"4a5421e\" data-element_type=\"container\" data-settings=\"{&quot;ekit_has_onepagescroll_dot&quot;:&quot;yes&quot;}\">\n\t\t\t\t<div class=\"elementor-element elementor-element-ad9154f elementor-widget elementor-widget-image\" data-id=\"ad9154f\" data-element_type=\"widget\" data-settings=\"{&quot;ekit_we_effect_on&quot;:&quot;none&quot;}\" data-widget_type=\"image.default\">\n\t\t\t\t<div class=\"elementor-widget-container\">\n\t\t\t\t\t\t\t\t\t\t\t\t\t\t\t<img decoding=\"async\" width=\"800\" height=\"534\" data-src=\"https:\/\/icp-geologen.de\/wp-content\/uploads\/2025\/08\/building-pollutants.jpg\" class=\"attachment-large size-large wp-image-1479 lazyload\" alt=\"\" data-srcset=\"https:\/\/icp-geologen.de\/wp-content\/uploads\/2025\/08\/building-pollutants.jpg 1000w, https:\/\/icp-geologen.de\/wp-content\/uploads\/2025\/08\/building-pollutants-300x200.jpg 300w, https:\/\/icp-geologen.de\/wp-content\/uploads\/2025\/08\/building-pollutants-768x512.jpg 768w, https:\/\/icp-geologen.de\/wp-content\/uploads\/2025\/08\/building-pollutants-18x12.jpg 18w\" data-sizes=\"(max-width: 800px) 100vw, 800px\" src=\"data:image\/gif;base64,R0lGODlhAQABAAAAACH5BAEKAAEALAAAAAABAAEAAAICTAEAOw==\" style=\"--smush-placeholder-width: 800px; --smush-placeholder-aspect-ratio: 800\/534;\" \/><noscript><img decoding=\"async\" width=\"800\" height=\"534\" src=\"https:\/\/icp-geologen.de\/wp-content\/uploads\/2025\/08\/building-pollutants.jpg\" class=\"attachment-large size-large wp-image-1479\" alt=\"\" srcset=\"https:\/\/icp-geologen.de\/wp-content\/uploads\/2025\/08\/building-pollutants.jpg 1000w, https:\/\/icp-geologen.de\/wp-content\/uploads\/2025\/08\/building-pollutants-300x200.jpg 300w, https:\/\/icp-geologen.de\/wp-content\/uploads\/2025\/08\/building-pollutants-768x512.jpg 768w, https:\/\/icp-geologen.de\/wp-content\/uploads\/2025\/08\/building-pollutants-18x12.jpg 18w\" sizes=\"(max-width: 800px) 100vw, 800px\" \/><\/noscript>\t\t\t\t\t\t\t\t\t\t\t\t\t\t\t<\/div>\n\t\t\t\t<\/div>\n\t\t\t\t<div class=\"elementor-element elementor-element-b9a0b50 para-color elementor-widget elementor-widget-text-editor\" data-id=\"b9a0b50\" data-element_type=\"widget\" data-settings=\"{&quot;ekit_we_effect_on&quot;:&quot;none&quot;}\" data-widget_type=\"text-editor.default\">\n\t\t\t\t<div class=\"elementor-widget-container\">\n\t\t\t\t\t\t\t\t\t<p>Unsere Gutachter identifizieren und bewerten u.\u202fa. folgende schadstoffhaltige Materialien:<\/p><p><strong>Asbest:<\/strong><\/p><ul><li>In Putzen, Spachtelmassen, Klebern<\/li><li>In Dach- und Fassadenplatten<\/li><li>In Bodenbel\u00e4gen, Bremsbel\u00e4gen, Dichtungen<\/li><\/ul><p><strong><br \/>KMF (k\u00fcnstliche Mineralfasern):<\/strong><\/p><ul><li>In D\u00e4mmstoffen der Dach- und Rohrisolierung<\/li><li>In Fliesenklebern<\/li><\/ul><p><strong><br \/>PAK (polyzyklische aromatische Kohlenwasserstoffe):<\/strong><\/p><ul><li>In Dachpappen, Klebern, Rohrummantelungen<\/li><\/ul><p><strong><br \/>PCB (polychlorierte Biphenyle):<\/strong><\/p><ul><li>In Dichtungsmaterialien, Kondensatoren, Anstrichen<\/li><\/ul><p class=\"translation-block\"><strong><br>Holzschutzmittel (z.<\/strong><strong>\u202f<\/strong><strong>B. PCP, Lindan)<\/strong><\/p><ul><li>In tragenden Holzbauteilen oder Fu\u00dfb\u00f6den<\/li><\/ul>\t\t\t\t\t\t\t\t<\/div>\n\t\t\t\t<\/div>\n\t\t\t\t<\/div>\n\t\t<div id=\"e-n-tab-content-2096751373\" role=\"tabpanel\" aria-labelledby=\"e-n-tab-title-2096751373\" data-tab-index=\"3\" style=\"--n-tabs-title-order: 3;\" class=\"elementor-element elementor-element-c032d7e e-con-full e-flex e-con e-child\" data-id=\"c032d7e\" data-element_type=\"container\" data-settings=\"{&quot;ekit_has_onepagescroll_dot&quot;:&quot;yes&quot;}\">\n\t\t\t\t<div class=\"elementor-element elementor-element-82e05d2 elementor-widget elementor-widget-image\" data-id=\"82e05d2\" data-element_type=\"widget\" data-settings=\"{&quot;ekit_we_effect_on&quot;:&quot;none&quot;}\" data-widget_type=\"image.default\">\n\t\t\t\t<div class=\"elementor-widget-container\">\n\t\t\t\t\t\t\t\t\t\t\t\t\t\t\t<img decoding=\"async\" width=\"800\" height=\"534\" data-src=\"https:\/\/icp-geologen.de\/wp-content\/uploads\/2025\/08\/building-pollutant-1-1.jpg\" class=\"attachment-large size-large wp-image-1478 lazyload\" alt=\"\" data-srcset=\"https:\/\/icp-geologen.de\/wp-content\/uploads\/2025\/08\/building-pollutant-1-1.jpg 1000w, https:\/\/icp-geologen.de\/wp-content\/uploads\/2025\/08\/building-pollutant-1-1-300x200.jpg 300w, https:\/\/icp-geologen.de\/wp-content\/uploads\/2025\/08\/building-pollutant-1-1-768x512.jpg 768w, https:\/\/icp-geologen.de\/wp-content\/uploads\/2025\/08\/building-pollutant-1-1-18x12.jpg 18w\" data-sizes=\"(max-width: 800px) 100vw, 800px\" src=\"data:image\/gif;base64,R0lGODlhAQABAAAAACH5BAEKAAEALAAAAAABAAEAAAICTAEAOw==\" style=\"--smush-placeholder-width: 800px; --smush-placeholder-aspect-ratio: 800\/534;\" \/><noscript><img decoding=\"async\" width=\"800\" height=\"534\" src=\"https:\/\/icp-geologen.de\/wp-content\/uploads\/2025\/08\/building-pollutant-1-1.jpg\" class=\"attachment-large size-large wp-image-1478\" alt=\"\" srcset=\"https:\/\/icp-geologen.de\/wp-content\/uploads\/2025\/08\/building-pollutant-1-1.jpg 1000w, https:\/\/icp-geologen.de\/wp-content\/uploads\/2025\/08\/building-pollutant-1-1-300x200.jpg 300w, https:\/\/icp-geologen.de\/wp-content\/uploads\/2025\/08\/building-pollutant-1-1-768x512.jpg 768w, https:\/\/icp-geologen.de\/wp-content\/uploads\/2025\/08\/building-pollutant-1-1-18x12.jpg 18w\" sizes=\"(max-width: 800px) 100vw, 800px\" \/><\/noscript>\t\t\t\t\t\t\t\t\t\t\t\t\t\t\t<\/div>\n\t\t\t\t<\/div>\n\t\t\t\t<div class=\"elementor-element elementor-element-d3176e6 para-color elementor-widget elementor-widget-text-editor\" data-id=\"d3176e6\" data-element_type=\"widget\" data-settings=\"{&quot;ekit_we_effect_on&quot;:&quot;none&quot;}\" data-widget_type=\"text-editor.default\">\n\t\t\t\t<div class=\"elementor-widget-container\">\n\t\t\t\t\t\t\t\t\t<ul><li><strong>R\u00fcckbau- und Sanierungskonzepte:<\/strong> Objektbezogen und auf Schadstoffart sowie Geb\u00e4udestruktur abgestimmt<\/li><li><strong>Leistungsverzeichnisse f\u00fcr Ausschreibungen:<\/strong> Technisch fundierte Dokumente f\u00fcr die Vergabe belasteter R\u00fcckbauma\u00dfnahmen<\/li><li><strong>Fachbauleitung:<\/strong> \u00dcberwachung und Steuerung der R\u00fcckbau- und Entsorgungsma\u00dfnahmen gem\u00e4\u00df TRGS 519 \/ 524<\/li><li><strong>Freimessungen und Kontrolluntersuchungen:<\/strong> Nach Abschluss der Ma\u00dfnahmen zur rechtssicheren Dokumentation der Schadstofffreiheit<\/li><\/ul>\t\t\t\t\t\t\t\t<\/div>\n\t\t\t\t<\/div>\n\t\t\t\t<\/div>\n\t\t<div id=\"e-n-tab-content-2096751374\" role=\"tabpanel\" aria-labelledby=\"e-n-tab-title-2096751374\" data-tab-index=\"4\" style=\"--n-tabs-title-order: 4;\" class=\"elementor-element elementor-element-051c23b e-con-full e-flex e-con e-child\" data-id=\"051c23b\" data-element_type=\"container\" data-settings=\"{&quot;ekit_has_onepagescroll_dot&quot;:&quot;yes&quot;}\">\n\t\t\t\t<div class=\"elementor-element elementor-element-9a3c94f elementor-widget elementor-widget-image\" data-id=\"9a3c94f\" data-element_type=\"widget\" data-settings=\"{&quot;ekit_we_effect_on&quot;:&quot;none&quot;}\" data-widget_type=\"image.default\">\n\t\t\t\t<div class=\"elementor-widget-container\">\n\t\t\t\t\t\t\t\t\t\t\t\t\t\t\t<img loading=\"lazy\" decoding=\"async\" width=\"800\" height=\"532\" data-src=\"https:\/\/icp-geologen.de\/wp-content\/uploads\/2025\/08\/building-pollutant-2-1.jpg\" class=\"attachment-large size-large wp-image-1477 lazyload\" alt=\"\" data-srcset=\"https:\/\/icp-geologen.de\/wp-content\/uploads\/2025\/08\/building-pollutant-2-1.jpg 1000w, https:\/\/icp-geologen.de\/wp-content\/uploads\/2025\/08\/building-pollutant-2-1-300x200.jpg 300w, https:\/\/icp-geologen.de\/wp-content\/uploads\/2025\/08\/building-pollutant-2-1-768x511.jpg 768w, https:\/\/icp-geologen.de\/wp-content\/uploads\/2025\/08\/building-pollutant-2-1-18x12.jpg 18w\" data-sizes=\"(max-width: 800px) 100vw, 800px\" src=\"data:image\/gif;base64,R0lGODlhAQABAAAAACH5BAEKAAEALAAAAAABAAEAAAICTAEAOw==\" style=\"--smush-placeholder-width: 800px; --smush-placeholder-aspect-ratio: 800\/532;\" \/><noscript><img loading=\"lazy\" decoding=\"async\" width=\"800\" height=\"532\" src=\"https:\/\/icp-geologen.de\/wp-content\/uploads\/2025\/08\/building-pollutant-2-1.jpg\" class=\"attachment-large size-large wp-image-1477\" alt=\"\" srcset=\"https:\/\/icp-geologen.de\/wp-content\/uploads\/2025\/08\/building-pollutant-2-1.jpg 1000w, https:\/\/icp-geologen.de\/wp-content\/uploads\/2025\/08\/building-pollutant-2-1-300x200.jpg 300w, https:\/\/icp-geologen.de\/wp-content\/uploads\/2025\/08\/building-pollutant-2-1-768x511.jpg 768w, https:\/\/icp-geologen.de\/wp-content\/uploads\/2025\/08\/building-pollutant-2-1-18x12.jpg 18w\" sizes=\"(max-width: 800px) 100vw, 800px\" \/><\/noscript>\t\t\t\t\t\t\t\t\t\t\t\t\t\t\t<\/div>\n\t\t\t\t<\/div>\n\t\t\t\t<div class=\"elementor-element elementor-element-a9eb5cb para-color elementor-widget elementor-widget-text-editor\" data-id=\"a9eb5cb\" data-element_type=\"widget\" data-settings=\"{&quot;ekit_we_effect_on&quot;:&quot;none&quot;}\" data-widget_type=\"text-editor.default\">\n\t\t\t\t<div class=\"elementor-widget-container\">\n\t\t\t\t\t\t\t\t\t<ul><li><strong>Monitoring und Begleitung:<\/strong> Laufende \u00dcberwachung der R\u00fcckbauma\u00dfnahmen vor Ort<\/li><li><strong>Beratung &amp; Beh\u00f6rdenabstimmung:<\/strong> Unterst\u00fctzung bei Genehmigungen, Fachgespr\u00e4chen und Umsetzungsplanung<\/li><li><strong>Abschlussberichte:<\/strong> Umfangreiche Dokumentation mit Fotodokumentation, Lagepl\u00e4nen, Probenahmeprotokollen und rechtssicheren Nachweisen<\/li><\/ul>\t\t\t\t\t\t\t\t<\/div>\n\t\t\t\t<\/div>\n\t\t\t\t<\/div>\n\t\t\t\t\t<\/div>\n\t\t<\/div>\n\t\t\t\t\t\t<\/div>\n\t\t\t\t<\/div>\n\t\t\t\t\t<\/div>\n\t\t\t\t<\/div>\n\t\t<div class=\"elementor-element elementor-element-cb8cb35 e-flex e-con-boxed e-con e-parent\" data-id=\"cb8cb35\" data-element_type=\"container\" data-settings=\"{&quot;ekit_has_onepagescroll_dot&quot;:&quot;yes&quot;}\">\n\t\t\t\t\t<div class=\"e-con-inner\">\n\t\t<div class=\"elementor-element elementor-element-b70aa69 e-con-full e-flex e-con e-child\" data-id=\"b70aa69\" data-element_type=\"container\" data-settings=\"{&quot;ekit_has_onepagescroll_dot&quot;:&quot;yes&quot;}\">\n\t\t<div class=\"elementor-element elementor-element-926619d e-con-full e-flex e-con e-child\" data-id=\"926619d\" data-element_type=\"container\" data-settings=\"{&quot;ekit_has_onepagescroll_dot&quot;:&quot;yes&quot;}\">\n\t\t\t\t<div class=\"elementor-element elementor-element-ddbea1f elementor-widget elementor-widget-heading\" data-id=\"ddbea1f\" data-element_type=\"widget\" data-settings=\"{&quot;ekit_we_effect_on&quot;:&quot;none&quot;}\" data-widget_type=\"heading.default\">\n\t\t\t\t<div class=\"elementor-widget-container\">\n\t\t\t\t\t<h4 class=\"elementor-heading-title elementor-size-default\">ICP INGENIEURE GmbH<\/h4>\t\t\t\t<\/div>\n\t\t\t\t<\/div>\n\t\t\t\t<div class=\"elementor-element elementor-element-6e27884 elementor-widget elementor-widget-heading\" data-id=\"6e27884\" data-element_type=\"widget\" data-settings=\"{&quot;ekit_we_effect_on&quot;:&quot;none&quot;}\" data-widget_type=\"heading.default\">\n\t\t\t\t<div class=\"elementor-widget-container\">\n\t\t\t\t\t<h2 class=\"elementor-heading-title elementor-size-default\">GEB\u00c4UDESCHADSTOFFKATASTER<\/h2>\t\t\t\t<\/div>\n\t\t\t\t<\/div>\n\t\t\t\t<div class=\"elementor-element elementor-element-666ac3a para-color elementor-widget elementor-widget-text-editor\" data-id=\"666ac3a\" data-element_type=\"widget\" data-settings=\"{&quot;ekit_we_effect_on&quot;:&quot;none&quot;}\" data-widget_type=\"text-editor.default\">\n\t\t\t\t<div class=\"elementor-widget-container\">\n\t\t\t\t\t\t\t\t\t<p>Bei der Erschlie\u00dfung oder Neugestaltung von Grundst\u00fccken st\u00f6\u00dft man h\u00e4ufig auf Relikte vorheriger Nutzungen \u2013 nicht nur auf Altlasten im Boden, sondern auch auf alte Bestandsgeb\u00e4ude mit schadstoffhaltigen Bauteilen. Diese k\u00f6nnen erhebliche Gesundheits- und Umweltrisiken darstellen.<\/p><p>Die <strong>ICP Ingenieure GmbH<\/strong> erstellt auf Basis einer qualifizierten Geb\u00e4udebegehung und Probenahme ein detailliertes Geb\u00e4udeschadstoffkataster. Dieses dokumentiert alle festgestellten Verdachtsmaterialien und bewertet deren Schadstoffpotenzial. Damit schaffen wir die Grundlage f\u00fcr eine sichere R\u00fcckbauma\u00dfnahme, f\u00fcr rechtssichere Entsorgung gem\u00e4\u00df Kreislaufwirtschaftsgesetz und f\u00fcr den Schutz von Besch\u00e4ftigten und Umwelt.<\/p><p class=\"translation-block\">Unsere Fachgutachter verf\u00fcgen \u00fcber anerkannte Sachkunde gem\u00e4\u00df <strong>TRGS 519 (Asbest)<\/strong> und <strong>TRGS 524 (kontaminierte Bereiche)<\/strong>. Durch regelm\u00e4\u00dfige Fortbildungen bleiben sie stets auf dem neuesten Stand der Technik und Rechtslage.<\/p><h5><strong>Weitere Aspekte beim Geb\u00e4udeschadstoffkataster<\/strong><\/h5><p>Die Erstellung und Anwendung eines Schadstoffkatasters folgt vier zentralen Grunds\u00e4tzen, um Sicherheit, Rechtskonformit\u00e4t und Projekterfolg zu gew\u00e4hrleisten:<\/p><ul><li><strong>Rechtskonformit\u00e4t:<\/strong> Einhaltung aller gesetzlichen Vorgaben (z.\u202fB. TRGS 519\/524, KrWG), um Haftungsrisiken und Baustopps zu vermeiden<\/li><li><strong>Kalkulationssicherheit:<\/strong> Exakte Kostenermittlung f\u00fcr R\u00fcckbau, Sanierung und Entsorgung \u2013 f\u00fcr realistische Budgetierung<\/li><li><strong>Zeit- und Ma\u00dfnahmenplanung:<\/strong> Planbare Arbeitsschritte und pr\u00e4zise Absch\u00e4tzungen des Zeitbedarfs<\/li><li><strong>Sicherer R\u00fcckbau:<\/strong> Schutz der Geb\u00e4udenutzer, Arbeitskr\u00e4fte und Umwelt durch fr\u00fchzeitige Risikobewertung und klare Handlungsempfehlungen<\/li><\/ul>\t\t\t\t\t\t\t\t<\/div>\n\t\t\t\t<\/div>\n\t\t\t\t<\/div>\n\t\t<div class=\"elementor-element elementor-element-0310b0c e-con-full e-flex e-con e-child\" data-id=\"0310b0c\" data-element_type=\"container\" data-settings=\"{&quot;ekit_has_onepagescroll_dot&quot;:&quot;yes&quot;}\">\n\t\t\t\t<div class=\"elementor-element elementor-element-b955e57 elementor-widget elementor-widget-image\" data-id=\"b955e57\" data-element_type=\"widget\" data-settings=\"{&quot;ekit_we_effect_on&quot;:&quot;none&quot;}\" data-widget_type=\"image.default\">\n\t\t\t\t<div class=\"elementor-widget-container\">\n\t\t\t\t\t\t\t\t\t\t\t\t\t\t\t<img loading=\"lazy\" decoding=\"async\" width=\"668\" height=\"1000\" data-src=\"https:\/\/icp-geologen.de\/wp-content\/uploads\/2025\/08\/building-pollutant-3.jpg\" class=\"attachment-large size-large wp-image-1467 lazyload\" alt=\"\" data-srcset=\"https:\/\/icp-geologen.de\/wp-content\/uploads\/2025\/08\/building-pollutant-3.jpg 668w, https:\/\/icp-geologen.de\/wp-content\/uploads\/2025\/08\/building-pollutant-3-200x300.jpg 200w, https:\/\/icp-geologen.de\/wp-content\/uploads\/2025\/08\/building-pollutant-3-8x12.jpg 8w\" data-sizes=\"(max-width: 668px) 100vw, 668px\" src=\"data:image\/gif;base64,R0lGODlhAQABAAAAACH5BAEKAAEALAAAAAABAAEAAAICTAEAOw==\" style=\"--smush-placeholder-width: 668px; --smush-placeholder-aspect-ratio: 668\/1000;\" \/><noscript><img loading=\"lazy\" decoding=\"async\" width=\"668\" height=\"1000\" src=\"https:\/\/icp-geologen.de\/wp-content\/uploads\/2025\/08\/building-pollutant-3.jpg\" class=\"attachment-large size-large wp-image-1467\" alt=\"\" srcset=\"https:\/\/icp-geologen.de\/wp-content\/uploads\/2025\/08\/building-pollutant-3.jpg 668w, https:\/\/icp-geologen.de\/wp-content\/uploads\/2025\/08\/building-pollutant-3-200x300.jpg 200w, https:\/\/icp-geologen.de\/wp-content\/uploads\/2025\/08\/building-pollutant-3-8x12.jpg 8w\" sizes=\"(max-width: 668px) 100vw, 668px\" \/><\/noscript>\t\t\t\t\t\t\t\t\t\t\t\t\t\t\t<\/div>\n\t\t\t\t<\/div>\n\t\t\t\t<\/div>\n\t\t\t\t<\/div>\n\t\t\t\t\t<\/div>\n\t\t\t\t<\/div>\n\t\t\t\t<\/div>","protected":false},"excerpt":{"rendered":"<p>Engineering for a better tomorrow Geb\u00e4udeschadstoffkataster Fachgerechte Geb\u00e4udebegehungen und Schadstoffkataster f\u00fcr sichere Umnutzung Geb\u00e4udebegehung und Schadstoffkataster Erfassung und Bewertung typischer Geb\u00e4udeschadstoffe Planung und Begleitung von R\u00fcckbau und Sanierung Fachbauleitung, Kontrolle und Dokumentation Geb\u00e4udebegehung: Vor-Ort-Untersuchung durch zertifizierte Fachgutachter mit Fokus auf verd\u00e4chtige Bauteile Probenahme: Materialentnahme zur Laboranalyse bei Verdacht auf Schadstoffe Bericht zum Schadstoffkataster: Historie und [&hellip;]<\/p>","protected":false},"author":2,"featured_media":0,"parent":0,"menu_order":0,"comment_status":"closed","ping_status":"closed","template":"elementor_header_footer","meta":{"footnotes":""},"class_list":["post-1463","page","type-page","status-publish","hentry"],"_links":{"self":[{"href":"https:\/\/icp-geologen.de\/fr\/wp-json\/wp\/v2\/pages\/1463","targetHints":{"allow":["GET"]}}],"collection":[{"href":"https:\/\/icp-geologen.de\/fr\/wp-json\/wp\/v2\/pages"}],"about":[{"href":"https:\/\/icp-geologen.de\/fr\/wp-json\/wp\/v2\/types\/page"}],"author":[{"embeddable":true,"href":"https:\/\/icp-geologen.de\/fr\/wp-json\/wp\/v2\/users\/2"}],"replies":[{"embeddable":true,"href":"https:\/\/icp-geologen.de\/fr\/wp-json\/wp\/v2\/comments?post=1463"}],"version-history":[{"count":31,"href":"https:\/\/icp-geologen.de\/fr\/wp-json\/wp\/v2\/pages\/1463\/revisions"}],"predecessor-version":[{"id":1983,"href":"https:\/\/icp-geologen.de\/fr\/wp-json\/wp\/v2\/pages\/1463\/revisions\/1983"}],"wp:attachment":[{"href":"https:\/\/icp-geologen.de\/fr\/wp-json\/wp\/v2\/media?parent=1463"}],"curies":[{"name":"wp","href":"https:\/\/api.w.org\/{rel}","templated":true}]}}