{"id":393,"date":"2025-02-06T09:55:26","date_gmt":"2025-02-06T09:55:26","guid":{"rendered":"https:\/\/stagging-site-test-wordpress.rz.mup-digital.com\/?page_id=393"},"modified":"2025-02-06T11:51:37","modified_gmt":"2025-02-06T11:51:37","slug":"soziales-engagement","status":"publish","type":"page","link":"https:\/\/icp-geologen.de\/fr\/soziales-engagement\/","title":{"rendered":"Soziales Engagement"},"content":{"rendered":"<div data-elementor-type=\"wp-page\" data-elementor-id=\"393\" class=\"elementor elementor-393\" data-elementor-post-type=\"page\">\n\t\t\t\t<div class=\"elementor-element elementor-element-98e6265 e-flex e-con-boxed e-con e-parent\" data-id=\"98e6265\" data-element_type=\"container\" data-settings=\"{&quot;background_background&quot;:&quot;classic&quot;,&quot;ekit_has_onepagescroll_dot&quot;:&quot;yes&quot;}\">\n\t\t\t\t\t<div class=\"e-con-inner\">\n\t\t\t\t<div class=\"elementor-element elementor-element-f19e170 elementor-widget elementor-widget-heading\" data-id=\"f19e170\" data-element_type=\"widget\" data-settings=\"{&quot;ekit_we_effect_on&quot;:&quot;none&quot;}\" data-widget_type=\"heading.default\">\n\t\t\t\t<div class=\"elementor-widget-container\">\n\t\t\t\t\t<h4 class=\"elementor-heading-title elementor-size-default\">Engineering for a better tomorrow<\/h4>\t\t\t\t<\/div>\n\t\t\t\t<\/div>\n\t\t\t\t<div class=\"elementor-element elementor-element-7810862 elementor-widget elementor-widget-heading\" data-id=\"7810862\" data-element_type=\"widget\" data-settings=\"{&quot;ekit_we_effect_on&quot;:&quot;none&quot;}\" data-widget_type=\"heading.default\">\n\t\t\t\t<div class=\"elementor-widget-container\">\n\t\t\t\t\t<h1 class=\"elementor-heading-title elementor-size-default\">Soziales Engagement<\/h1>\t\t\t\t<\/div>\n\t\t\t\t<\/div>\n\t\t\t\t\t<\/div>\n\t\t\t\t<\/div>\n\t\t<div class=\"elementor-element elementor-element-9b09a96 e-flex e-con-boxed e-con e-parent\" data-id=\"9b09a96\" data-element_type=\"container\" data-settings=\"{&quot;background_background&quot;:&quot;classic&quot;,&quot;ekit_has_onepagescroll_dot&quot;:&quot;yes&quot;}\">\n\t\t\t\t\t<div class=\"e-con-inner\">\n\t\t<div class=\"elementor-element elementor-element-9394d6c e-con-full e-flex e-con e-child\" data-id=\"9394d6c\" data-element_type=\"container\" data-settings=\"{&quot;ekit_has_onepagescroll_dot&quot;:&quot;yes&quot;}\">\n\t\t<div class=\"elementor-element elementor-element-73d861c e-con-full e-flex e-con e-child\" data-id=\"73d861c\" data-element_type=\"container\" data-settings=\"{&quot;ekit_has_onepagescroll_dot&quot;:&quot;yes&quot;}\">\n\t\t\t\t<div class=\"elementor-element elementor-element-4466894 elementor-widget__width-initial elementor-widget elementor-widget-heading\" data-id=\"4466894\" data-element_type=\"widget\" data-settings=\"{&quot;ekit_we_effect_on&quot;:&quot;none&quot;}\" data-widget_type=\"heading.default\">\n\t\t\t\t<div class=\"elementor-widget-container\">\n\t\t\t\t\t<h2 class=\"elementor-heading-title elementor-size-default\">Soziales Engagement: \u00dcber den Tellerrand Hinaus<\/h2>\t\t\t\t<\/div>\n\t\t\t\t<\/div>\n\t\t\t\t<div class=\"elementor-element elementor-element-f6331d8 para-color elementor-widget elementor-widget-text-editor\" data-id=\"f6331d8\" data-element_type=\"widget\" data-settings=\"{&quot;ekit_we_effect_on&quot;:&quot;none&quot;}\" data-widget_type=\"text-editor.default\">\n\t\t\t\t<div class=\"elementor-widget-container\">\n\t\t\t\t\t\t\t\t\t<p>Neben Nachhaltigkeit ist uns soziales Engagement sehr wichtig. Aus diesem Grund schauen wir \u00fcber den Tellerrand hinaus und unterst\u00fctzen einige Projekte aus unterschiedlichsten Bereichen.<\/p>\t\t\t\t\t\t\t\t<\/div>\n\t\t\t\t<\/div>\n\t\t\t\t<div class=\"elementor-element elementor-element-5fdc96b elementor-widget__width-initial elementor-widget elementor-widget-elementskit-client-logo\" data-id=\"5fdc96b\" data-element_type=\"widget\" data-settings=\"{&quot;ekit_we_effect_on&quot;:&quot;none&quot;}\" data-widget_type=\"elementskit-client-logo.default\">\n\t\t\t\t<div class=\"elementor-widget-container\">\n\t\t\t\t\t<div class=\"ekit-wid-con\" >\t\t<div class=\"elementskit-clients-slider  simple_logo_image\" data-config=\"{&quot;rtl&quot;:false,&quot;arrows&quot;:false,&quot;dots&quot;:false,&quot;autoplay&quot;:true,&quot;speed&quot;:1000,&quot;slidesPerView&quot;:3,&quot;slidesPerGroup&quot;:1,&quot;pauseOnHover&quot;:true,&quot;loop&quot;:false,&quot;breakpoints&quot;:{&quot;320&quot;:{&quot;slidesPerView&quot;:1,&quot;slidesPerGroup&quot;:1,&quot;spaceBetween&quot;:10},&quot;768&quot;:{&quot;slidesPerView&quot;:2,&quot;slidesPerGroup&quot;:1,&quot;spaceBetween&quot;:10},&quot;1024&quot;:{&quot;slidesPerView&quot;:3,&quot;slidesPerGroup&quot;:1,&quot;spaceBetween&quot;:15}}}\" data-direction=\"\">\n\t\t\t<div class=\"ekit-main-swiper swiper\">\n\t\t\t\t<div class=\"swiper-wrapper\">\n\t\t\t\t\t\t\t\t\t\t\t<div class=\"elementskit-client-slider-item swiper-slide\">\n\t\t\t\t\t\t\t<div class=\"swiper-slide-inner\">\n\t\t\t\t\t\t\t\t<div class=\"single-client image-switcher\" title=\"Title #1\">\n\t\t\t\t\t\t\t\t\t\t\t\t\t\t\t\t\t\t\t<div class=\"content-image\">\n\t\t\t\t\t\t\t\t\t\t\t<img fetchpriority=\"high\" decoding=\"async\" width=\"640\" height=\"324\" src=\"https:\/\/icp-geologen.de\/wp-content\/uploads\/2025\/02\/Klasse2000.jpg\" class=\"\" alt=\"\" srcset=\"https:\/\/icp-geologen.de\/wp-content\/uploads\/2025\/02\/Klasse2000.jpg 640w, https:\/\/icp-geologen.de\/wp-content\/uploads\/2025\/02\/Klasse2000-300x152.jpg 300w\" sizes=\"(max-width: 640px) 100vw, 640px\" \/>\t\t\t\t\t\t\t\t\t\t<\/div>\n\t\t\t\t\t\t\t\t\t\t\t\t\t\t\t\t\t<\/div>\n\t\t\t\t\t\t\t<\/div>\n\t\t\t\t\t\t<\/div>\n\t\t\t\t\t\t\t\t\t\t\t<div class=\"elementskit-client-slider-item swiper-slide\">\n\t\t\t\t\t\t\t<div class=\"swiper-slide-inner\">\n\t\t\t\t\t\t\t\t<div class=\"single-client image-switcher\" title=\"Title #3\">\n\t\t\t\t\t\t\t\t\t\t\t\t\t\t\t\t\t\t\t<div class=\"content-image\">\n\t\t\t\t\t\t\t\t\t\t\t<img decoding=\"async\" width=\"224\" height=\"159\" data-src=\"https:\/\/icp-geologen.de\/wp-content\/uploads\/2025\/02\/SGBirkenhoerdt-Vorderweidenthal-e1738836217152.jpg\" alt=\"\" src=\"data:image\/gif;base64,R0lGODlhAQABAAAAACH5BAEKAAEALAAAAAABAAEAAAICTAEAOw==\" class=\"lazyload\" style=\"--smush-placeholder-width: 224px; --smush-placeholder-aspect-ratio: 224\/159;\" \/><noscript><img decoding=\"async\" width=\"224\" height=\"159\" src=\"https:\/\/icp-geologen.de\/wp-content\/uploads\/2025\/02\/SGBirkenhoerdt-Vorderweidenthal-e1738836217152.jpg\" class=\"\" alt=\"\" \/><\/noscript>\t\t\t\t\t\t\t\t\t\t<\/div>\n\t\t\t\t\t\t\t\t\t\t\t\t\t\t\t\t\t<\/div>\n\t\t\t\t\t\t\t<\/div>\n\t\t\t\t\t\t<\/div>\n\t\t\t\t\t\t\t\t\t\t\t<div class=\"elementskit-client-slider-item swiper-slide\">\n\t\t\t\t\t\t\t<div class=\"swiper-slide-inner\">\n\t\t\t\t\t\t\t\t<div class=\"single-client image-switcher\" title=\"Title #2\">\n\t\t\t\t\t\t\t\t\t\t\t\t\t\t\t\t\t\t\t<div class=\"content-image\">\n\t\t\t\t\t\t\t\t\t\t\t<img decoding=\"async\" width=\"180\" height=\"180\" data-src=\"https:\/\/icp-geologen.de\/wp-content\/uploads\/2025\/02\/Logo_SVR.png\" alt=\"\" data-srcset=\"https:\/\/icp-geologen.de\/wp-content\/uploads\/2025\/02\/Logo_SVR.png 180w, https:\/\/icp-geologen.de\/wp-content\/uploads\/2025\/02\/Logo_SVR-150x150.png 150w\" data-sizes=\"(max-width: 180px) 100vw, 180px\" src=\"data:image\/gif;base64,R0lGODlhAQABAAAAACH5BAEKAAEALAAAAAABAAEAAAICTAEAOw==\" class=\"lazyload\" style=\"--smush-placeholder-width: 180px; --smush-placeholder-aspect-ratio: 180\/180;\" \/><noscript><img decoding=\"async\" width=\"180\" height=\"180\" src=\"https:\/\/icp-geologen.de\/wp-content\/uploads\/2025\/02\/Logo_SVR.png\" class=\"\" alt=\"\" srcset=\"https:\/\/icp-geologen.de\/wp-content\/uploads\/2025\/02\/Logo_SVR.png 180w, https:\/\/icp-geologen.de\/wp-content\/uploads\/2025\/02\/Logo_SVR-150x150.png 150w\" sizes=\"(max-width: 180px) 100vw, 180px\" \/><\/noscript>\t\t\t\t\t\t\t\t\t\t<\/div>\n\t\t\t\t\t\t\t\t\t\t\t\t\t\t\t\t\t<\/div>\n\t\t\t\t\t\t\t<\/div>\n\t\t\t\t\t\t<\/div>\n\t\t\t\t\t\t\t\t\t<\/div>\n\n\t\t\t\t\n\t\t\t\t\t\t\t<\/div><!-- .elementskit-clients-slider END -->\n\t\t<\/div>\n\t\t<\/div>\t\t\t\t<\/div>\n\t\t\t\t<\/div>\n\t\t\t\t<\/div>\n\t\t\t\t<\/div>\n\t\t\t\t\t<\/div>\n\t\t\t\t<\/div>\n\t\t\t\t<\/div>","protected":false},"excerpt":{"rendered":"<p>Engineering for a better tomorrow Soziales Engagement Soziales Engagement: \u00dcber den Tellerrand Hinaus Neben Nachhaltigkeit ist uns soziales Engagement sehr wichtig. Aus diesem Grund schauen wir \u00fcber den Tellerrand hinaus und unterst\u00fctzen einige Projekte aus unterschiedlichsten Bereichen.<\/p>","protected":false},"author":2,"featured_media":0,"parent":0,"menu_order":0,"comment_status":"closed","ping_status":"closed","template":"elementor_header_footer","meta":{"footnotes":""},"class_list":["post-393","page","type-page","status-publish","hentry"],"_links":{"self":[{"href":"https:\/\/icp-geologen.de\/fr\/wp-json\/wp\/v2\/pages\/393","targetHints":{"allow":["GET"]}}],"collection":[{"href":"https:\/\/icp-geologen.de\/fr\/wp-json\/wp\/v2\/pages"}],"about":[{"href":"https:\/\/icp-geologen.de\/fr\/wp-json\/wp\/v2\/types\/page"}],"author":[{"embeddable":true,"href":"https:\/\/icp-geologen.de\/fr\/wp-json\/wp\/v2\/users\/2"}],"replies":[{"embeddable":true,"href":"https:\/\/icp-geologen.de\/fr\/wp-json\/wp\/v2\/comments?post=393"}],"version-history":[{"count":7,"href":"https:\/\/icp-geologen.de\/fr\/wp-json\/wp\/v2\/pages\/393\/revisions"}],"predecessor-version":[{"id":424,"href":"https:\/\/icp-geologen.de\/fr\/wp-json\/wp\/v2\/pages\/393\/revisions\/424"}],"wp:attachment":[{"href":"https:\/\/icp-geologen.de\/fr\/wp-json\/wp\/v2\/media?parent=393"}],"curies":[{"name":"wp","href":"https:\/\/api.w.org\/{rel}","templated":true}]}}